{"id":1009,"date":"2013-01-16T14:57:51","date_gmt":"2013-01-16T13:57:51","guid":{"rendered":"http:\/\/www.noubarris.net\/relligantnb\/?page_id=1009"},"modified":"2013-01-17T16:24:20","modified_gmt":"2013-01-17T15:24:20","slug":"com-lleguir-qr","status":"publish","type":"page","link":"https:\/\/www.noubarris.net\/relligantnb\/?page_id=1009","title":{"rendered":"Com llegir un codi QR"},"content":{"rendered":"<p style=\"text-align: justify;\">Per poder llegir un Codi QR, cal tenir instal\u00b7lat un lector al terminal des del qual fer la lectura. El terminal ha de disposar, l\u00f2gicament, de c\u00e0mera fotogr\u00e0fica, ja que els lectors fan la captura utilitzant la c\u00e0mera del terminal.<br \/>\nExisteixen actualment molts lectors de codis QR o QR Codes per als principals fabricants de terminals i sistemes, existint lectors gratu\u00efts de qualitat.<\/p>\n<p style=\"text-align: justify;\">A la seg\u00fcent llista hem recopilat els lectors de QR Codes m\u00e9s populars:<\/p>\n<p style=\"text-align: justify;\"><b>I.nigma Reader:<\/b><\/p>\n<p style=\"text-align: justify;\">Segurament \u00e9s el lector m\u00e9s popular i est\u00e0 adaptat a una \u00e0mplia gamma de terminals i plataformes. Aquest lector permet compartir el codi llegit f\u00e0cilment via sms, xarxes socials com Facebook o Twitter o visualitzant el Qr en panatalla perqu\u00e8 pugui ser llegit novament des d\u2019un altre terminal.<\/p>\n<p style=\"text-align: justify;\">Aquesta aplicaci\u00f3 es pot descarregar a trav\u00e9s d\u2019App Store, Android Market i BlackBerry App World<\/p>\n<figure id=\"attachment_1018\" aria-describedby=\"caption-attachment-1018\" style=\"width: 132px\" class=\"wp-caption alignleft\"><img loading=\"lazy\" decoding=\"async\" class=\"wp-image-1018 \" title=\"I.nigma Reader\" alt=\"I.nigma\" src=\"http:\/\/www.noubarris.net\/relligantnb\/wp-content\/uploads\/I.nigma_.png\" width=\"132\" height=\"132\" srcset=\"https:\/\/www.noubarris.net\/relligantnb\/wp-content\/uploads\/I.nigma_.png 164w, https:\/\/www.noubarris.net\/relligantnb\/wp-content\/uploads\/I.nigma_-150x150.png 150w, https:\/\/www.noubarris.net\/relligantnb\/wp-content\/uploads\/I.nigma_-50x50.png 50w, https:\/\/www.noubarris.net\/relligantnb\/wp-content\/uploads\/I.nigma_-144x144.png 144w\" sizes=\"(max-width: 132px) 100vw, 132px\" \/><figcaption id=\"caption-attachment-1018\" class=\"wp-caption-text\">I.nigma Reader<\/figcaption><\/figure>\n<p style=\"text-align: justify;\">Url de desc\u00e0rrega:<\/p>\n<ul style=\"text-align: justify;\">\n<li><a style=\"font-size: 16px;\" href=\"http:\/\/www.i-nigma.com\/Downloadi-nigmaReader.html\">http:\/\/www.i-nigma.com\/Downloadi-nigmaReader.html<\/a><\/li>\n<li><a style=\"font-size: 16px;\" href=\"http:\/\/itunes.apple.com\/app\/i-nigma-4-qr-datamatrix-barcode\/id388923203?mt=8\" target=\"_blank\">App Store<\/a><\/li>\n<li><a style=\"font-size: 16px;\" href=\"https:\/\/market.android.com\/details?id=com.threegvision.products.inigma.Android\" target=\"_blank\">Android Market<\/a><\/li>\n<li><a style=\"font-size: 16px;\" href=\"http:\/\/appworld.blackberry.com\/webstore\/content\/27049?lang=en\">BlackBerry App World<\/a><\/li>\n<\/ul>\n<p style=\"text-align: justify;\"><b>\u00a0<\/b><\/p>\n<p style=\"text-align: justify;\"><b>\u00a0<\/b><\/p>\n<p style=\"text-align: justify;\"><b style=\"font-size: 16px;\">Beetag Reader:<\/b><\/p>\n<p style=\"text-align: justify;\">\u00c9s un lector potent que permet llegir codis bidimensionals QR, DataMatrix i un codi bidimensional creat per la pr\u00f2pia empresa BeetagCode, a m\u00e9s a m\u00e9s tamb\u00e9 est\u00e0 preparat per llegir codis de barres unidireccionals del tipus EAN-13\/UPC-A.<\/p>\n<p style=\"text-align: justify;\">Est\u00e0 adaptat a les seg\u00fcents plataformes: Android \u2013 iPhone \u2013 Bada \u2013 BlackBerry \u2013 BlackBerry Touch \u2013 J2ME \u2013 PalmOS 5.x \u2013 Symbian S60 2nd \u2013 Symbian S60 3rd \u2013 Symbian S60 5th \u2013 Symbian UIQ2 \u2013 Symbian UIQ3 \u2013 Windows Mobile 5, 6, 6.5 \u2013 Windows Phone 7.<\/p>\n<figure id=\"attachment_1017\" aria-describedby=\"caption-attachment-1017\" style=\"width: 132px\" class=\"wp-caption alignright\"><img loading=\"lazy\" decoding=\"async\" class=\"wp-image-1017 \" title=\"Beetag Reader\" alt=\"Beetag\" src=\"http:\/\/www.noubarris.net\/relligantnb\/wp-content\/uploads\/Beetag.png\" width=\"132\" height=\"132\" srcset=\"https:\/\/www.noubarris.net\/relligantnb\/wp-content\/uploads\/Beetag.png 132w, https:\/\/www.noubarris.net\/relligantnb\/wp-content\/uploads\/Beetag-50x50.png 50w\" sizes=\"(max-width: 132px) 100vw, 132px\" \/><figcaption id=\"caption-attachment-1017\" class=\"wp-caption-text\">Beetag Reader<\/figcaption><\/figure>\n<p style=\"text-align: justify;\">\u00a0Url Desc\u00e0rrega:<\/p>\n<ul style=\"text-align: justify;\">\n<li><a style=\"font-size: 16px;\" href=\"http:\/\/www.beetagg.com\/en\/download-qr-reader\/\">http:\/\/www.beetagg.com\/en\/download-qr-reader\/<\/a><\/li>\n<li><a style=\"font-size: 16px;\" href=\"http:\/\/get.beetagg.com\/\">http:\/\/get.beetagg.com<\/a><span style=\"font-size: 16px;\">\u00a0(directe des del m\u00f2bil)<\/span><\/li>\n<\/ul>\n<p style=\"text-align: justify;\"><b>\u00a0<\/b><\/p>\n<p style=\"text-align: justify;\"><b>\u00a0<\/b><\/p>\n<p style=\"text-align: justify;\"><b style=\"font-size: 16px;\">UpCode Reader:<\/b><\/p>\n<p style=\"text-align: justify;\">UpCode ofereix un lector de QR perfecte per terminals Nokia amb Symbian. El lector funciona molt b\u00e9 amb c\u00e0meres amb autofocus i interacciona perfectament amb el terminal i sobretot interpretant el QR amb Vcards.<\/p>\n<p style=\"text-align: justify;\">Upcode, igual que el Beetag Reader, llegeix m\u00e9s tipus de codis, com s\u00f3n DataMatrix i codis unidireccionals. Aquestes caracter\u00edstiques li confereixen un gran versatilitat. La desc\u00e0rrega es pot efectuar directament des del m\u00f2bil, via sms o descarregant l\u2019ordinador.<\/p>\n<figure id=\"attachment_1016\" aria-describedby=\"caption-attachment-1016\" style=\"width: 132px\" class=\"wp-caption alignleft\"><img loading=\"lazy\" decoding=\"async\" class=\"wp-image-1016 \" title=\"UpCode Reader\" alt=\"UpCode\" src=\"http:\/\/www.noubarris.net\/relligantnb\/wp-content\/uploads\/UpCode.png\" width=\"132\" height=\"132\" srcset=\"https:\/\/www.noubarris.net\/relligantnb\/wp-content\/uploads\/UpCode.png 132w, https:\/\/www.noubarris.net\/relligantnb\/wp-content\/uploads\/UpCode-50x50.png 50w\" sizes=\"(max-width: 132px) 100vw, 132px\" \/><figcaption id=\"caption-attachment-1016\" class=\"wp-caption-text\">UpCode Reader<\/figcaption><\/figure>\n<p style=\"text-align: justify;\">Url de Desc\u00e0rrega:<\/p>\n<ul style=\"text-align: justify;\">\n<li><a style=\"font-size: 16px;\" href=\"http:\/\/www.upc.fi\/en\/upcode\/download\/\">http:\/\/www.upc.fi\/en\/upcode\/download\/<\/a><\/li>\n<li><a style=\"font-size: 16px;\" href=\"http:\/\/www.upcode.fi\/\" target=\"_blank\">http:\/\/www.upcode.fi<\/a><span style=\"font-size: 16px;\">\u00a0(directe des de m\u00f2bil)<\/span><\/li>\n<\/ul>\n<p style=\"text-align: justify;\"><b>\u00a0<\/b><\/p>\n<p style=\"text-align: justify;\"><b>\u00a0<\/b><\/p>\n<p style=\"text-align: justify;\"><b>QuickMark Reader:<\/b><\/p>\n<p style=\"text-align: justify;\">\u00c9s un dels lectors m\u00e9s populars per a tot tipus de plataformes. Es pot utilitzar a terminals amb sistema iOS, Android, Windows Phone \/ Mobile i Symbian.<\/p>\n<p style=\"text-align: justify;\">El lector tamb\u00e9 es pot descarregar des de l\u2019App Store, Android Market i Windows Phone Market Place.<\/p>\n<figure id=\"attachment_1019\" aria-describedby=\"caption-attachment-1019\" style=\"width: 132px\" class=\"wp-caption alignright\"><img loading=\"lazy\" decoding=\"async\" class=\"wp-image-1019 \" title=\"QuickMark Reader\" alt=\"QuickMark\" src=\"http:\/\/www.noubarris.net\/relligantnb\/wp-content\/uploads\/QuickMark.png\" width=\"132\" height=\"132\" srcset=\"https:\/\/www.noubarris.net\/relligantnb\/wp-content\/uploads\/QuickMark.png 164w, https:\/\/www.noubarris.net\/relligantnb\/wp-content\/uploads\/QuickMark-150x150.png 150w, https:\/\/www.noubarris.net\/relligantnb\/wp-content\/uploads\/QuickMark-50x50.png 50w, https:\/\/www.noubarris.net\/relligantnb\/wp-content\/uploads\/QuickMark-144x144.png 144w\" sizes=\"(max-width: 132px) 100vw, 132px\" \/><figcaption id=\"caption-attachment-1019\" class=\"wp-caption-text\">QuickMark Reader<\/figcaption><\/figure>\n<p style=\"text-align: justify;\">Url de desc\u00e0rrega:<\/p>\n<ul>\n<li style=\"text-align: justify;\"><a style=\"font-size: 16px;\" href=\"http:\/\/www.quickmark.com.tw\/En\/basic\/downloadMain.asp\">http:\/\/www.quickmark.com.tw\/En\/basic\/downloadMain.asp<\/a><\/li>\n<\/ul>\n","protected":false},"excerpt":{"rendered":"<p>Per poder llegir un Codi QR, cal tenir instal\u00b7lat un lector al terminal des del qual fer la lectura. El<\/p>\n","protected":false},"author":1,"featured_media":0,"parent":0,"menu_order":0,"comment_status":"closed","ping_status":"closed","template":"","meta":{"_monsterinsights_skip_tracking":false,"_monsterinsights_sitenote_active":false,"_monsterinsights_sitenote_note":"","_monsterinsights_sitenote_category":0,"jetpack_post_was_ever_published":false,"footnotes":""},"class_list":["post-1009","page","type-page","status-publish","hentry"],"aioseo_notices":[],"jetpack_shortlink":"https:\/\/wp.me\/P5AnUm-gh","jetpack-related-posts":[],"jetpack_sharing_enabled":true,"_links":{"self":[{"href":"https:\/\/www.noubarris.net\/relligantnb\/index.php?rest_route=\/wp\/v2\/pages\/1009"}],"collection":[{"href":"https:\/\/www.noubarris.net\/relligantnb\/index.php?rest_route=\/wp\/v2\/pages"}],"about":[{"href":"https:\/\/www.noubarris.net\/relligantnb\/index.php?rest_route=\/wp\/v2\/types\/page"}],"author":[{"embeddable":true,"href":"https:\/\/www.noubarris.net\/relligantnb\/index.php?rest_route=\/wp\/v2\/users\/1"}],"replies":[{"embeddable":true,"href":"https:\/\/www.noubarris.net\/relligantnb\/index.php?rest_route=%2Fwp%2Fv2%2Fcomments&post=1009"}],"version-history":[{"count":0,"href":"https:\/\/www.noubarris.net\/relligantnb\/index.php?rest_route=\/wp\/v2\/pages\/1009\/revisions"}],"wp:attachment":[{"href":"https:\/\/www.noubarris.net\/relligantnb\/index.php?rest_route=%2Fwp%2Fv2%2Fmedia&parent=1009"}],"curies":[{"name":"wp","href":"https:\/\/api.w.org\/{rel}","templated":true}]}}