{"id":1218,"date":"2013-03-06T18:12:17","date_gmt":"2013-03-06T17:12:17","guid":{"rendered":"http:\/\/www.noubarris.net\/relligantnb\/?page_id=1218"},"modified":"2017-05-03T17:44:38","modified_gmt":"2017-05-03T16:44:38","slug":"elements","status":"publish","type":"page","link":"https:\/\/www.noubarris.net\/relligantnb\/?page_id=1218","title":{"rendered":"Glossari"},"content":{"rendered":"<p style=\"text-align: justify;\">En aquest apartat trobareu el llistat on apareixen tot els elements que formen part de la xarxa Relligant Nou Barris ordenats alfab\u00e8ticament. Accedint a cadascun dels enlla\u00e7os trobareu el v\u00eddeo amb tota la informaci\u00f3 sobre l\u2019element i el mapa on podreu localitzar-lo f\u00e0cilment. Recordeu que Relligant Nou Barris \u00e9s una xarxa que seguir\u00e0 creixent en el futur, de manera que s\u2019aniran incorporant nous elements a aquesta llista. Si voleu descobrir totes les hist\u00f2ries que amaga Nou Barris us convidem a seguir aquest apartat.<\/p>\n<p style=\"text-align: justify;\"><strong>Glossari d&#8217;elements:<\/strong><\/p>\n<ul>\n<li style=\"list-style-type: none;\">\n<ul>\n<li><a title=\"Aq\u00fceducte Ciutat Meridiana\" href=\"http:\/\/www.noubarris.net\/relligantnb\/?p=214\">Aq\u00fceducte de Ciutat Meridiana<\/a><\/li>\n<li><a title=\"Aq\u00fceducte Parc Central\" href=\"http:\/\/www.noubarris.net\/relligantnb\/?p=196\">Aq\u00fceducte del Parc Central<\/a><\/li>\n<li><a title=\"Ateneu Popular de Nou Barris\" href=\"http:\/\/www.noubarris.net\/relligantnb\/?p=179\">Ateneu Popular de Nou Barris<\/a><\/li>\n<li><a title=\"Ca n\u2019Art\u00e8s\" href=\"http:\/\/www.noubarris.net\/relligantnb\/?p=188\">Ca n\u2019Art\u00e8s<\/a><\/li>\n<li><a title=\"Can Bast\u00e9\" href=\"http:\/\/www.noubarris.net\/relligantnb\/?p=182\">Can Bast\u00e9<\/a><\/li>\n<li><a title=\"Can Carreras\" href=\"http:\/\/www.noubarris.net\/relligantnb\/?p=194\">Can Carreras<\/a><\/li>\n<li><a href=\"http:\/\/www.noubarris.net\/relligantnb\/?p=1338\">Can Masdeu<\/a><\/li>\n<li><a title=\"Can Peguera\" href=\"http:\/\/www.noubarris.net\/relligantnb\/?p=211\">Can Peguera<\/a><\/li>\n<li><a title=\"Can Valent\" href=\"http:\/\/www.noubarris.net\/relligantnb\/?p=190\">Can Valent<\/a><\/li>\n<li><a title=\"Can Verdaguer\" href=\"http:\/\/www.noubarris.net\/relligantnb\/?p=192\">Can Verdaguer<\/a><\/li>\n<li><a title=\"Casa de l\u2019Aigua\" href=\"http:\/\/www.noubarris.net\/relligantnb\/?p=198\">Casa de l\u2019Aigua<\/a><\/li>\n<li><a href=\"http:\/\/www.noubarris.net\/relligantnb\/?p=2232\">Casal de Barri de la Prosperitat<\/a><\/li>\n<li><a href=\"http:\/\/www.noubarris.net\/relligantnb\/?p=1343\">Cases del Governador<\/a><\/li>\n<li><a title=\"Castell de Torre Bar\u00f3\" href=\"http:\/\/www.noubarris.net\/relligantnb\/?p=207\">Castell de Torre Bar\u00f3<\/a><\/li>\n<li><a title=\"Cementiri de Sant Andreu\" href=\"http:\/\/www.noubarris.net\/relligantnb\/?p=201\">Cementiri de Sant Andreu<\/a><\/li>\n<li><a title=\"Creu de Trinitat Nova\" href=\"http:\/\/www.noubarris.net\/relligantnb\/?p=216\">Creu de la Trinitat Nova<\/a><\/li>\n<li><a href=\"http:\/\/www.noubarris.net\/relligantnb\/?p=2240\">Els Aurigues Ol\u00edmpics de Can Drag\u00f3<\/a><\/li>\n<li><a title=\"Escola Ton i Guida\" href=\"http:\/\/www.noubarris.net\/relligantnb\/?p=1348\">Escola Ton i Guida<\/a><\/li>\n<li><a href=\"http:\/\/www.noubarris.net\/relligantnb\/?p=2326\">Escullera<\/a><\/li>\n<li><a title=\"Esgl\u00e9sia del Mental\" href=\"http:\/\/www.noubarris.net\/relligantnb\/?p=205\">Esgl\u00e9sia del Mental<\/a><\/li>\n<li><a title=\"Est\u00e0tua de la Rep\u00fablica\" href=\"http:\/\/www.noubarris.net\/relligantnb\/?p=177\">Est\u00e0tua de la Rep\u00fablica<\/a><\/li>\n<li><a href=\"http:\/\/www.noubarris.net\/relligantnb\/?p=2234\">Font m\u00e0gica Manuel de Falla<\/a><\/li>\n<li><a href=\"http:\/\/www.noubarris.net\/relligantnb\/?p=1345\">Harry Walker<\/a><\/li>\n<li><a title=\"Hospital Mental de la Santa Creu\" href=\"http:\/\/www.noubarris.net\/relligantnb\/?p=203\">Hospital Mental de la Santa Creu<\/a><\/li>\n<li><a href=\"http:\/\/www.noubarris.net\/relligantnb\/?p=2328\">J\u00falia, als nous catalans<\/a><\/li>\n<li><a href=\"http:\/\/www.noubarris.net\/relligantnb\/?p=2230\">La Cultura va de Festa<\/a><\/li>\n<li><a href=\"http:\/\/www.noubarris.net\/relligantnb\/?p=2236\">La Flama<\/a><\/li>\n<li><a href=\"http:\/\/www.noubarris.net\/relligantnb\/?p=2238\">La Guineu<\/a><\/li>\n<li><a href=\"http:\/\/www.noubarris.net\/relligantnb\/?p=2330\">La Torre Fav\u00e8ncia<\/a><\/li>\n<li><a href=\"http:\/\/www.noubarris.net\/relligantnb\/?p=2431\">Nou Barris Televisi\u00f3<\/a><\/li>\n<li><a title=\"Passatge de l\u2019Esperan\u00e7a\" href=\"http:\/\/www.noubarris.net\/relligantnb\/?p=209\">Passatge de l\u2019Esperan\u00e7a<\/a><\/li>\n<li><a href=\"http:\/\/www.noubarris.net\/relligantnb\/?p=2419\">Passatge de Santa Eul\u00e0lia<\/a><\/li>\n<li><a href=\"http:\/\/www.noubarris.net\/relligantnb\/?p=2322\">Pla\u00e7a d\u2019\u00c0ngel Pesta\u00f1a<\/a><\/li>\n<li><a href=\"http:\/\/www.noubarris.net\/relligantnb\/?p=2421\">Pla\u00e7a Roja de Ciutat Meridiana<\/a><\/li>\n<li><a href=\"http:\/\/www.noubarris.net\/relligantnb\/?p=2423\">Pla\u00e7a de les Roquetes<\/a><\/li>\n<li><a href=\"http:\/\/www.noubarris.net\/relligantnb\/?p=2425\">Pla\u00e7a de Santa Eul\u00e0lia<\/a><\/li>\n<li><a href=\"http:\/\/www.noubarris.net\/relligantnb\/?p=2427\">Pla\u00e7a S\u00f3ller<\/a><\/li>\n<li><a href=\"http:\/\/www.noubarris.net\/relligantnb\/?p=2429\">Pla\u00e7a del Virrei Amat<\/a><\/li>\n<li><a title=\"Rec comtal\" href=\"http:\/\/www.noubarris.net\/relligantnb\/?p=220\">Rec comtal<\/a><\/li>\n<li><a title=\"Refugi antiaeri de Can Peguera\" href=\"http:\/\/www.noubarris.net\/relligantnb\/?p=218\">Refugi antiaeri de Can Peguera<\/a><\/li>\n<li><a title=\"Torre Llobeta\" href=\"http:\/\/www.noubarris.net\/relligantnb\/?p=184\">Torre Llobeta<\/a><\/li>\n<li><a title=\"Santa Eul\u00e0lia de Vilapicina\" href=\"http:\/\/www.noubarris.net\/relligantnb\/?p=186\">Santa Eul\u00e0lia de Vilapicina<\/a><\/li>\n<\/ul>\n<\/li>\n<\/ul>\n<p><strong>Llista de v\u00eddeos <strong>de tots els elements<\/strong>:\u00a0<\/strong><br \/>\n<iframe loading=\"lazy\" src=\"https:\/\/www.youtube.com\/embed\/videoseries?list=PLiB0DlgbaQ3Lh87-XATIABG1uD-mOvxcK\" width=\"640\" height=\"360\" frameborder=\"0\" allowfullscreen=\"allowfullscreen\"><\/iframe><br \/>\n<strong>Ubicaci\u00f3 general de tots els elements :<\/strong><\/p>\n<p style=\"text-align: justify;\"><iframe loading=\"lazy\" src=\"https:\/\/maps.google.com\/maps\/ms?msa=0&amp;msid=201141552239115119793.0004cab0f70ef25192a3b&amp;ie=UTF8&amp;t=m&amp;ll=41.447745,2.177868&amp;spn=0.046321,0.10952&amp;z=13&amp;output=embed\" width=\"640\" height=\"360\" frameborder=\"0\" marginwidth=\"0\" marginheight=\"0\" scrolling=\"no\"><\/iframe>Mostra <a style=\"text-align: left;\" href=\"https:\/\/maps.google.com\/maps\/ms?msa=0&amp;msid=201141552239115119793.0004cab0f70ef25192a3b&amp;ie=UTF8&amp;t=m&amp;ll=41.447745,2.177868&amp;spn=0.046321,0.10952&amp;z=13&amp;source=embed\">Relligant Nou Barris<\/a> en un mapa m\u00e9s gran<\/p>\n","protected":false},"excerpt":{"rendered":"<p>En aquest apartat trobareu el llistat on apareixen tot els elements que formen part de la xarxa Relligant Nou Barris<\/p>\n","protected":false},"author":1,"featured_media":0,"parent":0,"menu_order":0,"comment_status":"closed","ping_status":"closed","template":"","meta":{"_monsterinsights_skip_tracking":false,"_monsterinsights_sitenote_active":false,"_monsterinsights_sitenote_note":"","_monsterinsights_sitenote_category":0,"jetpack_post_was_ever_published":false,"footnotes":""},"class_list":["post-1218","page","type-page","status-publish","hentry"],"aioseo_notices":[],"jetpack_shortlink":"https:\/\/wp.me\/P5AnUm-jE","jetpack-related-posts":[],"jetpack_sharing_enabled":true,"_links":{"self":[{"href":"https:\/\/www.noubarris.net\/relligantnb\/index.php?rest_route=\/wp\/v2\/pages\/1218"}],"collection":[{"href":"https:\/\/www.noubarris.net\/relligantnb\/index.php?rest_route=\/wp\/v2\/pages"}],"about":[{"href":"https:\/\/www.noubarris.net\/relligantnb\/index.php?rest_route=\/wp\/v2\/types\/page"}],"author":[{"embeddable":true,"href":"https:\/\/www.noubarris.net\/relligantnb\/index.php?rest_route=\/wp\/v2\/users\/1"}],"replies":[{"embeddable":true,"href":"https:\/\/www.noubarris.net\/relligantnb\/index.php?rest_route=%2Fwp%2Fv2%2Fcomments&post=1218"}],"version-history":[{"count":0,"href":"https:\/\/www.noubarris.net\/relligantnb\/index.php?rest_route=\/wp\/v2\/pages\/1218\/revisions"}],"wp:attachment":[{"href":"https:\/\/www.noubarris.net\/relligantnb\/index.php?rest_route=%2Fwp%2Fv2%2Fmedia&parent=1218"}],"curies":[{"name":"wp","href":"https:\/\/api.w.org\/{rel}","templated":true}]}}