{"id":1351,"date":"2014-02-28T12:58:45","date_gmt":"2014-02-28T11:58:45","guid":{"rendered":"http:\/\/www.noubarris.net\/relligantnb\/?page_id=1351"},"modified":"2014-03-18T19:53:27","modified_gmt":"2014-03-18T18:53:27","slug":"ruta-de-collserola","status":"publish","type":"page","link":"https:\/\/www.noubarris.net\/relligantnb\/?page_id=1351","title":{"rendered":"Ruta de Collserola"},"content":{"rendered":"<p style=\"text-align: justify;\">Voleu descobrir alguns dels indrets que amaga la serra de Collserola? Acompanyeu-nos en la ruta m\u00e9s llarga de Relligant Nou Barris, que ens portar\u00e0 per alguns dels punts m\u00e9s espectaculars de la serra al districte.<\/p>\n<ul>\n<li style=\"text-align: justify;\"><em>Podeu comen\u00e7ar la ruta a la Casa de l\u2019Aigua (Bus: 80 i 81 Metro: Metro: Casa de l\u2019Aigua L11). A continuaci\u00f3 seguirem pel carrer d\u2019Aigua Blava vorejant la serra de Collserola. En quant arribem al carrer dels Nou Barris podem girar a la dreta i arribarem a la segona parada, l\u2019Ateneu Popular de Nou Barris.<\/em><\/li>\n<li style=\"text-align: justify;\"><em>Seguint el carrer dels Nou Barris i a continuaci\u00f3 el carrer de Vidal i Guasch trobarem les escales mec\u00e0niques que ens porten al carrer Mina de la Ciutat des d\u2019on tindrem una primera vista espectacular de Barcelona. Podem seguir per aquest carrer i a continuaci\u00f3 pel carrer de Llobera que anir\u00e0 serpentejant en direcci\u00f3 al Mirador de Torrre Bar\u00f3. Des d\u2019aquest punt podem arribar facilment al Castell de Torre Bar\u00f3.<\/em><\/li>\n<li style=\"text-align: justify;\"><em>Des d\u2019aquest punt us propossem dues alternatives, anar en direcci\u00f3 a Can Masdeu o cap a l\u2019Aq\u00fceducte de Ciutat Meridiana. Per anar a la primera destinaci\u00f3 podeu seguir per la Carretera Alta de Roquetes o el cam\u00ed que va carenant tota la serra que va en paral\u2022lel, per qualsevol dels dos tindrem bones vistes de la ciutat, deixant en un primer pla el barri de Canyelles. Seguint pel mateix cam\u00ed ens creuarem amb el cam\u00ed de Sant Ll\u00e0tzer per on arribarem a Can Masdeu.<\/em><\/li>\n<li style=\"text-align: justify;\"><em>Des del Castell de Torre Bar\u00f3 tamb\u00e9 podeu fer el cam\u00ed cap a l\u2019Aq\u00fceducte de Ciutat Meridiana. Seguint per la Carretera Alta de Roquetes caldr\u00e0 que gireu pel Carrer de Lli\u00e7\u00e0, per on anirem baixant fins a la barriada de Torre Bar\u00f3, un cam\u00ed cap a Ciutat Meridiana on ens sorprendran les pres\u00e8ncies dels aq\u00fceductes.<\/em><\/li>\n<\/ul>\n<p><strong>Elements:<\/strong><\/p>\n<p><a href=\"http:\/\/www.noubarris.net\/relligantnb\/?p=198\">Casa de l\u2019Aigua<\/a><br \/>\n<a href=\"http:\/\/www.noubarris.net\/relligantnb\/?p=179\">Ateneu Popular de Nou Barris<\/a><br \/>\n<a href=\"http:\/\/www.noubarris.net\/relligantnb\/?p=207\">Castell de Torre Bar\u00f3<\/a><br \/>\n<a href=\"http:\/\/www.noubarris.net\/relligantnb\/?p=1338\">Can Masdeu<\/a><br \/>\n<a href=\"http:\/\/www.noubarris.net\/relligantnb\/?p=214\">Aq\u00fceducte de Ciutat Meridiana<\/a><\/p>\n<p><strong>Ubicacions dels elements de la ruta:<\/strong><\/p>\n<p><iframe loading=\"lazy\" src=\"https:\/\/mapsengine.google.com\/map\/embed?mid=zURixVzSMC0M.kUchNErWCvMs\" height=\"360\" width=\"640\"><\/iframe><\/p>\n<p><strong>Llista de v\u00eddeos de la ruta:<\/strong><\/p>\n<p><iframe loading=\"lazy\" src=\"\/\/www.youtube.com\/embed\/videoseries?list=PLiB0DlgbaQ3I9813k-l1XVrYlrwHSQfWj\" height=\"360\" width=\"640\" allowfullscreen=\"\" frameborder=\"0\"><\/iframe><\/p>\n","protected":false},"excerpt":{"rendered":"<p>Voleu descobrir alguns dels indrets que amaga la serra de Collserola? Acompanyeu-nos en la ruta m\u00e9s llarga de Relligant Nou<\/p>\n","protected":false},"author":1,"featured_media":0,"parent":0,"menu_order":0,"comment_status":"closed","ping_status":"closed","template":"","meta":{"_monsterinsights_skip_tracking":false,"_monsterinsights_sitenote_active":false,"_monsterinsights_sitenote_note":"","_monsterinsights_sitenote_category":0,"jetpack_post_was_ever_published":false,"footnotes":""},"class_list":["post-1351","page","type-page","status-publish","hentry"],"aioseo_notices":[],"jetpack_shortlink":"https:\/\/wp.me\/P5AnUm-lN","jetpack-related-posts":[],"jetpack_sharing_enabled":true,"_links":{"self":[{"href":"https:\/\/www.noubarris.net\/relligantnb\/index.php?rest_route=\/wp\/v2\/pages\/1351"}],"collection":[{"href":"https:\/\/www.noubarris.net\/relligantnb\/index.php?rest_route=\/wp\/v2\/pages"}],"about":[{"href":"https:\/\/www.noubarris.net\/relligantnb\/index.php?rest_route=\/wp\/v2\/types\/page"}],"author":[{"embeddable":true,"href":"https:\/\/www.noubarris.net\/relligantnb\/index.php?rest_route=\/wp\/v2\/users\/1"}],"replies":[{"embeddable":true,"href":"https:\/\/www.noubarris.net\/relligantnb\/index.php?rest_route=%2Fwp%2Fv2%2Fcomments&post=1351"}],"version-history":[{"count":0,"href":"https:\/\/www.noubarris.net\/relligantnb\/index.php?rest_route=\/wp\/v2\/pages\/1351\/revisions"}],"wp:attachment":[{"href":"https:\/\/www.noubarris.net\/relligantnb\/index.php?rest_route=%2Fwp%2Fv2%2Fmedia&parent=1351"}],"curies":[{"name":"wp","href":"https:\/\/api.w.org\/{rel}","templated":true}]}}