{"id":1403,"date":"2014-03-04T19:17:28","date_gmt":"2014-03-04T18:17:28","guid":{"rendered":"http:\/\/www.noubarris.net\/relligantnb\/?page_id=1403"},"modified":"2014-09-22T17:44:50","modified_gmt":"2014-09-22T16:44:50","slug":"relligant-el-comerc","status":"publish","type":"page","link":"https:\/\/www.noubarris.net\/relligantnb\/?page_id=1403","title":{"rendered":"El nostre comer\u00e7"},"content":{"rendered":"<h6><span style=\"color: #ff6600;\"><strong>\u2582 \u2583 \u2585 \u2586 \u2588 \u00a0Atenci\u00f3: Plana web per la demostraci\u00f3 Relligant Nou Barris: El nostre comer\u00e7. \u00a0\u2588 \u2586 \u2585 \u2583 \u2582<\/strong><\/span><\/h6>\n<p style=\"text-align: justify;\">El teixit comercial de Nou Barris est\u00e0 format per m\u00e9s de sis-cents establiments, dedicats al comer\u00e7 detallista i als serveis, que s&#8217;estenen pels cinc principals carrers del districte: el passeig de\u00a0<a href=\"http:\/\/www.noubarris.net\/relligantnb\/?page_id=1421\">Fabra i Puig<\/a>, el <a href=\"http:\/\/www.noubarris.net\/relligantnb\/?page_id=1412\">passeig de Maragall<\/a>, el carrer <a href=\"http:\/\/www.noubarris.net\/relligantnb\/?page_id=1414\">Pi i Molist<\/a>,\u00a0i l\u2019eix que formen el passeig de <a href=\"http:\/\/www.noubarris.net\/relligantnb\/?page_id=1410\">Verdum i la Via J\u00falia<\/a>.<\/p>\n<p style=\"text-align: justify;\">Un comer\u00e7 de proximitat, amb gran potencial i amb una oferta molt completa \u00a0i diversificada. Des d\u2019aquest apartat us convidem a descobrir-lo.<\/p>\n<p><strong>Ubicacions dels establiments:<\/strong><\/p>\n<p><iframe loading=\"lazy\" src=\"https:\/\/maps.google.es\/maps\/ms?msa=0&amp;msid=201141552239115119793.0004cfa0ca394c9d98e92&amp;ie=UTF8&amp;t=m&amp;ll=41.447101,2.179585&amp;spn=0.046322,0.109692&amp;z=13&amp;output=embed\" width=\"640\" height=\"360\" frameborder=\"0\" marginwidth=\"0\" marginheight=\"0\" scrolling=\"no\"><\/iframe><br \/>\n<small>Mostra <a style=\"text-align: left;\" href=\"https:\/\/maps.google.es\/maps\/ms?msa=0&amp;msid=201141552239115119793.0004cfa0ca394c9d98e92&amp;ie=UTF8&amp;t=m&amp;ll=41.447101,2.179585&amp;spn=0.046322,0.109692&amp;z=13&amp;source=embed\">Categoria: L\u2019Inici del segle XX<\/a> en un mapa m\u00e9s gran<\/small><\/p>\n<p><strong>Llista de v\u00eddeos dels establiments:<\/strong><\/p>\n<p><iframe loading=\"lazy\" src=\"\/\/www.youtube.com\/embed\/videoseries?list=PLiB0DlgbaQ3Lg69TFGsDDjpamAHlMYkPN\" width=\"640\" height=\"360\" frameborder=\"0\" allowfullscreen=\"allowfullscreen\"><\/iframe><\/p>\n<p><a href=\"http:\/\/www.noubarris.net\/relligantnb\/?p=211\">[wp_cpl_sc cat_id=20 list_num=1000 css_theme=3 sticky_post=&#8221;79&#8243;]<\/a><\/p>\n","protected":false},"excerpt":{"rendered":"<p>\u2582 \u2583 \u2585 \u2586 \u2588 \u00a0Atenci\u00f3: Plana web per la demostraci\u00f3 Relligant Nou Barris: El nostre comer\u00e7. \u00a0\u2588 \u2586 \u2585<\/p>\n","protected":false},"author":1,"featured_media":0,"parent":0,"menu_order":0,"comment_status":"closed","ping_status":"closed","template":"","meta":{"_monsterinsights_skip_tracking":false,"_monsterinsights_sitenote_active":false,"_monsterinsights_sitenote_note":"","_monsterinsights_sitenote_category":0,"jetpack_post_was_ever_published":false,"footnotes":""},"class_list":["post-1403","page","type-page","status-publish","hentry"],"aioseo_notices":[],"jetpack_shortlink":"https:\/\/wp.me\/P5AnUm-mD","jetpack-related-posts":[],"jetpack_sharing_enabled":true,"_links":{"self":[{"href":"https:\/\/www.noubarris.net\/relligantnb\/index.php?rest_route=\/wp\/v2\/pages\/1403"}],"collection":[{"href":"https:\/\/www.noubarris.net\/relligantnb\/index.php?rest_route=\/wp\/v2\/pages"}],"about":[{"href":"https:\/\/www.noubarris.net\/relligantnb\/index.php?rest_route=\/wp\/v2\/types\/page"}],"author":[{"embeddable":true,"href":"https:\/\/www.noubarris.net\/relligantnb\/index.php?rest_route=\/wp\/v2\/users\/1"}],"replies":[{"embeddable":true,"href":"https:\/\/www.noubarris.net\/relligantnb\/index.php?rest_route=%2Fwp%2Fv2%2Fcomments&post=1403"}],"version-history":[{"count":0,"href":"https:\/\/www.noubarris.net\/relligantnb\/index.php?rest_route=\/wp\/v2\/pages\/1403\/revisions"}],"wp:attachment":[{"href":"https:\/\/www.noubarris.net\/relligantnb\/index.php?rest_route=%2Fwp%2Fv2%2Fmedia&parent=1403"}],"curies":[{"name":"wp","href":"https:\/\/api.w.org\/{rel}","templated":true}]}}