{"id":141,"date":"2012-11-28T11:37:31","date_gmt":"2012-11-28T11:37:31","guid":{"rendered":"http:\/\/www.noubarris.net\/relligantnb\/?page_id=141"},"modified":"2018-07-12T10:41:59","modified_gmt":"2018-07-12T09:41:59","slug":"els-carrers-i-els-barris","status":"publish","type":"page","link":"https:\/\/www.noubarris.net\/relligantnb\/?page_id=141","title":{"rendered":"Els carrers i els barris"},"content":{"rendered":"<p style=\"text-align: justify;\">Descobriu en aquesta categoria la hist\u00f2ria dels carrers, places i espais del districte.<a href=\"http:\/\/www.noubarris.net\/relligantnb\/?attachment_id=965\" rel=\"attachment wp-att-965\"><img loading=\"lazy\" decoding=\"async\" class=\"alignright size-medium wp-image-965\" src=\"http:\/\/www.noubarris.net\/relligantnb\/wp-content\/uploads\/carrers-i-barris-234x300.png\" alt=\"carrers-i-barris\" width=\"234\" height=\"300\" srcset=\"https:\/\/www.noubarris.net\/relligantnb\/wp-content\/uploads\/carrers-i-barris-234x300.png 234w, https:\/\/www.noubarris.net\/relligantnb\/wp-content\/uploads\/carrers-i-barris.png 310w\" sizes=\"(max-width: 234px) 100vw, 234px\" \/><\/a><\/p>\n<ul>\n<li><a title=\"Passatge de l\u2019Esperan\u00e7a\" href=\"http:\/\/www.noubarris.net\/relligantnb\/?p=209\">Passatge de l\u2019Esperan\u00e7a<\/a><\/li>\n<li><a title=\"Conjunt de cases barates de Can Peguera\" href=\"http:\/\/www.noubarris.net\/relligantnb\/?p=211\">Can Peguera<\/a><\/li>\n<li><a href=\"http:\/\/www.noubarris.net\/relligantnb\/?p=1343\">Les Cases del Governador<\/a><\/li>\n<li><a href=\"http:\/\/www.noubarris.net\/relligantnb\/?p=1345\">Harry Walker<\/a><\/li>\n<li><a href=\"http:\/\/www.noubarris.net\/relligantnb\/?p=2322&amp;\">Pla\u00e7a d&#8217;\u00c0ngel Pesta\u00f1a<\/a><\/li>\n<li><a href=\"http:\/\/www.noubarris.net\/relligantnb\/?p=2419\" target=\"_blank\" rel=\"noopener noreferrer\">Passatge de Santa Eul\u00e0lia<\/a><\/li>\n<li><a href=\"http:\/\/www.noubarris.net\/relligantnb\/?p=2421\" target=\"_blank\" rel=\"noopener noreferrer\">Pla\u00e7a Roja<\/a><\/li>\n<li><a href=\"http:\/\/www.noubarris.net\/relligantnb\/?p=2421\" target=\"_blank\" rel=\"noopener noreferrer\">Pla\u00e7a de les Roquetes<\/a><\/li>\n<li><a href=\"http:\/\/www.noubarris.net\/relligantnb\/?p=2425\" target=\"_blank\" rel=\"noopener noreferrer\">Pla\u00e7a de Santa Eul\u00e0lia<\/a><\/li>\n<li><a href=\"http:\/\/www.noubarris.net\/relligantnb\/?p=2427\" target=\"_blank\" rel=\"noopener noreferrer\">Pla\u00e7a de S\u00f3ller<\/a><\/li>\n<li><a href=\"http:\/\/www.noubarris.net\/relligantnb\/?p=2429\" target=\"_blank\" rel=\"noopener noreferrer\">Pla\u00e7a del Virrei Amat<\/a><\/li>\n<li><a href=\"http:\/\/www.noubarris.net\/relligantnb\/?p=2507\">La Via J\u00falia<\/a><\/li>\n<\/ul>\n<p>&nbsp;<\/p>\n<p><strong>Ubicacions dels elements de\u00a0la categoria:<\/strong><\/p>\n<p><iframe loading=\"lazy\" src=\"https:\/\/maps.google.es\/maps\/ms?msa=0&amp;msid=201141552239115119793.0004cfa0cb6ca31db3cb0&amp;ie=UTF8&amp;t=m&amp;ll=41.432753,2.171946&amp;spn=0.011583,0.027423&amp;z=15&amp;output=embed\" width=\"640\" height=\"360\" frameborder=\"0\" marginwidth=\"0\" marginheight=\"0\" scrolling=\"no\"><\/iframe><br \/>\n<small>Mostra <a style=\"color: #0000ff; text-align: left;\" href=\"https:\/\/maps.google.es\/maps\/ms?msa=0&amp;msid=201141552239115119793.0004cfa0cb6ca31db3cb0&amp;ie=UTF8&amp;t=m&amp;ll=41.432753,2.171946&amp;spn=0.011583,0.027423&amp;z=15&amp;source=embed\">Categoria: Els carrers i els barris<\/a> en un mapa m\u00e9s gran<\/small><\/p>\n<p><strong>Llista de v\u00eddeos de la categoria:<\/strong><\/p>\n<p><iframe loading=\"lazy\" src=\"http:\/\/www.youtube.com\/embed\/videoseries?list=PLiB0DlgbaQ3ItRmATjhlPXgwmvECKhPbA&amp;hl=es_ES\" width=\"640\" height=\"360\" frameborder=\"0\"><\/iframe><\/p>\n","protected":false},"excerpt":{"rendered":"<p>Descobriu en aquesta categoria la hist\u00f2ria dels carrers, places i espais del districte. Passatge de l\u2019Esperan\u00e7a Can Peguera Les Cases<\/p>\n","protected":false},"author":1,"featured_media":0,"parent":0,"menu_order":0,"comment_status":"closed","ping_status":"closed","template":"","meta":{"_monsterinsights_skip_tracking":false,"_monsterinsights_sitenote_active":false,"_monsterinsights_sitenote_note":"","_monsterinsights_sitenote_category":0,"jetpack_post_was_ever_published":false,"footnotes":""},"class_list":["post-141","page","type-page","status-publish","hentry"],"aioseo_notices":[],"jetpack_shortlink":"https:\/\/wp.me\/P5AnUm-2h","jetpack-related-posts":[],"jetpack_sharing_enabled":true,"_links":{"self":[{"href":"https:\/\/www.noubarris.net\/relligantnb\/index.php?rest_route=\/wp\/v2\/pages\/141"}],"collection":[{"href":"https:\/\/www.noubarris.net\/relligantnb\/index.php?rest_route=\/wp\/v2\/pages"}],"about":[{"href":"https:\/\/www.noubarris.net\/relligantnb\/index.php?rest_route=\/wp\/v2\/types\/page"}],"author":[{"embeddable":true,"href":"https:\/\/www.noubarris.net\/relligantnb\/index.php?rest_route=\/wp\/v2\/users\/1"}],"replies":[{"embeddable":true,"href":"https:\/\/www.noubarris.net\/relligantnb\/index.php?rest_route=%2Fwp%2Fv2%2Fcomments&post=141"}],"version-history":[{"count":0,"href":"https:\/\/www.noubarris.net\/relligantnb\/index.php?rest_route=\/wp\/v2\/pages\/141\/revisions"}],"wp:attachment":[{"href":"https:\/\/www.noubarris.net\/relligantnb\/index.php?rest_route=%2Fwp%2Fv2%2Fmedia&parent=141"}],"curies":[{"name":"wp","href":"https:\/\/api.w.org\/{rel}","templated":true}]}}