{"id":1410,"date":"2014-03-04T19:22:47","date_gmt":"2014-03-04T18:22:47","guid":{"rendered":"http:\/\/www.noubarris.net\/relligantnb\/?page_id=1410"},"modified":"2014-09-22T19:33:25","modified_gmt":"2014-09-22T18:33:25","slug":"pg-verdum-via-julia","status":"publish","type":"page","link":"https:\/\/www.noubarris.net\/relligantnb\/?page_id=1410","title":{"rendered":"\u00c0rea de Verdum"},"content":{"rendered":"<h6><span style=\"color: #ff6600;\"><strong>\u2582 \u2583 \u2585 \u2586 \u2588 \u00a0Atenci\u00f3: Plana web per la demostraci\u00f3 Relligant Nou Barris: El nostre comer\u00e7. \u00a0\u2588 \u2586 \u2585 \u2583 \u2582<\/strong><\/span><\/h6>\n<p style=\"text-align: justify;\">Segons\u00a0Nomencl\u00e0tor\u00a0el passeig de Verdum est\u00e0 dedicat des del 1919 a la batalla que durant la Primera Guerra\u00a0Mundial\u00a0va tenir lloc en aquesta localitat. La Via J\u00falia ens recorda el nom original de la Barcelona romana:\u00a0Iulia\u00a0Augusta Paterna\u00a0Faventia\u00a0Barcino.\u00a0L\u2019eix que formen aquestes dues vies transcorre entre els barris de Verdum i La Prosperitat.<\/p>\n<p><strong>Metro:<\/strong> Llucmajor (L4) i Via J\u00falia (L4)<br \/>\n<strong>Bus:<\/strong>\u00a0B16,\u00a0B19, 32, 47, 50, 51, 73, 76<\/p>\n<p><strong>Ubicaci\u00f3 dels comer\u00e7os:<\/strong><\/p>\n<p><iframe loading=\"lazy\" src=\"https:\/\/mapsengine.google.com\/map\/embed?mid=zURixVzSMC0M.k2ovVDQ6fDy0\" width=\"640\" height=\"360\"><\/iframe><\/p>\n<p><strong>V\u00eddeos dels comer\u00e7os per l&#8217;eix i voltants de Verdum &#8211; Via J\u00falia:<\/strong><\/p>\n<p><iframe loading=\"lazy\" src=\"\/\/www.youtube.com\/embed\/videoseries?list=PLiB0DlgbaQ3Lg69TFGsDDjpamAHlMYkPN\" width=\"640\" height=\"360\" frameborder=\"0\" allowfullscreen=\"allowfullscreen\"><\/iframe><\/p>\n<p>&nbsp;<\/p>\n<p><strong style=\"font-family: 'Helvetica Neue', Arial, Helvetica, 'Nimbus Sans L', sans-serif;\">Punts d\u2019inter\u00e8s:\u00a0<\/strong><\/p>\n<p>[wp_cpl_sc cat_id=71 list_num=1000 css_theme=3 sticky_post=&#8221;79&#8243;]<\/p>\n","protected":false},"excerpt":{"rendered":"<p>\u2582 \u2583 \u2585 \u2586 \u2588 \u00a0Atenci\u00f3: Plana web per la demostraci\u00f3 Relligant Nou Barris: El nostre comer\u00e7. \u00a0\u2588 \u2586 \u2585<\/p>\n","protected":false},"author":1,"featured_media":0,"parent":2000,"menu_order":0,"comment_status":"closed","ping_status":"closed","template":"","meta":{"_monsterinsights_skip_tracking":false,"_monsterinsights_sitenote_active":false,"_monsterinsights_sitenote_note":"","_monsterinsights_sitenote_category":0,"jetpack_post_was_ever_published":false,"footnotes":""},"class_list":["post-1410","page","type-page","status-publish","hentry"],"aioseo_notices":[],"jetpack_shortlink":"https:\/\/wp.me\/P5AnUm-mK","jetpack-related-posts":[],"jetpack_sharing_enabled":true,"_links":{"self":[{"href":"https:\/\/www.noubarris.net\/relligantnb\/index.php?rest_route=\/wp\/v2\/pages\/1410"}],"collection":[{"href":"https:\/\/www.noubarris.net\/relligantnb\/index.php?rest_route=\/wp\/v2\/pages"}],"about":[{"href":"https:\/\/www.noubarris.net\/relligantnb\/index.php?rest_route=\/wp\/v2\/types\/page"}],"author":[{"embeddable":true,"href":"https:\/\/www.noubarris.net\/relligantnb\/index.php?rest_route=\/wp\/v2\/users\/1"}],"replies":[{"embeddable":true,"href":"https:\/\/www.noubarris.net\/relligantnb\/index.php?rest_route=%2Fwp%2Fv2%2Fcomments&post=1410"}],"version-history":[{"count":0,"href":"https:\/\/www.noubarris.net\/relligantnb\/index.php?rest_route=\/wp\/v2\/pages\/1410\/revisions"}],"up":[{"embeddable":true,"href":"https:\/\/www.noubarris.net\/relligantnb\/index.php?rest_route=\/wp\/v2\/pages\/2000"}],"wp:attachment":[{"href":"https:\/\/www.noubarris.net\/relligantnb\/index.php?rest_route=%2Fwp%2Fv2%2Fmedia&parent=1410"}],"curies":[{"name":"wp","href":"https:\/\/api.w.org\/{rel}","templated":true}]}}