{"id":1412,"date":"2014-03-04T19:24:02","date_gmt":"2014-03-04T18:24:02","guid":{"rendered":"http:\/\/www.noubarris.net\/relligantnb\/?page_id=1412"},"modified":"2014-09-22T19:33:09","modified_gmt":"2014-09-22T18:33:09","slug":"pg-maragall","status":"publish","type":"page","link":"https:\/\/www.noubarris.net\/relligantnb\/?page_id=1412","title":{"rendered":"\u00c0rea de Maragall"},"content":{"rendered":"<h6><span style=\"color: #ff6600;\"><strong>\u2582 \u2583 \u2585 \u2586 \u2588 \u00a0Atenci\u00f3: Plana web per la demostraci\u00f3 Relligant Nou Barris: El nostre comer\u00e7. \u00a0\u2588 \u2586 \u2585 \u2583 \u2582<\/strong><\/span><\/h6>\n<p style=\"text-align: justify;\">El passeig de Maragall est\u00e0 dedicat des del 1915 a Joan Maragall i Gorina, que va ser escriptor i poeta. Maragall fou membre fundador de la Secci\u00f3 Filol\u00f2gica de l&#8217;Institut d&#8217;Estudis Catalans, mestre en Gai Saber i president de l&#8217;Ateneu Barcelon\u00e8s. El nom va\u00a0substituir\u00a0l\u2019anterior, Carretera Nova d\u2019Horta.\u00a0El passeig de Maragall neix al carrer C\u00f2rsega i va fins al carrer del Tajo, per un recorregut de tres quil\u00f2metres que recorre els districtes de Sant Mart\u00ed, Sant Andreu, d&#8217;Horta-Guinard\u00f3 i Nou Barris.<\/p>\n<p><strong>Metro:<\/strong> Maragall (L4) i (L5)<br \/>\n<strong>Bus:<\/strong>\u00a0H6, 19, 32, 45.<\/p>\n<p><strong>Ubicaci\u00f3 dels comer\u00e7os:<\/strong><\/p>\n<p><iframe loading=\"lazy\" src=\"https:\/\/mapsengine.google.com\/map\/embed?mid=zURixVzSMC0M.k3u3IgLkyC-4\" width=\"640\" height=\"360\"><\/iframe><\/p>\n<p><strong>V\u00eddeos dels comer\u00e7os per l&#8217;eix i voltants de Maragall:<\/strong><\/p>\n<p><iframe loading=\"lazy\" src=\"\/\/www.youtube.com\/embed\/videoseries?list=PLiB0DlgbaQ3Lg69TFGsDDjpamAHlMYkPN\" width=\"640\" height=\"360\" frameborder=\"0\" allowfullscreen=\"allowfullscreen\"><\/iframe><\/p>\n<p><strong>Punts d\u2019inter\u00e8s:\u00a0<\/strong><\/p>\n<p>[wp_cpl_sc cat_id=71 list_num=1000 css_theme=3 sticky_post=&#8221;79&#8243;]<\/p>\n","protected":false},"excerpt":{"rendered":"<p>\u2582 \u2583 \u2585 \u2586 \u2588 \u00a0Atenci\u00f3: Plana web per la demostraci\u00f3 Relligant Nou Barris: El nostre comer\u00e7. \u00a0\u2588 \u2586 \u2585<\/p>\n","protected":false},"author":1,"featured_media":0,"parent":2000,"menu_order":0,"comment_status":"closed","ping_status":"closed","template":"","meta":{"_monsterinsights_skip_tracking":false,"_monsterinsights_sitenote_active":false,"_monsterinsights_sitenote_note":"","_monsterinsights_sitenote_category":0,"jetpack_post_was_ever_published":false,"footnotes":""},"class_list":["post-1412","page","type-page","status-publish","hentry"],"aioseo_notices":[],"jetpack_shortlink":"https:\/\/wp.me\/P5AnUm-mM","jetpack-related-posts":[],"jetpack_sharing_enabled":true,"_links":{"self":[{"href":"https:\/\/www.noubarris.net\/relligantnb\/index.php?rest_route=\/wp\/v2\/pages\/1412"}],"collection":[{"href":"https:\/\/www.noubarris.net\/relligantnb\/index.php?rest_route=\/wp\/v2\/pages"}],"about":[{"href":"https:\/\/www.noubarris.net\/relligantnb\/index.php?rest_route=\/wp\/v2\/types\/page"}],"author":[{"embeddable":true,"href":"https:\/\/www.noubarris.net\/relligantnb\/index.php?rest_route=\/wp\/v2\/users\/1"}],"replies":[{"embeddable":true,"href":"https:\/\/www.noubarris.net\/relligantnb\/index.php?rest_route=%2Fwp%2Fv2%2Fcomments&post=1412"}],"version-history":[{"count":0,"href":"https:\/\/www.noubarris.net\/relligantnb\/index.php?rest_route=\/wp\/v2\/pages\/1412\/revisions"}],"up":[{"embeddable":true,"href":"https:\/\/www.noubarris.net\/relligantnb\/index.php?rest_route=\/wp\/v2\/pages\/2000"}],"wp:attachment":[{"href":"https:\/\/www.noubarris.net\/relligantnb\/index.php?rest_route=%2Fwp%2Fv2%2Fmedia&parent=1412"}],"curies":[{"name":"wp","href":"https:\/\/api.w.org\/{rel}","templated":true}]}}