{"id":1414,"date":"2014-03-04T19:26:45","date_gmt":"2014-03-04T18:26:45","guid":{"rendered":"http:\/\/www.noubarris.net\/relligantnb\/?page_id=1414"},"modified":"2014-09-22T19:33:14","modified_gmt":"2014-09-22T18:33:14","slug":"cr-pi-i-molist","status":"publish","type":"page","link":"https:\/\/www.noubarris.net\/relligantnb\/?page_id=1414","title":{"rendered":"\u00c0rea de Pi i Molist"},"content":{"rendered":"<h6><span style=\"color: #ff6600;\"><strong>\u2582 \u2583 \u2585 \u2586 \u2588 \u00a0Atenci\u00f3: Plana web per la demostraci\u00f3 Relligant Nou Barris: El nostre comer\u00e7. \u00a0\u2588 \u2586 \u2585 \u2583 \u2582<\/strong><\/span><\/h6>\n<p style=\"text-align: justify;\">El carrer del Doctor Pi i Molist est\u00e0 dedicat, des del 1914, a Emili Pi i Molist que va ser l\u2019impulsor i el director de l\u2019Institut Mental de la Santa Creu. El nom del carrer va substituir l\u2019anterior, <i>carretera del Manicomio<\/i>.\u00a0La via, de quasi un quil\u00f2metre de llarg transcorre entre els barris de Porta i el Tur\u00f3 de la Peira.<\/p>\n<p><strong>Metro:<\/strong> Virrei Amat (L5) i Llucmajor (L4)<\/p>\n<p><strong>Bus:<\/strong> 32, 47, 50, 51, i 132<\/p>\n<p><strong>Ubicaci\u00f3 dels comer\u00e7os:<\/strong><\/p>\n<p><iframe loading=\"lazy\" src=\"https:\/\/mapsengine.google.com\/map\/embed?mid=zURixVzSMC0M.kpRI6vQHIqac\" width=\"640\" height=\"360\"><\/iframe><\/p>\n<p><strong>V\u00eddeos dels comer\u00e7os per l&#8217;eix i voltants de Pi i Molist<\/strong><\/p>\n<p><iframe loading=\"lazy\" src=\"\/\/www.youtube.com\/embed\/videoseries?list=PLiB0DlgbaQ3Lg69TFGsDDjpamAHlMYkPN\" width=\"640\" height=\"360\" frameborder=\"0\" allowfullscreen=\"allowfullscreen\"><\/iframe><\/p>\n<p><strong style=\"font-family: 'Helvetica Neue', Arial, Helvetica, 'Nimbus Sans L', sans-serif;\">Punts d\u2019inter\u00e8s:\u00a0<\/strong><\/p>\n<ul>\n<ul>\n<li>[wp_cpl_sc cat_id=71 list_num=1000 css_theme=3 sticky_post=&#8221;79&#8243;]<\/li>\n<\/ul>\n<\/ul>\n","protected":false},"excerpt":{"rendered":"<p>\u2582 \u2583 \u2585 \u2586 \u2588 \u00a0Atenci\u00f3: Plana web per la demostraci\u00f3 Relligant Nou Barris: El nostre comer\u00e7. \u00a0\u2588 \u2586 \u2585<\/p>\n","protected":false},"author":1,"featured_media":0,"parent":2000,"menu_order":0,"comment_status":"closed","ping_status":"closed","template":"","meta":{"_monsterinsights_skip_tracking":false,"_monsterinsights_sitenote_active":false,"_monsterinsights_sitenote_note":"","_monsterinsights_sitenote_category":0,"jetpack_post_was_ever_published":false,"footnotes":""},"class_list":["post-1414","page","type-page","status-publish","hentry"],"aioseo_notices":[],"jetpack_shortlink":"https:\/\/wp.me\/P5AnUm-mO","jetpack-related-posts":[],"jetpack_sharing_enabled":true,"_links":{"self":[{"href":"https:\/\/www.noubarris.net\/relligantnb\/index.php?rest_route=\/wp\/v2\/pages\/1414"}],"collection":[{"href":"https:\/\/www.noubarris.net\/relligantnb\/index.php?rest_route=\/wp\/v2\/pages"}],"about":[{"href":"https:\/\/www.noubarris.net\/relligantnb\/index.php?rest_route=\/wp\/v2\/types\/page"}],"author":[{"embeddable":true,"href":"https:\/\/www.noubarris.net\/relligantnb\/index.php?rest_route=\/wp\/v2\/users\/1"}],"replies":[{"embeddable":true,"href":"https:\/\/www.noubarris.net\/relligantnb\/index.php?rest_route=%2Fwp%2Fv2%2Fcomments&post=1414"}],"version-history":[{"count":0,"href":"https:\/\/www.noubarris.net\/relligantnb\/index.php?rest_route=\/wp\/v2\/pages\/1414\/revisions"}],"up":[{"embeddable":true,"href":"https:\/\/www.noubarris.net\/relligantnb\/index.php?rest_route=\/wp\/v2\/pages\/2000"}],"wp:attachment":[{"href":"https:\/\/www.noubarris.net\/relligantnb\/index.php?rest_route=%2Fwp%2Fv2%2Fmedia&parent=1414"}],"curies":[{"name":"wp","href":"https:\/\/api.w.org\/{rel}","templated":true}]}}