{"id":145,"date":"2012-11-28T11:38:19","date_gmt":"2012-11-28T11:38:19","guid":{"rendered":"http:\/\/www.noubarris.net\/relligantnb\/?page_id=145"},"modified":"2016-04-06T15:32:58","modified_gmt":"2016-04-06T14:32:58","slug":"les-escultures-i-els-monuments","status":"publish","type":"page","link":"https:\/\/www.noubarris.net\/relligantnb\/?page_id=145","title":{"rendered":"Les escultures i els monuments"},"content":{"rendered":"<p>Aqu\u00ed trobareu les escultures, els monuments i les construccions singulars ubicades al districte.<a href=\"http:\/\/www.noubarris.net\/relligantnb\/?attachment_id=970\" rel=\"attachment wp-att-970\"><img loading=\"lazy\" decoding=\"async\" class=\"alignright size-medium wp-image-970\" src=\"http:\/\/www.noubarris.net\/relligantnb\/wp-content\/uploads\/rep-234x300.png\" alt=\"rep\" width=\"234\" height=\"300\" srcset=\"https:\/\/www.noubarris.net\/relligantnb\/wp-content\/uploads\/rep-234x300.png 234w, https:\/\/www.noubarris.net\/relligantnb\/wp-content\/uploads\/rep.png 310w\" sizes=\"(max-width: 234px) 100vw, 234px\" \/><\/a><\/p>\n<ul>\n<li><a title=\"Monument a la Rep\u00fablica\" href=\"http:\/\/www.noubarris.net\/relligantnb\/?p=177\">Est\u00e0tua de la Rep\u00fablica<\/a><\/li>\n<li><a href=\"http:\/\/www.noubarris.net\/relligantnb\/?p=2240\">Els Aurigues Ol\u00edmpics de Can Drag\u00f3<\/a><\/li>\n<li><a href=\"http:\/\/www.noubarris.net\/relligantnb\/?p=2234\">Font m\u00e0gica Manuel de Falla<\/a><\/li>\n<li><a href=\"http:\/\/www.noubarris.net\/relligantnb\/?p=2236\">La Flama<\/a><\/li>\n<li><a href=\"http:\/\/www.noubarris.net\/relligantnb\/?p=2238\">La Guineu<\/a><\/li>\n<li><a href=\"http:\/\/www.noubarris.net\/relligantnb\/?p=2326\">Escullera<\/a><\/li>\n<li><a href=\"http:\/\/www.noubarris.net\/relligantnb\/?p=2328\">J\u00falia, als nous catalans<\/a><\/li>\n<li><a href=\"http:\/\/www.noubarris.net\/relligantnb\/?p=2330\">Torre Fav\u00e8ncia<\/a><\/li>\n<\/ul>\n<p>&nbsp;<\/p>\n<p>&nbsp;<\/p>\n<p>&nbsp;<\/p>\n<p>&nbsp;<\/p>\n<p><strong>Ubicacions dels elements de\u00a0la categoria:<\/strong><\/p>\n<p><iframe loading=\"lazy\" src=\"https:\/\/maps.google.es\/maps\/ms?msa=0&amp;msid=201141552239115119793.0004cfa0ced078bd66749&amp;ie=UTF8&amp;t=m&amp;ll=41.447873,2.181816&amp;spn=0.046321,0.109692&amp;z=13&amp;output=embed\" width=\"640\" height=\"360\" frameborder=\"0\" marginwidth=\"0\" marginheight=\"0\" scrolling=\"no\"><\/iframe><br \/>\n<small>Mostra <a style=\"text-align: left;\" href=\"https:\/\/maps.google.es\/maps\/ms?msa=0&amp;msid=201141552239115119793.0004cfa0ced078bd66749&amp;ie=UTF8&amp;t=m&amp;ll=41.447873,2.181816&amp;spn=0.046321,0.109692&amp;z=13&amp;source=embed\">Categoria: Les escultures i els monuments<\/a> en un mapa m\u00e9s gran<\/small><\/p>\n<p><strong>Llista de v\u00eddeos de la categoria:<\/strong><\/p>\n<p><iframe loading=\"lazy\" src=\"http:\/\/www.youtube.com\/embed\/videoseries?list=PLiB0DlgbaQ3I39LWk9hFH-XYCufcZyqpZ&amp;hl=es_ES\" width=\"640\" height=\"360\" frameborder=\"0\"><\/iframe><\/p>\n","protected":false},"excerpt":{"rendered":"<p>Aqu\u00ed trobareu les escultures, els monuments i les construccions singulars ubicades al districte. Est\u00e0tua de la Rep\u00fablica Els Aurigues Ol\u00edmpics<\/p>\n","protected":false},"author":1,"featured_media":0,"parent":0,"menu_order":0,"comment_status":"closed","ping_status":"closed","template":"","meta":{"_monsterinsights_skip_tracking":false,"_monsterinsights_sitenote_active":false,"_monsterinsights_sitenote_note":"","_monsterinsights_sitenote_category":0,"jetpack_post_was_ever_published":false,"footnotes":""},"class_list":["post-145","page","type-page","status-publish","hentry"],"aioseo_notices":[],"jetpack_shortlink":"https:\/\/wp.me\/P5AnUm-2l","jetpack-related-posts":[],"jetpack_sharing_enabled":true,"_links":{"self":[{"href":"https:\/\/www.noubarris.net\/relligantnb\/index.php?rest_route=\/wp\/v2\/pages\/145"}],"collection":[{"href":"https:\/\/www.noubarris.net\/relligantnb\/index.php?rest_route=\/wp\/v2\/pages"}],"about":[{"href":"https:\/\/www.noubarris.net\/relligantnb\/index.php?rest_route=\/wp\/v2\/types\/page"}],"author":[{"embeddable":true,"href":"https:\/\/www.noubarris.net\/relligantnb\/index.php?rest_route=\/wp\/v2\/users\/1"}],"replies":[{"embeddable":true,"href":"https:\/\/www.noubarris.net\/relligantnb\/index.php?rest_route=%2Fwp%2Fv2%2Fcomments&post=145"}],"version-history":[{"count":0,"href":"https:\/\/www.noubarris.net\/relligantnb\/index.php?rest_route=\/wp\/v2\/pages\/145\/revisions"}],"wp:attachment":[{"href":"https:\/\/www.noubarris.net\/relligantnb\/index.php?rest_route=%2Fwp%2Fv2%2Fmedia&parent=145"}],"curies":[{"name":"wp","href":"https:\/\/api.w.org\/{rel}","templated":true}]}}