{"id":1457,"date":"2014-03-06T12:14:56","date_gmt":"2014-03-06T11:14:56","guid":{"rendered":"http:\/\/www.noubarris.net\/relligantnb\/?page_id=1457"},"modified":"2014-03-06T12:14:56","modified_gmt":"2014-03-06T11:14:56","slug":"punts-historics","status":"publish","type":"page","link":"https:\/\/www.noubarris.net\/relligantnb\/?page_id=1457","title":{"rendered":"Punts hist\u00f2rics"},"content":{"rendered":"<p style=\"text-align: justify;\">En aquest apartat trobareu el llistat on apareixen tot els elements que formen part de la xarxa Relligant Nou Barris ordenats alfab\u00e8ticament. Accedint a cadascun dels enlla\u00e7os trobareu el v\u00eddeo amb tota la informaci\u00f3 sobre l\u2019element i el mapa on podreu localitzar-lo f\u00e0cilment. Recordeu que Relligant Nou Barris \u00e9s una xarxa que seguir\u00e0 creixent en el futur, de manera que s\u2019aniran incorporant nous elements a aquesta llista. Si voleu descobrir totes les hist\u00f2ries que amaga Nou Barris us convidem a seguir aquest apartat.<\/p>\n<p style=\"text-align: justify;\"><strong>Llista de v\u00eddeos <strong>de tots els elements<\/strong>:\u00a0<\/strong><\/p>\n<p><iframe loading=\"lazy\" src=\"\/\/www.youtube.com\/embed\/videoseries?list=PLiB0DlgbaQ3Lh87-XATIABG1uD-mOvxcK\" height=\"360\" width=\"640\" allowfullscreen=\"\" frameborder=\"0\"><\/iframe><\/p>\n<p style=\"color: #ffffff; text-align: justify;\"><span style=\"color: #000000;\">Aquesta \u00e9s una xarxa viva que vol seguir creixent en el futur, afegint nous continguts, nous punts i noves rutes. Aix\u00ed que us convidem a estar atents de la p\u00e0gina i de les novetats que en el futur aniran apareixent.<\/span><\/p>\n<p style=\"text-align: justify;\"><span style=\"color: #000000;\"><strong>Ubicaci\u00f3 general de tots els elements :<\/strong><\/span><\/p>\n<p style=\"text-align: justify;\"><iframe loading=\"lazy\" src=\"https:\/\/maps.google.com\/maps\/ms?msa=0&amp;msid=201141552239115119793.0004cab0f70ef25192a3b&amp;ie=UTF8&amp;t=m&amp;ll=41.447745,2.177868&amp;spn=0.046321,0.10952&amp;z=13&amp;output=embed\" height=\"360\" width=\"640\" frameborder=\"0\" marginwidth=\"0\" marginheight=\"0\" scrolling=\"no\"><\/iframe>Mostra <a style=\"text-align: left;\" href=\"https:\/\/maps.google.com\/maps\/ms?msa=0&amp;msid=201141552239115119793.0004cab0f70ef25192a3b&amp;ie=UTF8&amp;t=m&amp;ll=41.447745,2.177868&amp;spn=0.046321,0.10952&amp;z=13&amp;source=embed\">Relligant Nou Barris<\/a> en un mapa m\u00e9s gran<\/p>\n","protected":false},"excerpt":{"rendered":"<p>En aquest apartat trobareu el llistat on apareixen tot els elements que formen part de la xarxa Relligant Nou Barris<\/p>\n","protected":false},"author":1,"featured_media":0,"parent":0,"menu_order":0,"comment_status":"closed","ping_status":"closed","template":"","meta":{"_monsterinsights_skip_tracking":false,"_monsterinsights_sitenote_active":false,"_monsterinsights_sitenote_note":"","_monsterinsights_sitenote_category":0,"jetpack_post_was_ever_published":false,"footnotes":""},"class_list":["post-1457","page","type-page","status-publish","hentry"],"aioseo_notices":[],"jetpack_shortlink":"https:\/\/wp.me\/P5AnUm-nv","jetpack-related-posts":[],"jetpack_sharing_enabled":true,"_links":{"self":[{"href":"https:\/\/www.noubarris.net\/relligantnb\/index.php?rest_route=\/wp\/v2\/pages\/1457"}],"collection":[{"href":"https:\/\/www.noubarris.net\/relligantnb\/index.php?rest_route=\/wp\/v2\/pages"}],"about":[{"href":"https:\/\/www.noubarris.net\/relligantnb\/index.php?rest_route=\/wp\/v2\/types\/page"}],"author":[{"embeddable":true,"href":"https:\/\/www.noubarris.net\/relligantnb\/index.php?rest_route=\/wp\/v2\/users\/1"}],"replies":[{"embeddable":true,"href":"https:\/\/www.noubarris.net\/relligantnb\/index.php?rest_route=%2Fwp%2Fv2%2Fcomments&post=1457"}],"version-history":[{"count":0,"href":"https:\/\/www.noubarris.net\/relligantnb\/index.php?rest_route=\/wp\/v2\/pages\/1457\/revisions"}],"wp:attachment":[{"href":"https:\/\/www.noubarris.net\/relligantnb\/index.php?rest_route=%2Fwp%2Fv2%2Fmedia&parent=1457"}],"curies":[{"name":"wp","href":"https:\/\/api.w.org\/{rel}","templated":true}]}}