{"id":1505,"date":"2014-03-06T12:59:04","date_gmt":"2014-03-06T11:59:04","guid":{"rendered":"http:\/\/www.noubarris.net\/relligantnb\/?page_id=1505"},"modified":"2023-07-11T20:07:25","modified_gmt":"2023-07-11T19:07:25","slug":"can-peguera","status":"publish","type":"page","link":"https:\/\/www.noubarris.net\/relligantnb\/?page_id=1505","title":{"rendered":"Canyelles"},"content":{"rendered":"<p style=\"text-align: justify;\">Separat de la Guineueta per la ronda, el barri de Canyelles s\u2019enfila per la falda de la serra de Collserola.<\/p>\n<p style=\"text-align: justify;\"><iframe loading=\"lazy\" style=\"line-height: 36.03603744506836px;\" src=\"\/\/www.youtube.com\/embed\/videoseries?list=PLiB0DlgbaQ3JQRfSr7dIaxVKeaYXP4D4v\" height=\"360\" width=\"640\" allowfullscreen=\"\" frameborder=\"0\"><\/iframe><\/p>\n<p style=\"text-align: justify;\">Canyelles va ser el darrer pol\u00edgon d&#8217;habitatges constru\u00eft al districte l&#8217;any 1974 i constitueix un exemple de l&#8217;urbanisme\u00a0franquista, marcat per l\u2019especulaci\u00f3 salvatge i la manca d\u2019infraestructures i d\u2019equipaments.<\/p>\n<p style=\"text-align: justify;\">La millora dels serveis d\u2019autobusos, la cobertura de la ronda o l\u2019arribada del metro s\u00f3n algunes de les millores, llargament reclamades pel\u00a0ve\u00efnat, que van\u00a0transformar\u00a0la fisonomia del barri al llarg dels anys noranta. Tamb\u00e9 cal destacar la construcci\u00f3 del parc de Serra i Mart\u00ed que entre\u00a0altres\u00a0elements inclou una font m\u00e0gica dedicada a Manuel de Falla.<\/p>\n<p style=\"text-align: justify;\"><strong>Punts hist\u00f2rics:<\/strong><a style=\"font-size: 16px;\" href=\"http:\/\/www.noubarris.net\/relligantnb\/?p=211\"><ul class=\"lcp_catlist\" id=\"lcp_instance_0\"><li><a href=\"https:\/\/www.noubarris.net\/relligantnb\/?p=2593\">La cobertura de la ronda de Dalt<\/a><div class=\"lcp_excerpt\">Aquest tram de la ronda de Dalt seria ara molt diferent si no hagu\u00e9s estat per l\u2019acci\u00f3 ve\u00efnal. Les protestes per la construcci\u00f3 del segon cintur\u00f3 es remunten als anys 70, quan les primeres obres van ...<\/div><\/li><li><a href=\"https:\/\/www.noubarris.net\/relligantnb\/?p=2234\">Font m\u00e0gica Manuel de Falla<\/a><div class=\"lcp_excerpt\">L\u2019any 1994 es va inaugurar al barri de Canyelles el Parc de Josep Maria Serra Mart\u00ed, un espai dedicat a qui va ser regidor de l&#8217;Ajuntament de Barcelona i un dels impulsors dels Jocs Ol\u00edmpics de ...<\/div><\/li><li><a href=\"https:\/\/www.noubarris.net\/relligantnb\/?p=2503\">Canyelles<\/a><div class=\"lcp_excerpt\">El barri de Canyelles es va erigir sobre les runes de la Guineueta Vella, un conjunt de cases baixes i d&#8217;autoconstrucci\u00f3 que s&#8217;havia aixecat al primer ter\u00e7 del segle XX als voltants de Can Guineueta. Gran ...<\/div><\/li><li><a href=\"https:\/\/www.noubarris.net\/relligantnb\/?p=1338\">Can Masd\u00e9u<\/a><div class=\"lcp_excerpt\">Diversos autors situen l\u2019origen de Can Masd\u00e9u en diferents \u00e8poques. Si ens fixem en la font m\u00e9s antiga, es remunta al segle XI, per\u00f2 abans ja es parla de restes arqueol\u00f2giques romanes. Origin\u00e0riament la masia va ...<\/div><\/li><\/ul><\/a><\/p>\n","protected":false},"excerpt":{"rendered":"<p>Separat de la Guineueta per la ronda, el barri de Canyelles s\u2019enfila per la falda de la serra de Collserola.<\/p>\n","protected":false},"author":1,"featured_media":0,"parent":0,"menu_order":0,"comment_status":"closed","ping_status":"closed","template":"","meta":{"_monsterinsights_skip_tracking":false,"_monsterinsights_sitenote_active":false,"_monsterinsights_sitenote_note":"","_monsterinsights_sitenote_category":0,"jetpack_post_was_ever_published":false,"footnotes":""},"class_list":["post-1505","page","type-page","status-publish","hentry"],"aioseo_notices":[],"jetpack_shortlink":"https:\/\/wp.me\/P5AnUm-oh","jetpack-related-posts":[],"jetpack_sharing_enabled":true,"_links":{"self":[{"href":"https:\/\/www.noubarris.net\/relligantnb\/index.php?rest_route=\/wp\/v2\/pages\/1505"}],"collection":[{"href":"https:\/\/www.noubarris.net\/relligantnb\/index.php?rest_route=\/wp\/v2\/pages"}],"about":[{"href":"https:\/\/www.noubarris.net\/relligantnb\/index.php?rest_route=\/wp\/v2\/types\/page"}],"author":[{"embeddable":true,"href":"https:\/\/www.noubarris.net\/relligantnb\/index.php?rest_route=\/wp\/v2\/users\/1"}],"replies":[{"embeddable":true,"href":"https:\/\/www.noubarris.net\/relligantnb\/index.php?rest_route=%2Fwp%2Fv2%2Fcomments&post=1505"}],"version-history":[{"count":1,"href":"https:\/\/www.noubarris.net\/relligantnb\/index.php?rest_route=\/wp\/v2\/pages\/1505\/revisions"}],"predecessor-version":[{"id":3103,"href":"https:\/\/www.noubarris.net\/relligantnb\/index.php?rest_route=\/wp\/v2\/pages\/1505\/revisions\/3103"}],"wp:attachment":[{"href":"https:\/\/www.noubarris.net\/relligantnb\/index.php?rest_route=%2Fwp%2Fv2%2Fmedia&parent=1505"}],"curies":[{"name":"wp","href":"https:\/\/api.w.org\/{rel}","templated":true}]}}