{"id":1508,"date":"2014-03-06T12:59:50","date_gmt":"2014-03-06T11:59:50","guid":{"rendered":"http:\/\/www.noubarris.net\/relligantnb\/?page_id=1508"},"modified":"2023-07-11T20:06:14","modified_gmt":"2023-07-11T19:06:14","slug":"can-peguera-2","status":"publish","type":"page","link":"https:\/\/www.noubarris.net\/relligantnb\/?page_id=1508","title":{"rendered":"Can Peguera"},"content":{"rendered":"<p style=\"text-align: justify;\">Can Peguera limita amb els barris del Tur\u00f3 de la Peira, la Guineueta i Horta. El seu nom ens recorda la masia de Can Peguera, coneguda aix\u00ed per ser un espai on es fabricava cola.<\/p>\n<p style=\"text-align: justify;\"><iframe loading=\"lazy\" style=\"line-height: 36.03603744506836px;\" src=\"\/\/www.youtube.com\/embed\/videoseries?list=PLiB0DlgbaQ3IOvTtKkV1h_nBY4zbQ1AJq\" width=\"640\" height=\"360\" frameborder=\"0\" allowfullscreen=\"allowfullscreen\"><\/iframe><\/p>\n<p style=\"text-align: justify;\">El barri \u00e9s conegut pels seus particulars habitatges, les cases barates de Ramon Alb\u00f3. S\u00f3n vivendes petites, d\u2019una sola planta amb espais davanters, molts dels quals enjardinats.<\/p>\n<p style=\"text-align: justify;\">Aquest complex va ser constru\u00eft l\u2019any 1929 per la creixent poblaci\u00f3 obrera de Barcelona i pels desnonats de Montju\u00efc per l&#8217;Exposici\u00f3 Internacional. Tot i que el barri va ser batejat amb el nom de Ramon Alb\u00f3, a finals del segle XX els ve\u00efns van recuperar el nom de Can Peguera.<\/p>\n<p><strong style=\"font-size: 16px;\">Punts d&#8217;inter\u00e8s:<\/strong><br \/>\n<ul class=\"lcp_catlist\" id=\"lcp_instance_0\"><li><a href=\"https:\/\/www.noubarris.net\/relligantnb\/?p=218\">Refugi antiaeri de Can Peguera<\/a><div class=\"lcp_excerpt\">El de Can Peguera \u00e9s l\u2019\u00fanic refugi antiaeri que es conserva a Nou Barris. Els ve\u00efns el van construir en comen\u00e7ar a la zona els bombardejos dels avions italians.\n\nEl refugi antiaeri 647 es va construir a ...<\/div><\/li><li><a href=\"https:\/\/www.noubarris.net\/relligantnb\/?p=211\">Can Peguera<\/a><div class=\"lcp_excerpt\">El barri de Can Peguera \u00e9s l\u2019\u00fanic exemple de cases barates que perviu a Barcelona. T\u00e9 un car\u00e0cter singular, que molts ve\u00efns qualifiquen de petit poble.\n\nA principis del segle XX, aquests eren terrenys de Can Peguera, ...<\/div><\/li><\/ul><\/p>\n","protected":false},"excerpt":{"rendered":"<p>Can Peguera limita amb els barris del Tur\u00f3 de la Peira, la Guineueta i Horta. El seu nom ens recorda<\/p>\n","protected":false},"author":1,"featured_media":0,"parent":0,"menu_order":0,"comment_status":"closed","ping_status":"closed","template":"","meta":{"_monsterinsights_skip_tracking":false,"_monsterinsights_sitenote_active":false,"_monsterinsights_sitenote_note":"","_monsterinsights_sitenote_category":0,"jetpack_post_was_ever_published":false,"footnotes":""},"class_list":["post-1508","page","type-page","status-publish","hentry"],"aioseo_notices":[],"jetpack_shortlink":"https:\/\/wp.me\/P5AnUm-ok","jetpack-related-posts":[],"jetpack_sharing_enabled":true,"_links":{"self":[{"href":"https:\/\/www.noubarris.net\/relligantnb\/index.php?rest_route=\/wp\/v2\/pages\/1508"}],"collection":[{"href":"https:\/\/www.noubarris.net\/relligantnb\/index.php?rest_route=\/wp\/v2\/pages"}],"about":[{"href":"https:\/\/www.noubarris.net\/relligantnb\/index.php?rest_route=\/wp\/v2\/types\/page"}],"author":[{"embeddable":true,"href":"https:\/\/www.noubarris.net\/relligantnb\/index.php?rest_route=\/wp\/v2\/users\/1"}],"replies":[{"embeddable":true,"href":"https:\/\/www.noubarris.net\/relligantnb\/index.php?rest_route=%2Fwp%2Fv2%2Fcomments&post=1508"}],"version-history":[{"count":13,"href":"https:\/\/www.noubarris.net\/relligantnb\/index.php?rest_route=\/wp\/v2\/pages\/1508\/revisions"}],"predecessor-version":[{"id":3102,"href":"https:\/\/www.noubarris.net\/relligantnb\/index.php?rest_route=\/wp\/v2\/pages\/1508\/revisions\/3102"}],"wp:attachment":[{"href":"https:\/\/www.noubarris.net\/relligantnb\/index.php?rest_route=%2Fwp%2Fv2%2Fmedia&parent=1508"}],"curies":[{"name":"wp","href":"https:\/\/api.w.org\/{rel}","templated":true}]}}