{"id":1510,"date":"2014-03-06T13:00:34","date_gmt":"2014-03-06T12:00:34","guid":{"rendered":"http:\/\/www.noubarris.net\/relligantnb\/?page_id=1510"},"modified":"2023-07-11T20:08:25","modified_gmt":"2023-07-11T19:08:25","slug":"ciutat-meridiana","status":"publish","type":"page","link":"https:\/\/www.noubarris.net\/relligantnb\/?page_id=1510","title":{"rendered":"Ciutat Meridiana"},"content":{"rendered":"<p style=\"text-align: justify;\">Ciutat Meridiana es troba a l&#8217;extrem nord del districte i limita amb els barris de Vallbona i Torre Bar\u00f3 i amb el municipi de Montcada i Reixac.<\/p>\n<p style=\"text-align: justify;\"><iframe loading=\"lazy\" style=\"font-size: 12px;\" src=\"\/\/www.youtube.com\/embed\/videoseries?list=PLiB0DlgbaQ3LhwBgkigaHySRartruXnv9\" height=\"360\" width=\"640\" allowfullscreen=\"\" frameborder=\"0\"><\/iframe><\/p>\n<p style=\"text-align: justify;\">El barri, un exemple de l\u2019especulaci\u00f3 franquista, va ser constru\u00eft a meitat dels anys seixanta en plena serra de Collserola, fet que l\u2019ha condicionat. Ciutat Meridiana \u00e9s un barri ple de pujades, escales i revolts.<\/p>\n<p style=\"text-align: justify;\">En\u00a0paral\u00b7lel\u00a0a les dificultats en la mobilitat Ciutat Meridiana tamb\u00e9 va patir una total manca de serveis i equipaments. Ja en democr\u00e0cia diverses intervencions han intentat\u00a0pal\u00b7liar-ne\u00a0les dificultats, com la construcci\u00f3 del centre c\u00edvic Zona Nord, dos trams d&#8217;escales mec\u00e0niques o l\u2019arribada del metro lleuger.<\/p>\n<p style=\"text-align: justify;\"><strong>Punts hist\u00f2rics:\u00a0<a href=\"http:\/\/www.noubarris.net\/relligantnb\/?p=211\"><ul class=\"lcp_catlist\" id=\"lcp_instance_0\"><li><a href=\"https:\/\/www.noubarris.net\/relligantnb\/?p=2421\">Pla\u00e7a Roja de Ciutat Meridiana<\/a><div class=\"lcp_excerpt\">Ciutat Meridiana es va crear a mitjans dels seixanta, com a resultat d&#8217;anys d&#8217;especulaci\u00f3. En un principi la zona havia d&#8217;acollir un nou cementiri per a Barcelona, per\u00f2 el projecte va ser desestimat perqu\u00e8 la zona ...<\/div><\/li><li><a href=\"https:\/\/www.noubarris.net\/relligantnb\/?p=214\">Aq\u00fceducte de Ciutat Meridiana<\/a><div class=\"lcp_excerpt\">L\u2019aq\u00fceducte de Ciutat Meridiana forma part d\u2019una gran infraestructura hidr\u00e0ulica per abastir la ciutat. A finals del segle XIX Barcelona creixia i l\u2019antic rec Comtal i els pous resultaven insuficients per satisfer la creixent demanda d\u2019aigua.\nhttps:\/\/youtu.be\/IQRdzu4p-Ho\nPer ...<\/div><\/li><\/ul><\/a><br \/>\n<\/strong><\/p>\n","protected":false},"excerpt":{"rendered":"<p>Ciutat Meridiana es troba a l&#8217;extrem nord del districte i limita amb els barris de Vallbona i Torre Bar\u00f3 i<\/p>\n","protected":false},"author":1,"featured_media":0,"parent":0,"menu_order":0,"comment_status":"closed","ping_status":"closed","template":"","meta":{"_monsterinsights_skip_tracking":false,"_monsterinsights_sitenote_active":false,"_monsterinsights_sitenote_note":"","_monsterinsights_sitenote_category":0,"jetpack_post_was_ever_published":false,"footnotes":""},"class_list":["post-1510","page","type-page","status-publish","hentry"],"aioseo_notices":[],"jetpack_shortlink":"https:\/\/wp.me\/P5AnUm-om","jetpack-related-posts":[],"jetpack_sharing_enabled":true,"_links":{"self":[{"href":"https:\/\/www.noubarris.net\/relligantnb\/index.php?rest_route=\/wp\/v2\/pages\/1510"}],"collection":[{"href":"https:\/\/www.noubarris.net\/relligantnb\/index.php?rest_route=\/wp\/v2\/pages"}],"about":[{"href":"https:\/\/www.noubarris.net\/relligantnb\/index.php?rest_route=\/wp\/v2\/types\/page"}],"author":[{"embeddable":true,"href":"https:\/\/www.noubarris.net\/relligantnb\/index.php?rest_route=\/wp\/v2\/users\/1"}],"replies":[{"embeddable":true,"href":"https:\/\/www.noubarris.net\/relligantnb\/index.php?rest_route=%2Fwp%2Fv2%2Fcomments&post=1510"}],"version-history":[{"count":1,"href":"https:\/\/www.noubarris.net\/relligantnb\/index.php?rest_route=\/wp\/v2\/pages\/1510\/revisions"}],"predecessor-version":[{"id":3104,"href":"https:\/\/www.noubarris.net\/relligantnb\/index.php?rest_route=\/wp\/v2\/pages\/1510\/revisions\/3104"}],"wp:attachment":[{"href":"https:\/\/www.noubarris.net\/relligantnb\/index.php?rest_route=%2Fwp%2Fv2%2Fmedia&parent=1510"}],"curies":[{"name":"wp","href":"https:\/\/api.w.org\/{rel}","templated":true}]}}