{"id":1512,"date":"2014-03-06T13:01:32","date_gmt":"2014-03-06T12:01:32","guid":{"rendered":"http:\/\/www.noubarris.net\/relligantnb\/?page_id=1512"},"modified":"2023-07-11T20:10:51","modified_gmt":"2023-07-11T19:10:51","slug":"la-guineueta","status":"publish","type":"page","link":"https:\/\/www.noubarris.net\/relligantnb\/?page_id=1512","title":{"rendered":"La Guineueta"},"content":{"rendered":"<p style=\"text-align: justify;\">El barri de la Guineueta es troba a la zona central del districte, limitant amb els barris de Canyelles, Verdum, Porta, el Tur\u00f3 de la Peira i Can Peguera. Un espai on trobem dos dels grans espais verds de Nou Barris: el Parc de la Guineueta i el Parc Central de Nou Barris.<\/p>\n<p style=\"text-align: justify;\"><iframe loading=\"lazy\" style=\"font-size: 12px; line-height: 18px;\" src=\"\/\/www.youtube.com\/embed\/videoseries?list=PLiB0DlgbaQ3JgpXVFKuImQ03KYVN9LOwr\" height=\"360\" width=\"640\" allowfullscreen=\"\" frameborder=\"0\"><\/iframe><\/p>\n<p style=\"text-align: justify;\">El barri es troba dividit en dues parts. A la part nord trobem el pol\u00edgon de la Guineueta, format per blocs id\u00e8ntics que es troben envoltats per espais enjardinats. A la part sud trobem els pol\u00edgons d&#8217;habitatges de Barcinova i Calinova, constru\u00efts durant els anys setanta, al voltant de l\u2019antic Institut Mental de la Santa Creu i de Sant Pau. L\u2019antic mental acull actualment, entre d\u2019altres equipaments, la Seu del Districte de Nou Barris.<\/p>\n<p style=\"text-align: justify;\">Cal destacar tamb\u00e9 la pla\u00e7a de Llucmajor, on concorren tres de les grans avingudes del districte, i on trobem una de les seves ic\u00f3nes, el monument a la Rep\u00fablica.<\/p>\n<p style=\"text-align: justify;\"><strong>Punts hist\u00f2rics:<a href=\"http:\/\/www.noubarris.net\/relligantnb\/?p=211\"><ul class=\"lcp_catlist\" id=\"lcp_instance_0\"><li><a href=\"https:\/\/www.noubarris.net\/relligantnb\/?p=177\">Est\u00e0tua de la Rep\u00fablica<\/a><div class=\"lcp_excerpt\">El monument a la Rep\u00fablica ha esdevingut un dels s\u00edmbols de Nou Barris. Tot i aix\u00f2, l\u2019empla\u00e7ament original era ben lluny del districte. L\u2019Ajuntament el va encarregar l\u2019any 1932 per retre homenatge al president de la ...<\/div><\/li><li><a href=\"https:\/\/www.noubarris.net\/relligantnb\/?p=2238\">La Guineu<\/a><div class=\"lcp_excerpt\">El creixement del barri de la Guineueta durant els anys 50 i 60 va fer necessari la creaci\u00f3 d\u2019espais verds. Aquesta mancan\u00e7a es va comen\u00e7ar a esmenar el 6 de desembre de 1971 amb la inauguraci\u00f3 ...<\/div><\/li><li><a href=\"https:\/\/www.noubarris.net\/relligantnb\/?p=2230\">La Cultura va de Festa<\/a><div class=\"lcp_excerpt\">Any rere any, el segon diumenge de maig el Parc de la Guineueta es transforma per un dia en el gran aparador de les entitats de Nou Barris amb motiu de La Cultura Va de Festa.\n\nPer ...<\/div><\/li><li><a href=\"https:\/\/www.noubarris.net\/relligantnb\/?p=203\">Hospital Mental de la Santa Creu<\/a><div class=\"lcp_excerpt\">L\u2019Institut Mental de la Santa Creu i Sant Pau va ser constru\u00eft entre 1885 i 1915 per l\u2019Hospital de la Santa Creu.\u00a0De les dimensions colossals de l\u2019edifici se n\u2019ha conservat el cos central i el departament ...<\/div><\/li><li><a href=\"https:\/\/www.noubarris.net\/relligantnb\/?p=205\">Esgl\u00e9sia del Mental<\/a><div class=\"lcp_excerpt\">L\u2019esgl\u00e9sia de Sant Rafael pertanyia al recinte de l\u2019Institut Mental de la Santa Creu, creat pel doctor Emili Pi i Molist i basat en centres psiqui\u00e0trics pioners. L\u2019arquitecte Josep Oriol i Bernadet va dissenyar el sanatori ...<\/div><\/li><li><a href=\"https:\/\/www.noubarris.net\/relligantnb\/?p=194\">Can Carreras<\/a><div class=\"lcp_excerpt\">Can Carreras era una masia que disposava de terres molt f\u00e8rtils, en part gr\u00e0cies a l\u2019exist\u00e8ncia d\u2019una mina d\u2019aigua procedent de Collserola. Coneguda antigament com a Mas Sala, va rebre el nom actual al segle XIX. ...<\/div><\/li><li><a href=\"https:\/\/www.noubarris.net\/relligantnb\/?p=196\">Aq\u00fceducte del Parc Central<\/a><div class=\"lcp_excerpt\">Aquest pont, situat al Parc Central de Nou Barris, formava part de l\u2019aq\u00fceducte de Dosrius. Una enorme infraestructura hidr\u00e0ulica de m\u00e9s de 50 quil\u00f2metres que anava de la riera d\u2019Argentona del municipi de Dosrius, al Maresme, ...<\/div><\/li><\/ul><\/a><\/strong><\/p>\n","protected":false},"excerpt":{"rendered":"<p>El barri de la Guineueta es troba a la zona central del districte, limitant amb els barris de Canyelles, Verdum,<\/p>\n","protected":false},"author":1,"featured_media":0,"parent":0,"menu_order":0,"comment_status":"closed","ping_status":"closed","template":"","meta":{"_monsterinsights_skip_tracking":false,"_monsterinsights_sitenote_active":false,"_monsterinsights_sitenote_note":"","_monsterinsights_sitenote_category":0,"jetpack_post_was_ever_published":false,"footnotes":""},"class_list":["post-1512","page","type-page","status-publish","hentry"],"aioseo_notices":[],"jetpack_shortlink":"https:\/\/wp.me\/P5AnUm-oo","jetpack-related-posts":[],"jetpack_sharing_enabled":true,"_links":{"self":[{"href":"https:\/\/www.noubarris.net\/relligantnb\/index.php?rest_route=\/wp\/v2\/pages\/1512"}],"collection":[{"href":"https:\/\/www.noubarris.net\/relligantnb\/index.php?rest_route=\/wp\/v2\/pages"}],"about":[{"href":"https:\/\/www.noubarris.net\/relligantnb\/index.php?rest_route=\/wp\/v2\/types\/page"}],"author":[{"embeddable":true,"href":"https:\/\/www.noubarris.net\/relligantnb\/index.php?rest_route=\/wp\/v2\/users\/1"}],"replies":[{"embeddable":true,"href":"https:\/\/www.noubarris.net\/relligantnb\/index.php?rest_route=%2Fwp%2Fv2%2Fcomments&post=1512"}],"version-history":[{"count":1,"href":"https:\/\/www.noubarris.net\/relligantnb\/index.php?rest_route=\/wp\/v2\/pages\/1512\/revisions"}],"predecessor-version":[{"id":3106,"href":"https:\/\/www.noubarris.net\/relligantnb\/index.php?rest_route=\/wp\/v2\/pages\/1512\/revisions\/3106"}],"wp:attachment":[{"href":"https:\/\/www.noubarris.net\/relligantnb\/index.php?rest_route=%2Fwp%2Fv2%2Fmedia&parent=1512"}],"curies":[{"name":"wp","href":"https:\/\/api.w.org\/{rel}","templated":true}]}}