{"id":1516,"date":"2014-03-06T13:02:09","date_gmt":"2014-03-06T12:02:09","guid":{"rendered":"http:\/\/www.noubarris.net\/relligantnb\/?page_id=1516"},"modified":"2023-07-11T20:14:35","modified_gmt":"2023-07-11T19:14:35","slug":"les-roquetes","status":"publish","type":"page","link":"https:\/\/www.noubarris.net\/relligantnb\/?page_id=1516","title":{"rendered":"Les Roquetes"},"content":{"rendered":"<p style=\"text-align: justify;\">Al Tur\u00f3 de les Roquetes i delimitat per la Via\u00a0Fav\u00e8ncia\u00a0i pels barris de la Trinitat Nova i Canyelles trobem el barri de Les Roquetes.<\/p>\n<p><iframe loading=\"lazy\" src=\"\/\/www.youtube.com\/embed\/videoseries?list=PLiB0DlgbaQ3LYgaXG5L9zIFkK2R3a3iGX\" height=\"360\" width=\"640\" allowfullscreen=\"\" frameborder=\"0\"><\/iframe><\/p>\n<p style=\"text-align: justify;\">Aquest barri \u00e9s fru\u00eft dels anys cinquanta, un moment en qu\u00e8 Barcelona creixia amb l\u2019arribada de molts immigrants. A les Roquetes les cases d\u2019autoconstrucci\u00f3\u00a0van ser habituals.<\/p>\n<p style=\"text-align: justify;\">Aquests or\u00edgens dif\u00edcils van crear un sentiment de solidaritat entre el ve\u00efnat que, encara avui, marca el car\u00e0cter del barri. Un exemple el trobem en la construcci\u00f3 dels serveis d\u2019aigua i clavegueram, feta a meitat dels anys seixanta pels mateixos ve\u00efns treballant els diumenges.<\/p>\n<p style=\"text-align: justify;\">La dif\u00edcil orografia del barri s\u2019ha vist en part alleugerida amb la instal\u00b7laci\u00f3 d\u2019escales mec\u00e0niques i un ascensor. Per\u00f2 aquesta mateixa orografia tamb\u00e9 dota les Roquetes amb un encant especial, i amb unes vistes panor\u00e0miques espectaculars.<\/p>\n<p style=\"text-align: justify;\"><strong>Punts hist\u00f2rics:<\/strong><\/p>\n<p style=\"text-align: justify;\"><a href=\"http:\/\/www.noubarris.net\/relligantnb\/?p=211\"><ul class=\"lcp_catlist\" id=\"lcp_instance_0\"><li><a href=\"https:\/\/www.noubarris.net\/relligantnb\/?p=2500\">Urbanitzar en diumenge<\/a><div class=\"lcp_excerpt\">A la d\u00e8cada dels 60 les condicions del barri de les Roquetes estaven sota m\u00ednims. Els habitatges s\u2019havien autoconstru\u00eft en una zona on no arribava l&#8217;aigua ni la llum, i les aig\u00fces fecals corrien lliurement enmig ...<\/div><\/li><li><a href=\"https:\/\/www.noubarris.net\/relligantnb\/?p=2423\">Pla\u00e7a de les Roquetes<\/a><div class=\"lcp_excerpt\">La pla\u00e7a de les Roquetes \u00e9s un dels punts de trobada m\u00e9s importants del barri, ja que \u00e9s un dels espais m\u00e9s grans que t\u00e9 el barri.\n\nOrigin\u00e0riament era un barranc entre els carrers de la Mina ...<\/div><\/li><li><a href=\"https:\/\/www.noubarris.net\/relligantnb\/?p=2431\">Nou Barris Televisi\u00f3<\/a><div class=\"lcp_excerpt\">L&#8217;any 1985 un grup de joves apassionats pel m\u00f3n audiovisual van decidir retransmetre els actes de la festa major de la Torre Llobeta. Ho van fer amb pocs mitjans i amb un emissor col\u00b7locat a casa ...<\/div><\/li><li><a href=\"https:\/\/www.noubarris.net\/relligantnb\/?p=1348\">Escola Ton i Guida<\/a><div class=\"lcp_excerpt\">L\u2019escola Ton i Guida va n\u00e9ixer el 1962 a la via Fav\u00e8ncia gr\u00e0cies a la primera directora del centre, Maria Ant\u00f2nia Canals. Moss\u00e8n Junc\u00e0 va cedir un barrac\u00f3 per donar classes als m\u00e9s de 40 alumnes ...<\/div><\/li><\/ul><\/a><\/p>\n","protected":false},"excerpt":{"rendered":"<p>Al Tur\u00f3 de les Roquetes i delimitat per la Via\u00a0Fav\u00e8ncia\u00a0i pels barris de la Trinitat Nova i Canyelles trobem el<\/p>\n","protected":false},"author":1,"featured_media":0,"parent":0,"menu_order":0,"comment_status":"closed","ping_status":"closed","template":"","meta":{"_monsterinsights_skip_tracking":false,"_monsterinsights_sitenote_active":false,"_monsterinsights_sitenote_note":"","_monsterinsights_sitenote_category":0,"jetpack_post_was_ever_published":false,"footnotes":""},"class_list":["post-1516","page","type-page","status-publish","hentry"],"aioseo_notices":[],"jetpack_shortlink":"https:\/\/wp.me\/P5AnUm-os","jetpack-related-posts":[],"jetpack_sharing_enabled":true,"_links":{"self":[{"href":"https:\/\/www.noubarris.net\/relligantnb\/index.php?rest_route=\/wp\/v2\/pages\/1516"}],"collection":[{"href":"https:\/\/www.noubarris.net\/relligantnb\/index.php?rest_route=\/wp\/v2\/pages"}],"about":[{"href":"https:\/\/www.noubarris.net\/relligantnb\/index.php?rest_route=\/wp\/v2\/types\/page"}],"author":[{"embeddable":true,"href":"https:\/\/www.noubarris.net\/relligantnb\/index.php?rest_route=\/wp\/v2\/users\/1"}],"replies":[{"embeddable":true,"href":"https:\/\/www.noubarris.net\/relligantnb\/index.php?rest_route=%2Fwp%2Fv2%2Fcomments&post=1516"}],"version-history":[{"count":1,"href":"https:\/\/www.noubarris.net\/relligantnb\/index.php?rest_route=\/wp\/v2\/pages\/1516\/revisions"}],"predecessor-version":[{"id":3110,"href":"https:\/\/www.noubarris.net\/relligantnb\/index.php?rest_route=\/wp\/v2\/pages\/1516\/revisions\/3110"}],"wp:attachment":[{"href":"https:\/\/www.noubarris.net\/relligantnb\/index.php?rest_route=%2Fwp%2Fv2%2Fmedia&parent=1516"}],"curies":[{"name":"wp","href":"https:\/\/api.w.org\/{rel}","templated":true}]}}