{"id":1518,"date":"2014-03-06T13:02:26","date_gmt":"2014-03-06T12:02:26","guid":{"rendered":"http:\/\/www.noubarris.net\/relligantnb\/?page_id=1518"},"modified":"2023-07-11T20:12:07","modified_gmt":"2023-07-11T19:12:07","slug":"la-trinitat-nova","status":"publish","type":"page","link":"https:\/\/www.noubarris.net\/relligantnb\/?page_id=1518","title":{"rendered":"La Trinitat Nova"},"content":{"rendered":"<p style=\"text-align: justify;\">Al nord de la Prosperitat, trobem el barri de la Trinitat Nova, limitant amb els barris de la Zona Nord i la Trinitat Vella, ja al Districte de Sant Andreu.<\/p>\n<p><iframe loading=\"lazy\" src=\"\/\/www.youtube.com\/embed\/videoseries?list=PLiB0DlgbaQ3IrDbTcaH5lZhDRjjodbb4c\" height=\"360\" width=\"640\" allowfullscreen=\"\" frameborder=\"0\"><\/iframe><\/p>\n<p style=\"text-align: justify;\">El barri va sorgir als anys cinquanta per la construcci\u00f3 d&#8217;habitatge social a c\u00e0rrec del Patronat Municipal de l&#8217;Habitatge, l&#8217;Obra Sindical de la Llar i l&#8217;Institut Nacional de l&#8217;Habitatge. Com la resta de\u00a0pol\u00edgons\u00a0de l\u2019\u00e8poca el barri es trobava mal comunicat i mancat d\u2019equipaments i serveis.<\/p>\n<p style=\"text-align: justify;\">La mala qualitat de les construccions tamb\u00e9 van castigar el barri. Les diverses patologies dels edificis van obligar al seu enderroc. A principis del segle XXI l\u2019arribada de les\u00a0l\u00ednies\u00a03, 4 i 11 del metro\u00a0han\u00a0connectat\u00a0la Trinitat Nova amb la resta de la ciutat.<\/p>\n<p style=\"text-align: justify;\">Un dels seus espais destacables \u00e9s la Casa de l\u2019Aigua,\u00a0constru\u00efda\u00a0a principis del segle XX dins la xarxa de distribuci\u00f3 de Montcada.<\/p>\n<p style=\"text-align: justify;\"><strong>Punts hist\u00f2rics:<\/strong><a href=\"http:\/\/www.noubarris.net\/relligantnb\/?p=211\"><ul class=\"lcp_catlist\" id=\"lcp_instance_0\"><li><a href=\"https:\/\/www.noubarris.net\/relligantnb\/?p=2498\">La Torre del Rellotge<\/a><div class=\"lcp_excerpt\">Durant els anys cinquanta la poblaci\u00f3 de Barcelona creixia amb l\u2019arribada de milers d\u2019immigrants vinguts de molts racons de l\u2019estat. La ciutat es trobava massificada i per solucionar-ho les administracions van impulsar promocions p\u00fabliques d\u2019habitatge social. ...<\/div><\/li><li><a href=\"https:\/\/www.noubarris.net\/relligantnb\/?p=2509\">El Pont dels Tres Ulls<\/a><div class=\"lcp_excerpt\">Des de l\u2019edat mitjana Barcelona s\u2019havia abastit amb l\u2019aigua provinent del rec Comtal. Per\u00f2 a finals del segle XIX, amb el creixement de la ciutat, es necessitava augmentar el cabal i la pressi\u00f3 de l\u2019aigua per ...<\/div><\/li><li><a href=\"https:\/\/www.noubarris.net\/relligantnb\/?p=2596\">El llegat de la parr\u00f2quia de Sant Tarsici<\/a><div class=\"lcp_excerpt\">L\u2019any 1965 es va fundar la segona parr\u00f2quia al barri de la Trinitat Nova. El temple es va ubicar en un barrac\u00f3 que el col\u00b7legi d\u2019arquitectes tenia a Torre Bar\u00f3. Ajudat pels mateixos ve\u00efns del barri ...<\/div><\/li><li><a href=\"https:\/\/www.noubarris.net\/relligantnb\/?p=216\">Creu de la Trinitat Nova<\/a><div class=\"lcp_excerpt\">La hist\u00f2ria de la creu de la Trinitat Nova es remunta als anys 50. En aquell temps, la Trinitat Nova no tenia cap esgl\u00e9sia. Els ve\u00efns havien d\u2019anar a missa a la Trinitat Vella o a ...<\/div><\/li><li><a href=\"https:\/\/www.noubarris.net\/relligantnb\/?p=198\">Casa de l&#8217;Aigua<\/a><div class=\"lcp_excerpt\">La Casa de l\u2019Aigua avui dia \u00e9s un espai dedicat al jard\u00ed i als horts, per\u00f2 fa 25 anys encara abastia d\u2019aigua Barcelona. L\u2019origen de la Casa de l\u2019Aigua el trobem l\u2019any 1915. Aleshores, la companyia ...<\/div><\/li><li><a href=\"https:\/\/www.noubarris.net\/relligantnb\/?p=179\">Ateneu Popular de Nou Barris<\/a><div class=\"lcp_excerpt\">L\u2019Ateneu Popular 9 Barris s\u2019ha convertit en una refer\u00e8ncia sociocultural del districte i de Barcelona, especialment pel que fa al m\u00f3n del circ.\u00a0I aquesta refer\u00e8ncia \u00e9s fruit de l\u2019acci\u00f3 ve\u00efnal. L\u2019equipament era una planta asf\u00e0ltica. De ...<\/div><\/li><\/ul><\/a><\/p>\n","protected":false},"excerpt":{"rendered":"<p>Al nord de la Prosperitat, trobem el barri de la Trinitat Nova, limitant amb els barris de la Zona Nord<\/p>\n","protected":false},"author":1,"featured_media":0,"parent":0,"menu_order":0,"comment_status":"closed","ping_status":"closed","template":"","meta":{"_monsterinsights_skip_tracking":false,"_monsterinsights_sitenote_active":false,"_monsterinsights_sitenote_note":"","_monsterinsights_sitenote_category":0,"jetpack_post_was_ever_published":false,"footnotes":""},"class_list":["post-1518","page","type-page","status-publish","hentry"],"aioseo_notices":[],"jetpack_shortlink":"https:\/\/wp.me\/P5AnUm-ou","jetpack-related-posts":[],"jetpack_sharing_enabled":true,"_links":{"self":[{"href":"https:\/\/www.noubarris.net\/relligantnb\/index.php?rest_route=\/wp\/v2\/pages\/1518"}],"collection":[{"href":"https:\/\/www.noubarris.net\/relligantnb\/index.php?rest_route=\/wp\/v2\/pages"}],"about":[{"href":"https:\/\/www.noubarris.net\/relligantnb\/index.php?rest_route=\/wp\/v2\/types\/page"}],"author":[{"embeddable":true,"href":"https:\/\/www.noubarris.net\/relligantnb\/index.php?rest_route=\/wp\/v2\/users\/1"}],"replies":[{"embeddable":true,"href":"https:\/\/www.noubarris.net\/relligantnb\/index.php?rest_route=%2Fwp%2Fv2%2Fcomments&post=1518"}],"version-history":[{"count":2,"href":"https:\/\/www.noubarris.net\/relligantnb\/index.php?rest_route=\/wp\/v2\/pages\/1518\/revisions"}],"predecessor-version":[{"id":3109,"href":"https:\/\/www.noubarris.net\/relligantnb\/index.php?rest_route=\/wp\/v2\/pages\/1518\/revisions\/3109"}],"wp:attachment":[{"href":"https:\/\/www.noubarris.net\/relligantnb\/index.php?rest_route=%2Fwp%2Fv2%2Fmedia&parent=1518"}],"curies":[{"name":"wp","href":"https:\/\/api.w.org\/{rel}","templated":true}]}}