{"id":1520,"date":"2014-03-06T13:03:06","date_gmt":"2014-03-06T12:03:06","guid":{"rendered":"http:\/\/www.noubarris.net\/relligantnb\/?page_id=1520"},"modified":"2023-07-11T20:09:59","modified_gmt":"2023-07-11T19:09:59","slug":"el-turo-de-la-peira","status":"publish","type":"page","link":"https:\/\/www.noubarris.net\/relligantnb\/?page_id=1520","title":{"rendered":"El Tur\u00f3 de la Peira"},"content":{"rendered":"<p style=\"text-align: justify;\">El Tur\u00f3 de la Peira \u00e9s un dels barris que limita amb el districte d\u2019Horta. Deu el seu nom al parc que podem trobar al seu cor, una pineda frondosa que constitueix el parc m\u00e9s antic de Nou Barris.<\/p>\n<p style=\"text-align: justify;\"><iframe loading=\"lazy\" style=\"font-size: 12px; line-height: 18px;\" src=\"\/\/www.youtube.com\/embed\/videoseries?list=PLiB0DlgbaQ3JHvHfQgUz61BvB1M1FIGfx\" height=\"360\" width=\"640\" allowfullscreen=\"\" frameborder=\"0\"><\/iframe><\/p>\n<p style=\"text-align: justify;\">Als anys seixanta, l&#8217;extensi\u00f3 del parc es va veure redu\u00efda per la construcci\u00f3 de nous habitatges. A principis dels anys noranta el barri va ser un dels principals afectats per l&#8217;aluminosi, una patologia estructural que va obligar a la renovaci\u00f3 dels edificis afectats.<\/p>\n<p style=\"text-align: justify;\">La configuraci\u00f3 circular del barri, al voltant del tur\u00f3, aix\u00ed com la simetria dels seus blocs li confereixen un aspecte\u00a0caracter\u00edstic. Pel que fa a la seva oferta cultural cal destacar L\u2019Espai Jove Les Basses.<\/p>\n<p style=\"text-align: justify;\"><strong>Punts hist\u00f2rics:<\/strong><\/p>\n<p style=\"text-align: justify;\"><strong><\/strong><a style=\"font-size: 16px;\" href=\"http:\/\/www.noubarris.net\/relligantnb\/?p=211\"><ul class=\"lcp_catlist\" id=\"lcp_instance_0\"><li><a href=\"https:\/\/www.noubarris.net\/relligantnb\/?p=186\">Santa Eul\u00e0lia de Vilapicina<\/a><div class=\"lcp_excerpt\">L\u2019esgl\u00e9sia de Santa Eul\u00e0lia de Vilapicina forma part del conjunt hist\u00f2ric del Carrer de Pere d\u2019Art\u00e9s. Fa m\u00e9s de 1.000 anys que hi ha una esgl\u00e9sia en aquest indret, com demostren els documents que es conserven ...<\/div><\/li><li><a href=\"https:\/\/www.noubarris.net\/relligantnb\/?p=182\">Can Bast\u00e9<\/a><div class=\"lcp_excerpt\">Can Bast\u00e9 \u00e9s una masia del segle XVII que es troba dins del conjunt hist\u00f2ric del carrer de Pere Art\u00e8s, a tocar de l&#8217;esgl\u00e9sia de Santa Eul\u00e0lia de Vilapicina i de l&#8217;antic cam\u00ed que comunicava Sant ...<\/div><\/li><li><a href=\"https:\/\/www.noubarris.net\/relligantnb\/?p=188\">Ca n\u2019Art\u00e8s<\/a><div class=\"lcp_excerpt\">L\u2019edifici forma part del conjunt hist\u00f2ric de Santa Eul\u00e0lia de Vilapicina. L\u2019origen d\u2019aquest nucli el trobem al segle XI, quan va sorgir un nucli de poblaci\u00f3 rural al voltant de l\u2019ermita de Santa Eul\u00e0lia de Vilapicina. ...<\/div><\/li><\/ul><\/a><\/p>\n","protected":false},"excerpt":{"rendered":"<p>El Tur\u00f3 de la Peira \u00e9s un dels barris que limita amb el districte d\u2019Horta. Deu el seu nom al<\/p>\n","protected":false},"author":1,"featured_media":0,"parent":0,"menu_order":0,"comment_status":"closed","ping_status":"closed","template":"","meta":{"_monsterinsights_skip_tracking":false,"_monsterinsights_sitenote_active":false,"_monsterinsights_sitenote_note":"","_monsterinsights_sitenote_category":0,"jetpack_post_was_ever_published":false,"footnotes":""},"class_list":["post-1520","page","type-page","status-publish","hentry"],"aioseo_notices":[],"jetpack_shortlink":"https:\/\/wp.me\/P5AnUm-ow","jetpack-related-posts":[],"jetpack_sharing_enabled":true,"_links":{"self":[{"href":"https:\/\/www.noubarris.net\/relligantnb\/index.php?rest_route=\/wp\/v2\/pages\/1520"}],"collection":[{"href":"https:\/\/www.noubarris.net\/relligantnb\/index.php?rest_route=\/wp\/v2\/pages"}],"about":[{"href":"https:\/\/www.noubarris.net\/relligantnb\/index.php?rest_route=\/wp\/v2\/types\/page"}],"author":[{"embeddable":true,"href":"https:\/\/www.noubarris.net\/relligantnb\/index.php?rest_route=\/wp\/v2\/users\/1"}],"replies":[{"embeddable":true,"href":"https:\/\/www.noubarris.net\/relligantnb\/index.php?rest_route=%2Fwp%2Fv2%2Fcomments&post=1520"}],"version-history":[{"count":1,"href":"https:\/\/www.noubarris.net\/relligantnb\/index.php?rest_route=\/wp\/v2\/pages\/1520\/revisions"}],"predecessor-version":[{"id":3105,"href":"https:\/\/www.noubarris.net\/relligantnb\/index.php?rest_route=\/wp\/v2\/pages\/1520\/revisions\/3105"}],"wp:attachment":[{"href":"https:\/\/www.noubarris.net\/relligantnb\/index.php?rest_route=%2Fwp%2Fv2%2Fmedia&parent=1520"}],"curies":[{"name":"wp","href":"https:\/\/api.w.org\/{rel}","templated":true}]}}