{"id":1524,"date":"2014-03-06T13:04:07","date_gmt":"2014-03-06T12:04:07","guid":{"rendered":"http:\/\/www.noubarris.net\/relligantnb\/?page_id=1524"},"modified":"2023-07-11T20:15:41","modified_gmt":"2023-07-11T19:15:41","slug":"torre-baro","status":"publish","type":"page","link":"https:\/\/www.noubarris.net\/relligantnb\/?page_id=1524","title":{"rendered":"Torre Bar\u00f3"},"content":{"rendered":"<p style=\"text-align: justify;\">A la Zona Nord de Nou Barris, constru\u00eft a un espai on la serra presenta unes vistes privilegiades, trobem el barri de Torre Bar\u00f3.<\/p>\n<p><iframe loading=\"lazy\" src=\"\/\/www.youtube.com\/embed\/videoseries?list=PLiB0DlgbaQ3LnVALR-ynjsVhElKtciBZ3\" height=\"360\" width=\"640\" allowfullscreen=\"\" frameborder=\"0\"><\/iframe><\/p>\n<p style=\"text-align: justify;\">Al llarg del segle XX diverses iniciatives havien intentat convertir aquest territori en una zona residencial, a l\u2019estil de les ciutats jard\u00ed. Per\u00f2 aquests Iniciatives no van acabar prosperant.<\/p>\n<p style=\"text-align: justify;\">Torre Bar\u00f3 finalment va cr\u00e9ixer com un barri d\u2019autoconstrucci\u00f3 al llarg dels anys cinquanta i seixanta, motiu que explica el seu urbanisme ca\u00f2tic i les moltes mancances del barri. Per\u00f2 a la vegada, la seva ubicaci\u00f3 i les seves edificacions singulars confereixen a Torre Bar\u00f3 un encant especial.<\/p>\n<p style=\"text-align: justify;\">Coronant la serra trobem un element que s&#8217;ha convertit en tot un s\u00edmbol del districte: el castell de Torre Bar\u00f3.<\/p>\n<p style=\"text-align: justify;\"><strong>Punts hist\u00f2rics:\u00a0<\/strong><a href=\"http:\/\/www.noubarris.net\/relligantnb\/?p=211\"><ul class=\"lcp_catlist\" id=\"lcp_instance_0\"><li><a href=\"https:\/\/www.noubarris.net\/relligantnb\/?p=2496\">&#8220;Los Escuelones&#8221;<\/a><div class=\"lcp_excerpt\">Als anys 60, durant els anys del desenvolupisme, la perif\u00e8ria obrera de Barcelona havia crescut enormement per\u00f2 els barris estaven mancats d\u2019equipaments educatius. No hi havia prou escoles i eren molts els infants d\u2019aquestes zones sense ...<\/div><\/li><li><a href=\"https:\/\/www.noubarris.net\/relligantnb\/?p=207\">Castell de Torre Bar\u00f3<\/a><div class=\"lcp_excerpt\">Si hi ha un s\u00edmbol que identifiqui Nou Barris, aquest \u00e9s el castell de Torre Bar\u00f3. Situat entre els barris de Roquetes i Torre Bar\u00f3, la seva figura \u00e9s el logotip de moltes entitats culturals, socials ...<\/div><\/li><\/ul><\/a><\/p>\n","protected":false},"excerpt":{"rendered":"<p>A la Zona Nord de Nou Barris, constru\u00eft a un espai on la serra presenta unes vistes privilegiades, trobem el<\/p>\n","protected":false},"author":1,"featured_media":0,"parent":0,"menu_order":0,"comment_status":"closed","ping_status":"closed","template":"","meta":{"_monsterinsights_skip_tracking":false,"_monsterinsights_sitenote_active":false,"_monsterinsights_sitenote_note":"","_monsterinsights_sitenote_category":0,"jetpack_post_was_ever_published":false,"footnotes":""},"class_list":["post-1524","page","type-page","status-publish","hentry"],"aioseo_notices":[],"jetpack_shortlink":"https:\/\/wp.me\/P5AnUm-oA","jetpack-related-posts":[],"jetpack_sharing_enabled":true,"_links":{"self":[{"href":"https:\/\/www.noubarris.net\/relligantnb\/index.php?rest_route=\/wp\/v2\/pages\/1524"}],"collection":[{"href":"https:\/\/www.noubarris.net\/relligantnb\/index.php?rest_route=\/wp\/v2\/pages"}],"about":[{"href":"https:\/\/www.noubarris.net\/relligantnb\/index.php?rest_route=\/wp\/v2\/types\/page"}],"author":[{"embeddable":true,"href":"https:\/\/www.noubarris.net\/relligantnb\/index.php?rest_route=\/wp\/v2\/users\/1"}],"replies":[{"embeddable":true,"href":"https:\/\/www.noubarris.net\/relligantnb\/index.php?rest_route=%2Fwp%2Fv2%2Fcomments&post=1524"}],"version-history":[{"count":2,"href":"https:\/\/www.noubarris.net\/relligantnb\/index.php?rest_route=\/wp\/v2\/pages\/1524\/revisions"}],"predecessor-version":[{"id":3114,"href":"https:\/\/www.noubarris.net\/relligantnb\/index.php?rest_route=\/wp\/v2\/pages\/1524\/revisions\/3114"}],"wp:attachment":[{"href":"https:\/\/www.noubarris.net\/relligantnb\/index.php?rest_route=%2Fwp%2Fv2%2Fmedia&parent=1524"}],"curies":[{"name":"wp","href":"https:\/\/api.w.org\/{rel}","templated":true}]}}