{"id":1526,"date":"2014-03-06T13:04:19","date_gmt":"2014-03-06T12:04:19","guid":{"rendered":"http:\/\/www.noubarris.net\/relligantnb\/?page_id=1526"},"modified":"2023-07-11T20:16:14","modified_gmt":"2023-07-11T19:16:14","slug":"vallbona","status":"publish","type":"page","link":"https:\/\/www.noubarris.net\/relligantnb\/?page_id=1526","title":{"rendered":"Vallbona"},"content":{"rendered":"<p style=\"text-align: justify;\">Vallbona es troba situat a la Zona Nord del districte, entre els barris de Ciutat Meridiana, Torre Bar\u00f3 i el riu Bes\u00f2s.<\/p>\n<p><iframe loading=\"lazy\" src=\"\/\/www.youtube.com\/embed\/videoseries?list=PLiB0DlgbaQ3JXPu-NoEh6W4lmDt5u4JV2\" height=\"360\" width=\"640\" allowfullscreen=\"\" frameborder=\"0\"><\/iframe><\/p>\n<p style=\"text-align: justify;\">Propietat de la\u00a0fam\u00edlia\u00a0Pin\u00f3s des del segle XV els terrenys de Vallbona van anar passant al marqu\u00e8s de Barber\u00e0 i als senyors de\u00a0Sivatte. A inicis del segle XX es va fer un projecte de ciutat jard\u00ed que no va prosperar i, despr\u00e9s de la postguerra, el barri es va omplir de cases modestes.<\/p>\n<p style=\"text-align: justify;\">Per\u00f2 la construcci\u00f3 de les autopistes a finals dels anys seixanta va fer que el barri\u00a0qued\u00e9s\u00a0a\u00efllat i mancat de serveis. Un fet que s\u2019ha intentat millorar des dels anys vuitanta amb la renovaci\u00f3 del barri. L\u2019arribada del metro lleuger i la construcci\u00f3 d\u2019un pont que\u00a0connecta\u00a0el barri amb Torre Bar\u00f3 tamb\u00e9 n\u2019ha millorat la connectivitat.<\/p>\n<p style=\"text-align: justify;\">A banda de l\u2019ambient de poble tamb\u00e9 cal destacar que Vallbona \u00e9s l&#8217;\u00fanic barri de la ciutat en el qual encara es conserva un tram descobert del Rec Comtal.<\/p>\n<p style=\"text-align: justify;\"><strong>Punts hist\u00f2rics:\u00a0<\/strong><a href=\"http:\/\/www.noubarris.net\/relligantnb\/?p=211\"><ul class=\"lcp_catlist\" id=\"lcp_instance_0\"><li><a href=\"https:\/\/www.noubarris.net\/relligantnb\/?p=220\">Rec Comtal<\/a><div class=\"lcp_excerpt\">Durant m\u00e9s de 1.000 anys el rec Comtal ha estat la gran s\u00e8quia que ha abastit d\u2019aigua la ciutat de Barcelona. L\u2019origen el trobem a l\u2019edat mitjana, probablement al segle X, quan el comte Mir va ...<\/div><\/li><\/ul><\/a><\/p>\n","protected":false},"excerpt":{"rendered":"<p>Vallbona es troba situat a la Zona Nord del districte, entre els barris de Ciutat Meridiana, Torre Bar\u00f3 i el<\/p>\n","protected":false},"author":1,"featured_media":0,"parent":0,"menu_order":0,"comment_status":"closed","ping_status":"closed","template":"","meta":{"_monsterinsights_skip_tracking":false,"_monsterinsights_sitenote_active":false,"_monsterinsights_sitenote_note":"","_monsterinsights_sitenote_category":0,"jetpack_post_was_ever_published":false,"footnotes":""},"class_list":["post-1526","page","type-page","status-publish","hentry"],"aioseo_notices":[],"jetpack_shortlink":"https:\/\/wp.me\/P5AnUm-oC","jetpack-related-posts":[],"jetpack_sharing_enabled":true,"_links":{"self":[{"href":"https:\/\/www.noubarris.net\/relligantnb\/index.php?rest_route=\/wp\/v2\/pages\/1526"}],"collection":[{"href":"https:\/\/www.noubarris.net\/relligantnb\/index.php?rest_route=\/wp\/v2\/pages"}],"about":[{"href":"https:\/\/www.noubarris.net\/relligantnb\/index.php?rest_route=\/wp\/v2\/types\/page"}],"author":[{"embeddable":true,"href":"https:\/\/www.noubarris.net\/relligantnb\/index.php?rest_route=\/wp\/v2\/users\/1"}],"replies":[{"embeddable":true,"href":"https:\/\/www.noubarris.net\/relligantnb\/index.php?rest_route=%2Fwp%2Fv2%2Fcomments&post=1526"}],"version-history":[{"count":2,"href":"https:\/\/www.noubarris.net\/relligantnb\/index.php?rest_route=\/wp\/v2\/pages\/1526\/revisions"}],"predecessor-version":[{"id":3116,"href":"https:\/\/www.noubarris.net\/relligantnb\/index.php?rest_route=\/wp\/v2\/pages\/1526\/revisions\/3116"}],"wp:attachment":[{"href":"https:\/\/www.noubarris.net\/relligantnb\/index.php?rest_route=%2Fwp%2Fv2%2Fmedia&parent=1526"}],"curies":[{"name":"wp","href":"https:\/\/api.w.org\/{rel}","templated":true}]}}