{"id":1528,"date":"2014-03-06T13:05:40","date_gmt":"2014-03-06T12:05:40","guid":{"rendered":"http:\/\/www.noubarris.net\/relligantnb\/?page_id=1528"},"modified":"2023-07-11T20:17:35","modified_gmt":"2023-07-11T19:17:35","slug":"verdun","status":"publish","type":"page","link":"https:\/\/www.noubarris.net\/relligantnb\/?page_id=1528","title":{"rendered":"Vilapicina i la Torre Llobeta"},"content":{"rendered":"<p style=\"text-align: justify;\">Vilapicina i la Torre Llobeta s\u00f3n els barris m\u00e9s meridionals del districte i limiten amb el Tur\u00f3 de la Peira, Porta i amb el districte d\u2019Horta Guinard\u00f3<\/p>\n<p><iframe loading=\"lazy\" src=\"\/\/www.youtube.com\/embed\/videoseries?list=PLiB0DlgbaQ3KiiTz-syMbAfXPLRy_ysG4\" height=\"360\" width=\"640\" allowfullscreen=\"\" frameborder=\"0\"><\/iframe><\/p>\n<p style=\"text-align: justify;\">Destaca per la seva antiguitat l&#8217;antic nucli de Santa Eul\u00e0lia de Vilapicina, un conjunt d\u2019origen medieval format per l&#8217;antiga esgl\u00e9sia de Santa Eul\u00e0lia de Vilapicina i els edificis de Ca n&#8217;Art\u00e9s i Can Bast\u00e9.<\/p>\n<p style=\"text-align: justify;\">La principal via de comunicaci\u00f3 del barri \u00e9s el passeig de Fabra i Puig, que s\u2019ha convertit en un dels eixos comercials m\u00e9s importants de la ciutat, amb prop de 250 comer\u00e7os amb una gran tradici\u00f3 i varietat d&#8217;oferta. Cal destacar tamb\u00e9 la pla\u00e7a del Virrei Amat, que \u00e9s la m\u00e9s important del barri.<\/p>\n<p style=\"text-align: justify;\">El barri de la Torre Llobeta deu el seu nom a la magn\u00edfica casa senyorial de la Torre Llobeta, constru\u00efda al segle XV. L&#8217;any 1928, els terrenys de la finca van ser venuts a l&#8217;ex\u00e8rcit i posteriorment van ser adquirits per l&#8217;Ajuntament republic\u00e0. Despr\u00e9s de la guerra serien destinats a la construcci\u00f3 d\u2019habitatge social.<\/p>\n<p style=\"text-align: justify;\"><strong>Punts hist\u00f2rics:\u00a0<\/strong><a href=\"http:\/\/www.noubarris.net\/relligantnb\/?p=211\"><ul class=\"lcp_catlist\" id=\"lcp_instance_0\"><li><a href=\"https:\/\/www.noubarris.net\/relligantnb\/?p=184\">Torre Llobeta<\/a><div class=\"lcp_excerpt\">La masia de Torre Llobeta va ser constru\u00efda a finals del segle XV com a casalot senyorial, tot i que posteriorment va ser utilitzada com a masia. Es tracta d\u2019un edifici de planta quadrada i teulada ...<\/div><\/li><li><a href=\"https:\/\/www.noubarris.net\/relligantnb\/?p=2429\">Pla\u00e7a del Virrei Amat<\/a><div class=\"lcp_excerpt\">La pla\u00e7a del Virrei Amat va ser projectada l&#8217;any 1917 com un nus viari que unia el Mental, Horta, els Quinze i Sant Andreu del Palomar a trav\u00e9s del passeig de Fabra i Puig, que aleshores ...<\/div><\/li><li><a href=\"https:\/\/www.noubarris.net\/relligantnb\/?p=2425\">Pla\u00e7a de Santa Eul\u00e0lia<\/a><div class=\"lcp_excerpt\">La de Santa Eul\u00e0lia \u00e9s la pla\u00e7a m\u00e9s antiga del districte de Nou Barris. T\u00e9 aquest nom des de 1922, tot i que va n\u00e9ixer a la segona meitat del segle XIX com a pla\u00e7a de ...<\/div><\/li><li><a href=\"https:\/\/www.noubarris.net\/relligantnb\/?p=2419\">Passatge de Santa Eul\u00e0lia<\/a><div class=\"lcp_excerpt\">El passatge de santa Eul\u00e0lia t\u00e9 una estreta relaci\u00f3 amb el pintor modernista Ramon Casas. Una cosina de l&#8217;artista, \u00c0ngels Puig Espa\u00f1a, va comprar el 1900 tota l&#8217;heretat de Can Garrig\u00f3 amb la intenci\u00f3 de parcel\u00b7lar ...<\/div><\/li><li><a href=\"https:\/\/www.noubarris.net\/relligantnb\/?p=209\">Passatge de l\u2019Esperan\u00e7a<\/a><div class=\"lcp_excerpt\">El passatge de l\u2019Esperan\u00e7a \u00e9s un rac\u00f3 tranquil i poc conegut. Les fa\u00e7anes de les cases s\u00f3n d\u2019estil noucentista amb pinzellades d\u2019art dec\u00f3. Les finestres i les portes estan decorades amb sanefes i motius florals, mentre ...<\/div><\/li><li><a href=\"https:\/\/www.noubarris.net\/relligantnb\/?p=2236\">La Flama<\/a><div class=\"lcp_excerpt\">L\u2019any 1999 es va inaugurar la Flama al carrer de Cartell\u00e0, una escultura de Ricard Vaccaro. Va ser una intervenci\u00f3 que es va integrar perfectament als edificis de l\u2019entorn i que va servir per ordenar aquest ...<\/div><\/li><\/ul><\/a><\/p>\n","protected":false},"excerpt":{"rendered":"<p>Vilapicina i la Torre Llobeta s\u00f3n els barris m\u00e9s meridionals del districte i limiten amb el Tur\u00f3 de la Peira,<\/p>\n","protected":false},"author":1,"featured_media":0,"parent":0,"menu_order":0,"comment_status":"closed","ping_status":"closed","template":"","meta":{"_monsterinsights_skip_tracking":false,"_monsterinsights_sitenote_active":false,"_monsterinsights_sitenote_note":"","_monsterinsights_sitenote_category":0,"jetpack_post_was_ever_published":false,"footnotes":""},"class_list":["post-1528","page","type-page","status-publish","hentry"],"aioseo_notices":[],"jetpack_shortlink":"https:\/\/wp.me\/P5AnUm-oE","jetpack-related-posts":[],"jetpack_sharing_enabled":true,"_links":{"self":[{"href":"https:\/\/www.noubarris.net\/relligantnb\/index.php?rest_route=\/wp\/v2\/pages\/1528"}],"collection":[{"href":"https:\/\/www.noubarris.net\/relligantnb\/index.php?rest_route=\/wp\/v2\/pages"}],"about":[{"href":"https:\/\/www.noubarris.net\/relligantnb\/index.php?rest_route=\/wp\/v2\/types\/page"}],"author":[{"embeddable":true,"href":"https:\/\/www.noubarris.net\/relligantnb\/index.php?rest_route=\/wp\/v2\/users\/1"}],"replies":[{"embeddable":true,"href":"https:\/\/www.noubarris.net\/relligantnb\/index.php?rest_route=%2Fwp%2Fv2%2Fcomments&post=1528"}],"version-history":[{"count":2,"href":"https:\/\/www.noubarris.net\/relligantnb\/index.php?rest_route=\/wp\/v2\/pages\/1528\/revisions"}],"predecessor-version":[{"id":3120,"href":"https:\/\/www.noubarris.net\/relligantnb\/index.php?rest_route=\/wp\/v2\/pages\/1528\/revisions\/3120"}],"wp:attachment":[{"href":"https:\/\/www.noubarris.net\/relligantnb\/index.php?rest_route=%2Fwp%2Fv2%2Fmedia&parent=1528"}],"curies":[{"name":"wp","href":"https:\/\/api.w.org\/{rel}","templated":true}]}}