{"id":1543,"date":"2014-03-06T13:15:02","date_gmt":"2014-03-06T12:15:02","guid":{"rendered":"http:\/\/www.noubarris.net\/relligantnb\/?page_id=1543"},"modified":"2023-07-11T20:17:04","modified_gmt":"2023-07-11T19:17:04","slug":"verdun-2","status":"publish","type":"page","link":"https:\/\/www.noubarris.net\/relligantnb\/?page_id=1543","title":{"rendered":"Verdum"},"content":{"rendered":"<p style=\"text-align: justify;\">El barri de Verdum es troba a la part central de Nou Barris envoltat pels barris de Roquetes, Guineueta i Prosperitat.<\/p>\n<p><iframe loading=\"lazy\" src=\"\/\/www.youtube.com\/embed\/videoseries?list=PLiB0DlgbaQ3JJpy7dDrsVjgd1Vic9o5tE\" height=\"360\" width=\"640\" allowfullscreen=\"\" frameborder=\"0\"><\/iframe><\/p>\n<p style=\"text-align: justify;\">Verdum \u00e9s un triangle urbanitzat format per dues grans promocions d\u2019habitatges: les anomendes Cases del Governador, constru\u00efdes als anys cinquanta, i el pol\u00edgon de l&#8217;Obra Sindical de la Llar, art\u00edfex tamb\u00e9 dels habitatges del barri de Trinitat Nova.<\/p>\n<p style=\"text-align: justify;\">La p\u00e8ssima qualitat dels Habitatges del Governador va motivar als anys noranta la remodelaci\u00f3 del barri a c\u00e0rrec. Actualment, molts dels blocs d&#8217;habitatges han estat substitu\u00efts per noves construccions.<\/p>\n<p style=\"text-align: justify;\">Verdum \u00e9s un dels barris amb m\u00e9s caliu del districte, principalment a causa de l\u2019activitat comercial de la Via J\u00falia, del carrer de l&#8217;Artesania i molts dels carrers adjacents.<\/p>\n<p style=\"text-align: justify;\"><strong>Punts hist\u00f2rics:\u00a0<\/strong><a href=\"http:\/\/www.noubarris.net\/relligantnb\/?p=211\"><ul class=\"lcp_catlist\" id=\"lcp_instance_0\"><li><a href=\"https:\/\/www.noubarris.net\/relligantnb\/?p=1343\">Les Cases del Governador<\/a><div class=\"lcp_excerpt\">Amb motiu dels actes del XXXV Congr\u00e9s Eucar\u00edstic de Barcelona, el 27 de setembre de 1952, es va ordenar la pavimentaci\u00f3 d\u2019una esplanada al barri de Verdum per a la construcci\u00f3 d\u2019habitatges econ\u00f2mics sota el patrocini ...<\/div><\/li><li><a href=\"https:\/\/www.noubarris.net\/relligantnb\/?p=2507\">La via J\u00falia<\/a><div class=\"lcp_excerpt\">La via J\u00falia \u00e9s un dels carrers m\u00e9s transitats de Nou Barris. Va ser dissenyada sobre pl\u00e0nol l\u2019any 1905 dins el Pla Jaussely com una via per millorar les comunicacions entre els municipis agregats a Barcelona. ...<\/div><\/li><li><a href=\"https:\/\/www.noubarris.net\/relligantnb\/?p=2330\">La Torre Fav\u00e8ncia<\/a><div class=\"lcp_excerpt\">L\u2019any 1986 s\u2019enllestia la remodelaci\u00f3 de la Via J\u00falia, una obra que havia de resoldre els problemes de rasants que ja patia el carrer i que s\u2019havien vist agreujats despr\u00e9s de l\u2019arribada del metro. Nou Barris, ...<\/div><\/li><\/ul><\/a><\/p>\n","protected":false},"excerpt":{"rendered":"<p>El barri de Verdum es troba a la part central de Nou Barris envoltat pels barris de Roquetes, Guineueta i<\/p>\n","protected":false},"author":1,"featured_media":0,"parent":0,"menu_order":0,"comment_status":"closed","ping_status":"closed","template":"","meta":{"_monsterinsights_skip_tracking":false,"_monsterinsights_sitenote_active":false,"_monsterinsights_sitenote_note":"","_monsterinsights_sitenote_category":0,"jetpack_post_was_ever_published":false,"footnotes":""},"class_list":["post-1543","page","type-page","status-publish","hentry"],"aioseo_notices":[],"jetpack_shortlink":"https:\/\/wp.me\/P5AnUm-oT","jetpack-related-posts":[],"jetpack_sharing_enabled":true,"_links":{"self":[{"href":"https:\/\/www.noubarris.net\/relligantnb\/index.php?rest_route=\/wp\/v2\/pages\/1543"}],"collection":[{"href":"https:\/\/www.noubarris.net\/relligantnb\/index.php?rest_route=\/wp\/v2\/pages"}],"about":[{"href":"https:\/\/www.noubarris.net\/relligantnb\/index.php?rest_route=\/wp\/v2\/types\/page"}],"author":[{"embeddable":true,"href":"https:\/\/www.noubarris.net\/relligantnb\/index.php?rest_route=\/wp\/v2\/users\/1"}],"replies":[{"embeddable":true,"href":"https:\/\/www.noubarris.net\/relligantnb\/index.php?rest_route=%2Fwp%2Fv2%2Fcomments&post=1543"}],"version-history":[{"count":2,"href":"https:\/\/www.noubarris.net\/relligantnb\/index.php?rest_route=\/wp\/v2\/pages\/1543\/revisions"}],"predecessor-version":[{"id":3118,"href":"https:\/\/www.noubarris.net\/relligantnb\/index.php?rest_route=\/wp\/v2\/pages\/1543\/revisions\/3118"}],"wp:attachment":[{"href":"https:\/\/www.noubarris.net\/relligantnb\/index.php?rest_route=%2Fwp%2Fv2%2Fmedia&parent=1543"}],"curies":[{"name":"wp","href":"https:\/\/api.w.org\/{rel}","templated":true}]}}