{"id":2468,"date":"2017-05-05T19:28:21","date_gmt":"2017-05-05T18:28:21","guid":{"rendered":"http:\/\/www.noubarris.net\/relligantnb\/?page_id=2468"},"modified":"2017-05-08T15:47:05","modified_gmt":"2017-05-08T14:47:05","slug":"ruta-de-les-places","status":"publish","type":"page","link":"https:\/\/www.noubarris.net\/relligantnb\/?page_id=2468","title":{"rendered":"Ruta de les places"},"content":{"rendered":"<p>A l&#8217;espai p\u00fablic les places s\u00f3n espais de trobada i socialitzaci\u00f3. Descobriu amb aquesta ruta algunes de les principals places de Nou Barris, espais que en molts casos han guanyat els ve\u00efns i les ve\u00efnes despr\u00e9s de llargues lluites per humanitzar els barris.<\/p>\n<ul>\n<li><em>Podeu comen\u00e7ar la ruta a la pla\u00e7a de Santa Eul\u00e0lia, la m\u00e9s antiga de Nou Barris. (L5 Vilapicina, Virrei Amat). Des d&#8217;aquest punt podem seguir pel carrer dels Amics i de Joan Alcover fins arribar a la pla\u00e7a del Virrei Amat.<\/em><\/li>\n<li>A continuaci\u00f3 podem pujar pel carrer del Doctor Pi i Molist fins que trobem el carrer de l&#8217;Escultor Ord\u00f3\u00f1ez, per <em>on tombarem en direcci\u00f3 a la pla\u00e7a de S\u00f3ller.<\/em><\/li>\n<li><em>El mateix carrer de l&#8217;Escultor Ord\u00f3\u00f1ez ens portar\u00e0 cap al passeig de Valldaura. Seguint el passeig arribarem a la pla\u00e7a Harry Walker.<\/em><\/li>\n<li><em>Si bordegem la pla\u00e7a trobarem el carrer de Baltasar Gracian. Seguint-lo arribarem a la pla\u00e7a d&#8217;\u00c0ngel Pesta\u00f1a.<\/em><\/li>\n<li><em>Per arribar fins a la pla\u00e7a de les Roquetes tenim un bon tram de pujada. Podem seguir pel carrer de Pablo Iglesias fins a Joaquim Valls per on podem pujar, creuant la Via J\u00falia i posteriorment la Via Fav\u00e8ncia. Ja a Roquetes podem seguir els carrers de Jaume Pinent, Pla de Fornells i Llopis, que ens conduir\u00e0 fins a es escales mec\u00e0niques que permeten pujar a la pla\u00e7a de les Roquetes.<\/em><\/li>\n<li><em>Per arribar al darrer punt es pot optar per agafar el metro, la L4 a Roquetes fins a Trinitat Nova, on fer transbord a la L11 fins a Torre Bar\u00f3. Si volem anara caminant tenim un llarg tram pels carrers d&#8217;Aiguablava i l&#8217;Avinguda de Vallbona.<\/em><\/li>\n<\/ul>\n<p><strong>Elements:<\/strong><\/p>\n<ol>\n<li><a href=\"http:\/\/www.noubarris.net\/relligantnb\/?p=2425\" target=\"_blank\" rel=\"noopener noreferrer\">Pla\u00e7a de Santa Eul\u00e0lia<\/a><\/li>\n<li><a href=\"http:\/\/www.noubarris.net\/relligantnb\/?p=2429\" target=\"_blank\" rel=\"noopener noreferrer\">Pla\u00e7a del Virrei Amat<\/a><\/li>\n<li><a href=\"http:\/\/www.noubarris.net\/relligantnb\/?p=2427\" target=\"_blank\" rel=\"noopener noreferrer\">Pla\u00e7a de S\u00f3ller<\/a><\/li>\n<li><a href=\"http:\/\/www.noubarris.net\/relligantnb\/?p=1345\" target=\"_blank\" rel=\"noopener noreferrer\">Harry Walker<\/a><\/li>\n<li><a href=\"http:\/\/www.noubarris.net\/relligantnb\/?p=2322\" target=\"_blank\" rel=\"noopener noreferrer\">Pla\u00e7a d&#8217;\u00c0ngel Pesta\u00f1a<\/a><\/li>\n<li><a href=\"http:\/\/www.noubarris.net\/relligantnb\/?p=2423\" target=\"_blank\" rel=\"noopener noreferrer\">Pla\u00e7a de les Roquetes<\/a><\/li>\n<li><a href=\"http:\/\/www.noubarris.net\/relligantnb\/?p=2421\" target=\"_blank\" rel=\"noopener noreferrer\">Pla\u00e7a Roja de Ciutat Meridiana<\/a><\/li>\n<\/ol>\n<p><strong>Ubicacions dels elements de la ruta:<\/strong><\/p>\n<p><iframe loading=\"lazy\" src=\"https:\/\/www.google.com\/maps\/d\/embed?mid=1nCVlnCouJPCOBGPD9oFt2lZMECs\" width=\"640\" height=\"360\"><\/iframe><\/p>\n<p><strong>Ubicacions dels elements de\u00a0la ruta:<\/strong><\/p>\n<p><iframe loading=\"lazy\" src=\"https:\/\/www.youtube.com\/embed\/videoseries?list=PLiB0DlgbaQ3LeIzuD5dGP9_9HpKokOYzj\" width=\"640\" height=\"360\" frameborder=\"0\" allowfullscreen=\"allowfullscreen\"><\/iframe><\/p>\n","protected":false},"excerpt":{"rendered":"<p>A l&#8217;espai p\u00fablic les places s\u00f3n espais de trobada i socialitzaci\u00f3. Descobriu amb aquesta ruta algunes de les principals places<\/p>\n","protected":false},"author":1,"featured_media":0,"parent":0,"menu_order":0,"comment_status":"closed","ping_status":"closed","template":"","meta":{"_monsterinsights_skip_tracking":false,"_monsterinsights_sitenote_active":false,"_monsterinsights_sitenote_note":"","_monsterinsights_sitenote_category":0,"jetpack_post_was_ever_published":false,"footnotes":""},"class_list":["post-2468","page","type-page","status-publish","hentry"],"aioseo_notices":[],"jetpack_shortlink":"https:\/\/wp.me\/P5AnUm-DO","jetpack-related-posts":[],"jetpack_sharing_enabled":true,"_links":{"self":[{"href":"https:\/\/www.noubarris.net\/relligantnb\/index.php?rest_route=\/wp\/v2\/pages\/2468"}],"collection":[{"href":"https:\/\/www.noubarris.net\/relligantnb\/index.php?rest_route=\/wp\/v2\/pages"}],"about":[{"href":"https:\/\/www.noubarris.net\/relligantnb\/index.php?rest_route=\/wp\/v2\/types\/page"}],"author":[{"embeddable":true,"href":"https:\/\/www.noubarris.net\/relligantnb\/index.php?rest_route=\/wp\/v2\/users\/1"}],"replies":[{"embeddable":true,"href":"https:\/\/www.noubarris.net\/relligantnb\/index.php?rest_route=%2Fwp%2Fv2%2Fcomments&post=2468"}],"version-history":[{"count":0,"href":"https:\/\/www.noubarris.net\/relligantnb\/index.php?rest_route=\/wp\/v2\/pages\/2468\/revisions"}],"wp:attachment":[{"href":"https:\/\/www.noubarris.net\/relligantnb\/index.php?rest_route=%2Fwp%2Fv2%2Fmedia&parent=2468"}],"curies":[{"name":"wp","href":"https:\/\/api.w.org\/{rel}","templated":true}]}}