{"id":2486,"date":"2018-01-16T13:50:56","date_gmt":"2018-01-16T12:50:56","guid":{"rendered":"http:\/\/www.noubarris.net\/relligantnb\/?page_id=2486"},"modified":"2018-01-16T15:02:00","modified_gmt":"2018-01-16T14:02:00","slug":"politica-de-privacitat","status":"publish","type":"page","link":"https:\/\/www.noubarris.net\/relligantnb\/?page_id=2486","title":{"rendered":"Pol\u00edtica de privacitat"},"content":{"rendered":"<p>&#8211;En Proves &#8212;<\/p>\n<p>La present Pol\u00edtica de Privacitat t\u00e9 per objecte donar a con\u00e8ixer la manera en qu\u00e8 es recullen, tracten i protegeixen les dades de car\u00e0cter personal recaptats a trav\u00e9s de la <a title=\"www.noubarris.net\" href=\"http:\/\/www.noubarris.net\/web40\/\" target=\"_blank\" rel=\"noopener\"><strong>Relligant Nou Barris<\/strong><\/a> (el &#8220;Lloc Web&#8221;), per tal que els usuaris determinin lliure i volunt\u00e0riament si desitgen facilitar les seves dades personals a trav\u00e9s dels formularis habilitats a aquest efecte.<\/p>\n<p>El lloc web proporcionar\u00e0 als usuaris els recursos t\u00e8cnics adequats perqu\u00e8, amb car\u00e0cter previ a l&#8217;ompliment de les dades personals, puguin accedir a aquesta Pol\u00edtica de Privadesa i a qualsevol altra informaci\u00f3 rellevant en mat\u00e8ria de protecci\u00f3 de dades de car\u00e0cter personal.<\/p>\n<p>L&#8217;acc\u00e9s i \u00fas del lloc web per l&#8217;usuari (el &#8220;Usuari&#8221;) implica que accepta \u00edntegrament i s&#8217;obliga a complir completament els termes i condicions recollits en la present Pol\u00edtica de Privacitat, aix\u00ed com en les disposicions que cont\u00e9 la <a title=\"Pol\u00ectica de Cookies\" href=\"http:\/\/www.noubarris.net\/web40\/?page_id=9\"><strong>Pol\u00edtica de Cookies<\/strong><\/a>, configurant els esmentats documents en el seu conjunt com els textos legals rectors del lloc web. La prestaci\u00f3 del servei del lloc web t\u00e9 una durada limitada al moment en qu\u00e8 l&#8217;Usuari es trobi connectat al lloc web o algun dels serveis que a trav\u00e9s del mateix es faciliten; per tant, l&#8217;Usuari ha de llegir atentament la present Pol\u00edtica de Privacitat en cadascuna de les ocasions que es proposi utilitzar el Lloc Web, ja que aquesta pot patir modificacions en funci\u00f3 de novetats o exig\u00e8ncies legislatives i jurisprudencials o per necessitats de pol\u00edtica interna.<\/p>\n<p>La present Pol\u00edtica de Privacitat ser\u00e0 v\u00e0lida \u00fanicament per a les dades de car\u00e0cter personal obtingudes en el Lloc Web, no sent aplicable per a aquella informaci\u00f3 recollida per tercers en altres p\u00e0gines web, encara que aquestes es troben enlla\u00e7ades pel lloc web.<\/p>\n<p><strong>Responsable del fitxer i recollida de dades de car\u00e0cter personal<\/strong><br \/>\nEn compliment amb el que disposa la Llei Org\u00e0nica 15\/1999, de 13 de desembre, de protecci\u00f3 de dades de car\u00e0cter personal i la seva normativa de desenvolupament, es posa en coneixement de l&#8217;Usuari que les dades recollides a trav\u00e9s de qualssevol formularis de recollida de dades del lloc web seran incorporades a un fitxer titularitat de l&#8217;<strong>Associaci\u00f3 Projectart<\/strong> amb NIF: G-58532870, i registrat en l&#8217;Ag\u00e8ncia Espanyola de Protecci\u00f3 de Dades.<\/p>\n<p>Aquestes dades seran utilitzades nom\u00e9s per a l&#8217;enviament de la informaci\u00f3 requerida per l&#8217;Usuari o d&#8217;altres serveis propis similars a aquells per als quals l&#8217;Usuari ha mostrat inter\u00e8s, i en cap cas seran cedides a tercers.<\/p>\n<p><strong>L&#8217;Usuari t\u00e9 dret a:<\/strong><\/p>\n<ul>\n<li>Preguntar quines dades personals emmagatzemo sobre l&#8217;Usuari en qualsevol moment<\/li>\n<li>Demanar que actualitzi o corregeixi de forma gratu\u00efta dades incorrectes o desfasats que retinc sobre l&#8217;Usuari<\/li>\n<li>Donar-se de baixa de qualsevol comunicaci\u00f3 de m\u00e0rqueting que pugui enviar-<\/li>\n<li>Pot exercir els seus drets d&#8217;acc\u00e9s, rectificaci\u00f3, cancel\u00b7laci\u00f3 i oposici\u00f3 enviant un correu a <a href=\"mailto:info@noubarris.net\">info@noubarris.net<\/a>.<\/li>\n<\/ul>\n<p><strong>Correus comercials<\/strong><br \/>\nD&#8217;acord amb la LSSICE, aquest lloc web no realitza pr\u00e0ctiques de SPAM, pel que no envia correus comercials per via electr\u00f2nica que no hagin estat pr\u00e8viament sol\u00b7licitats o autoritzats per l&#8217;Usuari. En algunes ocasions, pot remetre promocions i ofertes puntuals pr\u00f2pies, nom\u00e9s en els casos en qu\u00e8 compti amb l&#8217;autoritzaci\u00f3 dels destinataris.<\/p>\n<p>En conseq\u00fc\u00e8ncia, a cada un dels formularis que hi ha hagut en la p\u00e0gina web, l&#8217;Usuari t\u00e9 la possibilitat de donar el seu consentiment per rebre la meva Newsletter, amb independ\u00e8ncia de la informaci\u00f3 comercial puntualment sol\u00b7licitada. Tamb\u00e9 podr\u00e0 cancel\u00b7lar la seva subscripci\u00f3 de manera autom\u00e0tica en la mateixa Newsletter.<\/p>\n<p><strong>Cookies<\/strong><br \/>\nIgual que altres portals d&#8217;Internet, el lloc web utilitza una tecnologia anomenada &#8220;cookies&#8221; per recollir informaci\u00f3 sobre la forma d&#8217;utilitzaci\u00f3 del lloc web. Per obtenir informaci\u00f3 detallada sobre com el Lloc Web utilitza les cookies, consulta la <a title=\"Pol\u00ectica de Cookies\" href=\"http:\/\/www.noubarris.net\/relligantnb\/?page_id=1329\"><strong>Pol\u00edtica de Cookies<\/strong><\/a>.<\/p>\n<p><strong>Llocs de tercers<\/strong><br \/>\nEn el lloc web es podrien incloure enlla\u00e7os a llocs controlats per tercers. L&#8217;Usuari ha de recordar que a l&#8217;usar un enlla\u00e7 per accedir des del Lloc Web a un altre, deixaran de tenir efectes la Pol\u00edtica de Privadesa i la <a title=\"Pol\u00ectica de Cookies\" href=\"http:\/\/www.noubarris.net\/web40\/?page_id=9\"><strong>Pol\u00edtica de Cookies<\/strong><\/a>. La present Pol\u00edtica de Privacitat no reflecteix les pr\u00e0ctiques en mat\u00e8ria de privacitat d&#8217;aquests altres llocs de tercers.<\/p>\n<p>El lloc web declina qualsevol tipus de responsabilitat respecte a la privacitat i el tractament de dades d&#8217;altres llocs web. La navegaci\u00f3 i interacci\u00f3 en qualsevol altre lloc web, inclosos els que estiguin enlla\u00e7ats amb el lloc web, est\u00e0 subjecta a les normes i pol\u00edtiques d&#8217;aquest lloc.<\/p>\n<p>Es recomana a l&#8217;Usuari que llegeixi les pol\u00edtiques de tractament de dades i privacitat dels llocs web que visiti a trav\u00e9s de l&#8217;enlla\u00e7 existent en el Lloc Web o de qualsevol altra manera.<\/p>\n<p><strong>Menors<\/strong><br \/>\nEls menors de 18 anys no podran utilitzar els serveis disponibles a trav\u00e9s del Lloc Web sense la pr\u00e8via autoritzaci\u00f3 dels seus pares, tutors o representants legals, que seran responsables de tots els actes realitzats a trav\u00e9s del lloc web pels menors al seu c\u00e0rrec, incloent l&#8217;emplenament dels formularis amb les dades personals d&#8217;aquests menors i la marcaci\u00f3, si escau, de les caselles que els acompanyen.<\/p>\n<p><strong> \u00bfActualitzo la pol\u00edtica de privacitat?<\/strong><br \/>\n\u00c9s possible que actualitzi la pol\u00edtica de privacitat d&#8217;aquesta web, per aix\u00f2 et recomano revisar aquesta pol\u00edtica cada vegada que accedeixis a aquest web amb l&#8217;objectiu d&#8217;estar adequadament informat. La pol\u00edtica de privacitat es va actualitzar per \u00faltima vegada a data [22 maig 2016].<\/p>\n","protected":false},"excerpt":{"rendered":"<p>&#8211;En Proves &#8212; La present Pol\u00edtica de Privacitat t\u00e9 per objecte donar a con\u00e8ixer la manera en qu\u00e8 es recullen,<\/p>\n","protected":false},"author":1,"featured_media":0,"parent":0,"menu_order":0,"comment_status":"closed","ping_status":"closed","template":"","meta":{"_monsterinsights_skip_tracking":false,"_monsterinsights_sitenote_active":false,"_monsterinsights_sitenote_note":"","_monsterinsights_sitenote_category":0,"jetpack_post_was_ever_published":false,"footnotes":""},"class_list":["post-2486","page","type-page","status-publish","hentry"],"aioseo_notices":[],"jetpack_shortlink":"https:\/\/wp.me\/P5AnUm-E6","jetpack-related-posts":[],"jetpack_sharing_enabled":true,"_links":{"self":[{"href":"https:\/\/www.noubarris.net\/relligantnb\/index.php?rest_route=\/wp\/v2\/pages\/2486"}],"collection":[{"href":"https:\/\/www.noubarris.net\/relligantnb\/index.php?rest_route=\/wp\/v2\/pages"}],"about":[{"href":"https:\/\/www.noubarris.net\/relligantnb\/index.php?rest_route=\/wp\/v2\/types\/page"}],"author":[{"embeddable":true,"href":"https:\/\/www.noubarris.net\/relligantnb\/index.php?rest_route=\/wp\/v2\/users\/1"}],"replies":[{"embeddable":true,"href":"https:\/\/www.noubarris.net\/relligantnb\/index.php?rest_route=%2Fwp%2Fv2%2Fcomments&post=2486"}],"version-history":[{"count":0,"href":"https:\/\/www.noubarris.net\/relligantnb\/index.php?rest_route=\/wp\/v2\/pages\/2486\/revisions"}],"wp:attachment":[{"href":"https:\/\/www.noubarris.net\/relligantnb\/index.php?rest_route=%2Fwp%2Fv2%2Fmedia&parent=2486"}],"curies":[{"name":"wp","href":"https:\/\/api.w.org\/{rel}","templated":true}]}}