{"id":2883,"date":"2019-09-30T18:49:10","date_gmt":"2019-09-30T17:49:10","guid":{"rendered":"http:\/\/www.noubarris.net\/relligantnb\/?page_id=2883"},"modified":"2022-06-27T10:07:05","modified_gmt":"2022-06-27T09:07:05","slug":"videos-en-360o","status":"publish","type":"page","link":"https:\/\/www.noubarris.net\/relligantnb\/?page_id=2883","title":{"rendered":"RNB360"},"content":{"rendered":"<p>Benvingut a una nova experi\u00e8ncia dins el <a href=\"http:\/\/www.noubarris.net\/relligantnb\">Relligant Nou Barris<\/a>. Ho anomenem <strong>RNB360<\/strong>, i \u00e9s una manera diferent de descobrir els punts hist\u00f2rics del districte. Aqu\u00ed trobar\u00e0s v\u00eddeos gravats en 360 graus, on et podr\u00e0s submergir en els espais m\u00e9s emblem\u00e0tics com si fossis all\u00e0 mateix.<\/p>\n<p>Actualment encara no hi s\u00f3n tots els punts, per\u00f2 estem treballant per oferir-vos totes les localitzacions. Per si no saps com funciona el v\u00eddeo 360\u00ba, hem fet una <a href=\"http:\/\/www.noubarris.net\/relligantnb\/?p=2915\">petita guia<\/a>.<\/p>\n<p>Aqu\u00ed tens la llista dels v\u00eddeos. Si tens instal\u2022lada l\u2019aplicaci\u00f3 de YouTube al teu tel\u00e8fon intel\u2022ligent o tauleta, els veur\u00e0s a partir de l\u2019enlla\u00e7 que et facilitem.<\/p>\n<p style=\"text-align: center;\"><iframe loading=\"lazy\" style=\"line-height: 36.03603744506836px;\" src=\"\/\/www.youtube.com\/embed\/videoseries?list=PLiB0DlgbaQ3JqUs5KvUytCwtTEzg2ZDiH\" width=\"640\" height=\"360\" frameborder=\"0\" allowfullscreen=\"allowfullscreen\"><span style=\"display: inline-block; width: 0px; overflow: hidden; line-height: 0;\" data-mce-type=\"bookmark\" class=\"mce_SELRES_start\"><\/span><\/iframe><\/p>\n<p>Tamb\u00e9 pots entrar directament a l\u2019entrada del v\u00eddeo per tenir tota la informaci\u00f3 del punt:<\/p>\n<ul style=\"list-style-type: circle;\">\n<li><a title=\"Els Aurigues Ol\u00edmpics de Can Drag\u00f3\" href=\"http:\/\/www.noubarris.net\/relligantnb\/?p=2240\">Els Aurigues Ol\u00edmpics de Can Drag\u00f3<\/a><\/li>\n<li><a title=\"Castell de Torre Bar\u00f3\" href=\"http:\/\/www.noubarris.net\/relligantnb\/?p=207\">Castell de Torre Bar\u00f3<\/a><\/li>\n<li><a title=\"Hospital Mental de la Santa Creu\" href=\"http:\/\/www.noubarris.net\/relligantnb\/?p=203\">Hospital Mental de la Santa Creu<\/a><\/li>\n<li><a title=\"Cementiri de Sant Andreu\" href=\"http:\/\/www.noubarris.net\/relligantnb\/?p=201\">Cementiri de Sant Andreu<\/a><\/li>\n<li><a title=\"Casa de l\u2019Aigua\" href=\"http:\/\/www.noubarris.net\/relligantnb\/?p=198\">Casa de l\u2019Aigua<\/a><\/li>\n<li><a title=\"Aq\u00fceducte del Parc Central\" href=\"http:\/\/www.noubarris.net\/relligantnb\/?p=196\">Aq\u00fceducte del Parc Central<\/a><\/li>\n<li><a title=\"Can Verdaguer\" href=\"http:\/\/www.noubarris.net\/relligantnb\/?p=192\">Can Verdaguer<\/a><\/li>\n<li><a title=\"Ca n\u2019Art\u00e8s\" href=\"http:\/\/www.noubarris.net\/relligantnb\/?p=188\">Ca n\u2019Art\u00e8s<\/a><\/li>\n<li><a title=\"Santa Eul\u00e0lia de Vilapicina\" href=\"http:\/\/www.noubarris.net\/relligantnb\/?p=186\">Santa Eul\u00e0lia de Vilapicina<\/a><\/li>\n<li><a title=\"Can Bast\u00e9\" href=\"http:\/\/www.noubarris.net\/relligantnb\/?p=182\">Can Bast\u00e9<\/a><\/li>\n<li><a href=\"http:\/\/www.noubarris.net\/relligantnb\/?p=179\">Ateneu Popular de Nou Barris<\/a><\/li>\n<li class=\"li1\"><span class=\"s1\"><a href=\"https:\/\/www.noubarris.net\/relligantnb\/?p=209\"><span class=\"s2\">Passatge de l&#8217;Esperan\u00e7a<\/span><\/a><\/span> <span class=\"s4\">&#x1f195;<\/span><\/li>\n<li class=\"li1\"><span class=\"s1\"><a href=\"https:\/\/www.noubarris.net\/relligantnb\/?p=2429\"><span class=\"s2\">Pla\u00e7a del Virrei Amat <\/span><span class=\"s5\">&#x1f195;<\/span><\/a><\/span><\/li>\n<li class=\"li1\"><span class=\"s1\"><a href=\"https:\/\/www.noubarris.net\/relligantnb\/?p=2427\"><span class=\"s2\">La Pla\u00e7a de S\u00f3ller<\/span><\/a><\/span> <span class=\"s4\">&#x1f195;<\/span><\/li>\n<li class=\"li1\"><span class=\"s1\"><a href=\"https:\/\/www.noubarris.net\/relligantnb\/?p=1345\"><span class=\"s2\">Pla\u00e7a de les treballadores i treballadors de la Harry Walker<\/span><\/a><\/span> <span class=\"s4\">&#x1f195;<\/span><\/li>\n<li class=\"li1\"><span class=\"s1\"><a href=\"https:\/\/www.noubarris.net\/relligantnb\/?p=177\"><span class=\"s2\">Est\u00e0tua de la Rep\u00fablica<\/span><\/a><\/span> <span class=\"s4\">&#x1f195;<\/span><\/li>\n<li class=\"li1\"><span class=\"s1\"><a href=\"https:\/\/www.noubarris.net\/relligantnb\/?p=2322\"><span class=\"s2\">Pla\u00e7a d&#8217;\u00c0ngel Pesta\u00f1a<\/span><\/a><\/span> <span class=\"s4\">&#x1f195;<\/span><\/li>\n<li class=\"li1\"><span class=\"s1\"><a href=\"https:\/\/www.noubarris.net\/relligantnb\/?p=184\"><span class=\"s2\">Torre Llobeta<\/span><\/a><\/span> <span class=\"s4\">&#x1f195;<\/span><\/li>\n<li class=\"li1\"><span class=\"s1\"><a href=\"https:\/\/www.noubarris.net\/relligantnb\/?p=2423\"><span class=\"s2\">Pla\u00e7a de les Roquetes<\/span><\/a><\/span> <span class=\"s4\">&#x1f195;<\/span><\/li>\n<li class=\"li1\"><span class=\"s1\"><a href=\"https:\/\/www.noubarris.net\/relligantnb\/?p=214\"><span class=\"s2\">Aq\u00fceducte de Ciutat Meridiana<\/span><\/a><\/span> <span class=\"s4\">&#x1f195;<\/span><\/li>\n<\/ul>\n","protected":false},"excerpt":{"rendered":"<p>Benvingut a una nova experi\u00e8ncia dins el Relligant Nou Barris. Ho anomenem RNB360, i \u00e9s una manera diferent de descobrir<\/p>\n","protected":false},"author":1,"featured_media":0,"parent":0,"menu_order":0,"comment_status":"closed","ping_status":"closed","template":"","meta":{"_monsterinsights_skip_tracking":false,"_monsterinsights_sitenote_active":false,"_monsterinsights_sitenote_note":"","_monsterinsights_sitenote_category":0,"jetpack_post_was_ever_published":false,"footnotes":""},"class_list":["post-2883","page","type-page","status-publish","hentry"],"aioseo_notices":[],"jetpack_shortlink":"https:\/\/wp.me\/P5AnUm-Kv","jetpack-related-posts":[],"jetpack_sharing_enabled":true,"_links":{"self":[{"href":"https:\/\/www.noubarris.net\/relligantnb\/index.php?rest_route=\/wp\/v2\/pages\/2883"}],"collection":[{"href":"https:\/\/www.noubarris.net\/relligantnb\/index.php?rest_route=\/wp\/v2\/pages"}],"about":[{"href":"https:\/\/www.noubarris.net\/relligantnb\/index.php?rest_route=\/wp\/v2\/types\/page"}],"author":[{"embeddable":true,"href":"https:\/\/www.noubarris.net\/relligantnb\/index.php?rest_route=\/wp\/v2\/users\/1"}],"replies":[{"embeddable":true,"href":"https:\/\/www.noubarris.net\/relligantnb\/index.php?rest_route=%2Fwp%2Fv2%2Fcomments&post=2883"}],"version-history":[{"count":4,"href":"https:\/\/www.noubarris.net\/relligantnb\/index.php?rest_route=\/wp\/v2\/pages\/2883\/revisions"}],"predecessor-version":[{"id":3080,"href":"https:\/\/www.noubarris.net\/relligantnb\/index.php?rest_route=\/wp\/v2\/pages\/2883\/revisions\/3080"}],"wp:attachment":[{"href":"https:\/\/www.noubarris.net\/relligantnb\/index.php?rest_route=%2Fwp%2Fv2%2Fmedia&parent=2883"}],"curies":[{"name":"wp","href":"https:\/\/api.w.org\/{rel}","templated":true}]}}