{"id":2976,"date":"2021-01-20T13:40:41","date_gmt":"2021-01-20T12:40:41","guid":{"rendered":"http:\/\/www.noubarris.net\/relligantnb\/?page_id=2976"},"modified":"2022-03-01T11:22:30","modified_gmt":"2022-03-01T10:22:30","slug":"rquiz","status":"publish","type":"page","link":"https:\/\/www.noubarris.net\/relligantnb\/?page_id=2976","title":{"rendered":"rQuiz"},"content":{"rendered":"<p>Benvingut a una nova experi\u00e8ncia dins el Relligant Nou Barris. Ho anomenem RelligantQuiz, i \u00e9s una manera diferent de descobrir, apendre i ensenyar els punts hist\u00f2rics del districte. Com si d&#8217;un concurs de televisi\u00f3 es tract\u00e8s, aqu\u00ed trobar\u00e0s q\u00fcestionaris interactius on posar a prova els teus coneixements sobre el districte de Nou Barris jugant amb el teu m\u00f2bil, tauleta o ordinador.<\/p>\n<p><img loading=\"lazy\" decoding=\"async\" class=\"alignnone wp-image-3015\" src=\"http:\/\/www.noubarris.net\/relligantnb\/wp-content\/uploads\/pantallazoRquiz-300x169.jpg\" alt=\"\" width=\"465\" height=\"262\" srcset=\"https:\/\/www.noubarris.net\/relligantnb\/wp-content\/uploads\/pantallazoRquiz-300x169.jpg 300w, https:\/\/www.noubarris.net\/relligantnb\/wp-content\/uploads\/pantallazoRquiz-1024x576.jpg 1024w, https:\/\/www.noubarris.net\/relligantnb\/wp-content\/uploads\/pantallazoRquiz-768x432.jpg 768w, https:\/\/www.noubarris.net\/relligantnb\/wp-content\/uploads\/pantallazoRquiz-150x84.jpg 150w, https:\/\/www.noubarris.net\/relligantnb\/wp-content\/uploads\/pantallazoRquiz.jpg 1280w\" sizes=\"(max-width: 465px) 100vw, 465px\" \/><img loading=\"lazy\" decoding=\"async\" class=\"alignnone wp-image-3014\" src=\"http:\/\/www.noubarris.net\/relligantnb\/wp-content\/uploads\/iphoneRquiz3-300x300.jpg\" alt=\"\" width=\"261\" height=\"261\" srcset=\"https:\/\/www.noubarris.net\/relligantnb\/wp-content\/uploads\/iphoneRquiz3-300x300.jpg 300w, https:\/\/www.noubarris.net\/relligantnb\/wp-content\/uploads\/iphoneRquiz3-150x150.jpg 150w, https:\/\/www.noubarris.net\/relligantnb\/wp-content\/uploads\/iphoneRquiz3-50x50.jpg 50w, https:\/\/www.noubarris.net\/relligantnb\/wp-content\/uploads\/iphoneRquiz3-144x144.jpg 144w, https:\/\/www.noubarris.net\/relligantnb\/wp-content\/uploads\/iphoneRquiz3.jpg 736w\" sizes=\"(max-width: 261px) 100vw, 261px\" \/><\/p>\n<p>Actualment tenim 3 tipus de q\u00fcestionaris interactius a la plataforma <u><a href=\"https:\/\/ca.wikipedia.org\/wiki\/Kahoot!\">Kahoot<\/a><\/u>: el Kids, per nens i nenes de 6 a 13 anys; el Junior, per nois i noies de 14 a 18 anys i el Senior, per adults de m\u00e9s de 18 any. Estem per\u00f2, treballant per poder oferir-vos m\u00e9s quiz amb m\u00e9s varietat de temes dins del Relligant Nou Barris.<\/p>\n<p>Aqu\u00ed tens la llista dels questionaris interactius del Kahoot!.<\/p>\n<p><a href=\"https:\/\/create.kahoot.it\/details\/48812716-b80b-441c-9b35-ee647e99b73c\"><img loading=\"lazy\" decoding=\"async\" class=\"aligncenter wp-image-3008 size-medium\" src=\"http:\/\/www.noubarris.net\/relligantnb\/wp-content\/uploads\/relligantquizKIDS-300x169.jpg\" alt=\"Rquiz Kids\" width=\"300\" height=\"169\" srcset=\"https:\/\/www.noubarris.net\/relligantnb\/wp-content\/uploads\/relligantquizKIDS-300x169.jpg 300w, https:\/\/www.noubarris.net\/relligantnb\/wp-content\/uploads\/relligantquizKIDS-1024x576.jpg 1024w, https:\/\/www.noubarris.net\/relligantnb\/wp-content\/uploads\/relligantquizKIDS-768x432.jpg 768w, https:\/\/www.noubarris.net\/relligantnb\/wp-content\/uploads\/relligantquizKIDS-150x84.jpg 150w, https:\/\/www.noubarris.net\/relligantnb\/wp-content\/uploads\/relligantquizKIDS.jpg 1280w\" sizes=\"(max-width: 300px) 100vw, 300px\" \/><\/a><\/p>\n<p><a href=\"https:\/\/create.kahoot.it\/share\/relligant-nou-barris-quiz\/9b449e81-1cdd-4e54-80d4-4b743d581248\"><img loading=\"lazy\" decoding=\"async\" class=\"aligncenter wp-image-3007 size-medium\" src=\"http:\/\/www.noubarris.net\/relligantnb\/wp-content\/uploads\/relligantquizJUNIOR-300x169.jpg\" alt=\"Rquiz Junior\" width=\"300\" height=\"169\" srcset=\"https:\/\/www.noubarris.net\/relligantnb\/wp-content\/uploads\/relligantquizJUNIOR-300x169.jpg 300w, https:\/\/www.noubarris.net\/relligantnb\/wp-content\/uploads\/relligantquizJUNIOR-1024x576.jpg 1024w, https:\/\/www.noubarris.net\/relligantnb\/wp-content\/uploads\/relligantquizJUNIOR-768x432.jpg 768w, https:\/\/www.noubarris.net\/relligantnb\/wp-content\/uploads\/relligantquizJUNIOR-150x84.jpg 150w, https:\/\/www.noubarris.net\/relligantnb\/wp-content\/uploads\/relligantquizJUNIOR.jpg 1280w\" sizes=\"(max-width: 300px) 100vw, 300px\" \/><\/a><\/p>\n<p><a href=\"https:\/\/create.kahoot.it\/share\/relligant-nou-barris-quiz-pro\/41ebd04d-ce4f-4f59-b05a-e59fde160e5f\"><img loading=\"lazy\" decoding=\"async\" class=\"aligncenter wp-image-3006 size-medium\" src=\"http:\/\/www.noubarris.net\/relligantnb\/wp-content\/uploads\/relligantquizSENIOR-300x169.jpg\" alt=\"Rquiz Senior\" width=\"300\" height=\"169\" srcset=\"https:\/\/www.noubarris.net\/relligantnb\/wp-content\/uploads\/relligantquizSENIOR-300x169.jpg 300w, https:\/\/www.noubarris.net\/relligantnb\/wp-content\/uploads\/relligantquizSENIOR-1024x576.jpg 1024w, https:\/\/www.noubarris.net\/relligantnb\/wp-content\/uploads\/relligantquizSENIOR-768x432.jpg 768w, https:\/\/www.noubarris.net\/relligantnb\/wp-content\/uploads\/relligantquizSENIOR-150x84.jpg 150w, https:\/\/www.noubarris.net\/relligantnb\/wp-content\/uploads\/relligantquizSENIOR.jpg 1280w\" sizes=\"(max-width: 300px) 100vw, 300px\" \/><\/a><\/p>\n<p style=\"text-align: center;\"><strong>\u00a1NOUS QUIZ!<\/strong><\/p>\n<p><a href=\"https:\/\/create.kahoot.it\/share\/relligant-quiz-aigua\/943cbb47-cc24-467d-a30d-1836b16fba94\"><img loading=\"lazy\" decoding=\"async\" class=\"aligncenter wp-image-3064 size-medium\" src=\"http:\/\/www.noubarris.net\/relligantnb\/wp-content\/uploads\/relligantquizAigua-300x169.jpg\" alt=\"Rquiz Aigua\" width=\"300\" height=\"169\" srcset=\"https:\/\/www.noubarris.net\/relligantnb\/wp-content\/uploads\/relligantquizAigua-300x169.jpg 300w, https:\/\/www.noubarris.net\/relligantnb\/wp-content\/uploads\/relligantquizAigua-1024x576.jpg 1024w, https:\/\/www.noubarris.net\/relligantnb\/wp-content\/uploads\/relligantquizAigua-768x432.jpg 768w, https:\/\/www.noubarris.net\/relligantnb\/wp-content\/uploads\/relligantquizAigua-150x84.jpg 150w, https:\/\/www.noubarris.net\/relligantnb\/wp-content\/uploads\/relligantquizAigua.jpg 1280w\" sizes=\"(max-width: 300px) 100vw, 300px\" \/><\/a><\/p>\n<p><a href=\"https:\/\/create.kahoot.it\/share\/relligant-quiz-masies\/d793fc2d-bc7f-4641-8178-a47d44ec2b08\"><img loading=\"lazy\" decoding=\"async\" class=\"aligncenter wp-image-3066 size-medium\" src=\"http:\/\/www.noubarris.net\/relligantnb\/wp-content\/uploads\/relligantquizMasies-300x169.jpg\" alt=\"Rquiz Masies\" width=\"300\" height=\"169\" srcset=\"https:\/\/www.noubarris.net\/relligantnb\/wp-content\/uploads\/relligantquizMasies-300x169.jpg 300w, https:\/\/www.noubarris.net\/relligantnb\/wp-content\/uploads\/relligantquizMasies-1024x576.jpg 1024w, https:\/\/www.noubarris.net\/relligantnb\/wp-content\/uploads\/relligantquizMasies-768x432.jpg 768w, https:\/\/www.noubarris.net\/relligantnb\/wp-content\/uploads\/relligantquizMasies-150x84.jpg 150w, https:\/\/www.noubarris.net\/relligantnb\/wp-content\/uploads\/relligantquizMasies.jpg 1280w\" sizes=\"(max-width: 300px) 100vw, 300px\" \/><\/a><\/p>\n<p><a href=\"http:\/\/https:\/\/create.kahoot.it\/share\/relligant-quiz-lluites\/407c8fb6-7eac-4742-bd85-b6c514bb058a\"><img loading=\"lazy\" decoding=\"async\" class=\"aligncenter wp-image-3065 size-medium\" src=\"http:\/\/www.noubarris.net\/relligantnb\/wp-content\/uploads\/relligantquizLluites-300x169.jpg\" alt=\"Rquiz Lluites\" width=\"300\" height=\"169\" srcset=\"https:\/\/www.noubarris.net\/relligantnb\/wp-content\/uploads\/relligantquizLluites-300x169.jpg 300w, https:\/\/www.noubarris.net\/relligantnb\/wp-content\/uploads\/relligantquizLluites-1024x576.jpg 1024w, https:\/\/www.noubarris.net\/relligantnb\/wp-content\/uploads\/relligantquizLluites-768x432.jpg 768w, https:\/\/www.noubarris.net\/relligantnb\/wp-content\/uploads\/relligantquizLluites-150x84.jpg 150w, https:\/\/www.noubarris.net\/relligantnb\/wp-content\/uploads\/relligantquizLluites.jpg 1280w\" sizes=\"(max-width: 300px) 100vw, 300px\" \/><\/a><\/p>\n<p>&nbsp;<\/p>\n<p>Si vols saber millor com funciona,\u00a0<a href=\"http:\/\/www.noubarris.net\/relligantnb\/?p=2994\">aqu\u00ed\u00a0tens una\u00a0breu\u00a0explicaci\u00f3<\/a>.<\/p>\n<p>&nbsp;<\/p>\n<p><strong>Descarrega l&#8217;app &#8220;Kahoot!&#8221; al vostre dispositiu iOS o Android:<\/strong><\/p>\n<p><a href=\"https:\/\/apps.apple.com\/us\/app\/kahoot-play-create-quizzes\/id1131203560\"><img loading=\"lazy\" decoding=\"async\" class=\"alignnone wp-image-3035 size-medium\" src=\"http:\/\/www.noubarris.net\/relligantnb\/wp-content\/uploads\/Disponible-AppStore-1024x177-copia-300x104.png\" alt=\"\" width=\"300\" height=\"104\" srcset=\"https:\/\/www.noubarris.net\/relligantnb\/wp-content\/uploads\/Disponible-AppStore-1024x177-copia-300x104.png 300w, https:\/\/www.noubarris.net\/relligantnb\/wp-content\/uploads\/Disponible-AppStore-1024x177-copia-150x52.png 150w, https:\/\/www.noubarris.net\/relligantnb\/wp-content\/uploads\/Disponible-AppStore-1024x177-copia.png 512w\" sizes=\"(max-width: 300px) 100vw, 300px\" \/><\/a> <a href=\"https:\/\/play.google.com\/store\/apps\/details?id=no.mobitroll.kahoot.android&amp;hl=es&amp;gl=US\"><img loading=\"lazy\" decoding=\"async\" class=\"alignnone wp-image-3036 size-medium\" src=\"http:\/\/www.noubarris.net\/relligantnb\/wp-content\/uploads\/Disponible-en-GooglePlay-1024x177-1-300x104.png\" alt=\"\" width=\"300\" height=\"104\" srcset=\"https:\/\/www.noubarris.net\/relligantnb\/wp-content\/uploads\/Disponible-en-GooglePlay-1024x177-1-300x104.png 300w, https:\/\/www.noubarris.net\/relligantnb\/wp-content\/uploads\/Disponible-en-GooglePlay-1024x177-1-150x52.png 150w, https:\/\/www.noubarris.net\/relligantnb\/wp-content\/uploads\/Disponible-en-GooglePlay-1024x177-1.png 512w\" sizes=\"(max-width: 300px) 100vw, 300px\" \/><\/a><\/p>\n","protected":false},"excerpt":{"rendered":"<p>Benvingut a una nova experi\u00e8ncia dins el Relligant Nou Barris. Ho anomenem RelligantQuiz, i \u00e9s una manera diferent de descobrir,<\/p>\n","protected":false},"author":1,"featured_media":0,"parent":0,"menu_order":0,"comment_status":"closed","ping_status":"closed","template":"","meta":{"_monsterinsights_skip_tracking":false,"_monsterinsights_sitenote_active":false,"_monsterinsights_sitenote_note":"","_monsterinsights_sitenote_category":0,"jetpack_post_was_ever_published":false,"footnotes":""},"class_list":["post-2976","page","type-page","status-publish","hentry"],"aioseo_notices":[],"jetpack_shortlink":"https:\/\/wp.me\/P5AnUm-M0","jetpack-related-posts":[],"jetpack_sharing_enabled":true,"_links":{"self":[{"href":"https:\/\/www.noubarris.net\/relligantnb\/index.php?rest_route=\/wp\/v2\/pages\/2976"}],"collection":[{"href":"https:\/\/www.noubarris.net\/relligantnb\/index.php?rest_route=\/wp\/v2\/pages"}],"about":[{"href":"https:\/\/www.noubarris.net\/relligantnb\/index.php?rest_route=\/wp\/v2\/types\/page"}],"author":[{"embeddable":true,"href":"https:\/\/www.noubarris.net\/relligantnb\/index.php?rest_route=\/wp\/v2\/users\/1"}],"replies":[{"embeddable":true,"href":"https:\/\/www.noubarris.net\/relligantnb\/index.php?rest_route=%2Fwp%2Fv2%2Fcomments&post=2976"}],"version-history":[{"count":32,"href":"https:\/\/www.noubarris.net\/relligantnb\/index.php?rest_route=\/wp\/v2\/pages\/2976\/revisions"}],"predecessor-version":[{"id":3067,"href":"https:\/\/www.noubarris.net\/relligantnb\/index.php?rest_route=\/wp\/v2\/pages\/2976\/revisions\/3067"}],"wp:attachment":[{"href":"https:\/\/www.noubarris.net\/relligantnb\/index.php?rest_route=%2Fwp%2Fv2%2Fmedia&parent=2976"}],"curies":[{"name":"wp","href":"https:\/\/api.w.org\/{rel}","templated":true}]}}