{"id":31,"date":"2012-11-21T11:42:38","date_gmt":"2012-11-21T11:42:38","guid":{"rendered":"http:\/\/www.noubarris.net\/relligantnb\/?page_id=31"},"modified":"2016-07-15T15:42:51","modified_gmt":"2016-07-15T14:42:51","slug":"ruta-del-segle-xx-2","status":"publish","type":"page","link":"https:\/\/www.noubarris.net\/relligantnb\/?page_id=31","title":{"rendered":"Ruta del segle XX"},"content":{"rendered":"<p style=\"text-align: justify;\">Descobriu amb aquest recorregut els primers espais urbanitzats al districte. Projectes urban\u00edstics diversos que van marcar la hist\u00f2ria de Nou Barris.<\/p>\n<p><em style=\"line-height: 32px; text-align: justify;\"><img loading=\"lazy\" decoding=\"async\" class=\" wp-image-525 alignright\" style=\"margin: 10px;\" title=\"Ruta del Segle XX\" src=\"http:\/\/www.noubarris.net\/relligantnb\/wp-content\/uploads\/Ruta-del-Segle-XX-234x300.png\" alt=\"\" width=\"234\" height=\"300\" srcset=\"https:\/\/www.noubarris.net\/relligantnb\/wp-content\/uploads\/Ruta-del-Segle-XX-234x300.png 234w, https:\/\/www.noubarris.net\/relligantnb\/wp-content\/uploads\/Ruta-del-Segle-XX.png 310w\" sizes=\"(max-width: 234px) 100vw, 234px\" \/><\/em><\/p>\n<div>\n<div style=\"text-align: justify;\"><span style=\"font-size: medium;\"><span style=\"line-height: 32px;\"><em><br \/>\n<\/em><\/span><\/span><\/div>\n<ul>\n<li style=\"text-align: justify;\"><em>Comencem la nostra ruta al Cementiri de Sant Andreu, al carrer dels Garrofers. (Bus: 36 i 132 Metro: Llucmajor L4)<\/em><\/li>\n<li style=\"text-align: justify;\"><em><em>Pel mateix carrer ens podem dirigir fins al passeig de Valldaura, on girant a l\u2019esquerra trobarem la pla\u00e7a de Llucmajor. Seguiu pel passeig del Verdum i pel carrer del Doctor Pi i Molist fins al segon punt de la nostra ruta, l\u2019Hospital Mental de la Santa Creu.<\/em><\/em><\/li>\n<li style=\"text-align: justify;\"><em>Tornant de nou pel carrer de Pi i Molist i seguint pel passeig d\u2019Urrutia arribareu al barri de Can Peguera. Podeu entrar pel barri pel carrer del Cistellet i creuar Can Peguera fins al carrer de Cornudella, on trobareu els punt explicatiu del Conjunt de cases barates de Can Peguera i del Refugi antiaeri de Can Peguera.<\/em><\/li>\n<li style=\"text-align: justify;\"><em>Si torneu al passeig d\u2019Urrutia podeu creuar el Parc Central de Nou Barris pel passeig de Fabra i Puig i arribar al passeig de Valldaura. Podeu rodejar la pla\u00e7a de Karl Marx i arribareu a la Ronda de la Guineueta Vella. Aqu\u00ed comen\u00e7a un cam\u00ed de muntanya que podeu seguir fins la carretera Alta de Roquetes, una via que s\u2019enfila per la carena de la Serra de Collserola i per on arribareu al darrer punt, el Castell de Torre Bar\u00f3. (Bus: 82)<\/em><\/li>\n<\/ul>\n<\/div>\n<p><strong>Elements:<\/strong><\/p>\n<ol>\n<li><a title=\"Hospital Mental de la Santa Creu\" href=\"http:\/\/www.noubarris.net\/relligantnb\/?p=203\">Hospital Mental de la Santa Creu<\/a><\/li>\n<li><a title=\"Castell de Torre Bar\u00f3\" href=\"http:\/\/www.noubarris.net\/relligantnb\/?p=207\">Castell de Torre Bar\u00f3<\/a><\/li>\n<li><a title=\"Conjunt de cases barates de Can Peguera\" href=\"http:\/\/www.noubarris.net\/relligantnb\/?p=211\">Can Peguera<\/a><\/li>\n<li><a title=\"Refugi antiaeri de Can Peguera\" href=\"http:\/\/www.noubarris.net\/relligantnb\/?p=218\">Refugi antiaeri de Can Peguera<\/a><\/li>\n<li><span style=\"text-align: justify;\"><a title=\"Cementiri de Sant Andreu\" href=\"http:\/\/www.noubarris.net\/relligantnb\/?p=201\">Cementiri de Sant Andreu<\/a><\/span><\/li>\n<\/ol>\n<p><strong>Ubicacions dels elements de\u00a0la ruta:<\/strong><\/p>\n<p><iframe loading=\"lazy\" src=\"https:\/\/maps.google.es\/maps\/ms?msa=0&amp;msid=201141552239115119793.0004ccbcf8a464e7d7077&amp;ie=UTF8&amp;t=m&amp;ll=41.444399,2.172461&amp;spn=0.023162,0.054846&amp;z=14&amp;output=embed\" width=\"640\" height=\"360\" frameborder=\"0\" marginwidth=\"0\" marginheight=\"0\" scrolling=\"no\"><\/iframe><br \/>\n<small>Mostra <a style=\";text-align: left;\" href=\"https:\/\/maps.google.es\/maps\/ms?msa=0&amp;msid=201141552239115119793.0004ccbcf8a464e7d7077&amp;ie=UTF8&amp;t=m&amp;ll=41.444399,2.172461&amp;spn=0.023162,0.054846&amp;z=14&amp;source=embed\">Ruta del segle XX<\/a> en un mapa m\u00e9s gran<\/small><br \/>\n<strong>Llista de v\u00eddeos de la ruta:<\/strong><\/p>\n<p><iframe loading=\"lazy\" src=\"http:\/\/www.youtube.com\/embed\/videoseries?list=PLiB0DlgbaQ3I4Sey1hgON3_9zFsVDrY1O&amp;hl=es_ES\" width=\"640\" height=\"360\" frameborder=\"0\"><\/iframe><\/p>\n","protected":false},"excerpt":{"rendered":"<p>Descobriu amb aquest recorregut els primers espais urbanitzats al districte. Projectes urban\u00edstics diversos que van marcar la hist\u00f2ria de Nou<\/p>\n","protected":false},"author":1,"featured_media":0,"parent":0,"menu_order":0,"comment_status":"closed","ping_status":"closed","template":"","meta":{"_monsterinsights_skip_tracking":false,"_monsterinsights_sitenote_active":false,"_monsterinsights_sitenote_note":"","_monsterinsights_sitenote_category":0,"jetpack_post_was_ever_published":false,"footnotes":""},"class_list":["post-31","page","type-page","status-publish","hentry"],"aioseo_notices":[],"jetpack_shortlink":"https:\/\/wp.me\/P5AnUm-v","jetpack-related-posts":[],"jetpack_sharing_enabled":true,"_links":{"self":[{"href":"https:\/\/www.noubarris.net\/relligantnb\/index.php?rest_route=\/wp\/v2\/pages\/31"}],"collection":[{"href":"https:\/\/www.noubarris.net\/relligantnb\/index.php?rest_route=\/wp\/v2\/pages"}],"about":[{"href":"https:\/\/www.noubarris.net\/relligantnb\/index.php?rest_route=\/wp\/v2\/types\/page"}],"author":[{"embeddable":true,"href":"https:\/\/www.noubarris.net\/relligantnb\/index.php?rest_route=\/wp\/v2\/users\/1"}],"replies":[{"embeddable":true,"href":"https:\/\/www.noubarris.net\/relligantnb\/index.php?rest_route=%2Fwp%2Fv2%2Fcomments&post=31"}],"version-history":[{"count":0,"href":"https:\/\/www.noubarris.net\/relligantnb\/index.php?rest_route=\/wp\/v2\/pages\/31\/revisions"}],"wp:attachment":[{"href":"https:\/\/www.noubarris.net\/relligantnb\/index.php?rest_route=%2Fwp%2Fv2%2Fmedia&parent=31"}],"curies":[{"name":"wp","href":"https:\/\/api.w.org\/{rel}","templated":true}]}}