{"id":38,"date":"2012-11-21T11:45:46","date_gmt":"2012-11-21T11:45:46","guid":{"rendered":"http:\/\/www.noubarris.net\/relligant9b\/?page_id=38"},"modified":"2016-07-15T15:40:39","modified_gmt":"2016-07-15T14:40:39","slug":"ruta-dequipaments","status":"publish","type":"page","link":"https:\/\/www.noubarris.net\/relligantnb\/?page_id=38","title":{"rendered":"Ruta d&#8217;equipaments"},"content":{"rendered":"<p style=\"text-align: justify;\">Seguint aquest recorregut descobrireu alguns dels equipaments del districte. En\u00a0molts casos edificis que estaven dedicats a d\u2019altres usos, com les masies o la planta asf\u00e0ltica, i que gr\u00e0cies a les reivindicacions dels ve\u00efns van ser dedicats a cobrir les necessitats dels barris.<\/p>\n<p><img loading=\"lazy\" decoding=\"async\" class=\"alignleft size-full wp-image-504\" title=\"PROVA2\" src=\"http:\/\/www.noubarris.net\/relligantnb\/wp-content\/uploads\/PROVA2.png\" alt=\"\" width=\"310\" height=\"396\" srcset=\"https:\/\/www.noubarris.net\/relligantnb\/wp-content\/uploads\/PROVA2.png 310w, https:\/\/www.noubarris.net\/relligantnb\/wp-content\/uploads\/PROVA2-234x300.png 234w\" sizes=\"(max-width: 310px) 100vw, 310px\" \/><\/p>\n<ul>\n<li style=\"text-align: justify;\"><em>Comencem la nostra ruta a l\u2019Ateneu Popular de Nou Barris, al carrer de Portlligat. (Bus: 11, 32, 50, 51, 76, 80, 81 i 121 Metro: Roquetes L3 i Trinitat Nova 3 i 4)<\/em><\/li>\n<li style=\"text-align: justify;\"><em>Sortim de l\u2019Ateneu pel carrer de Portlligat en direcci\u00f3 al carrer dels Nou Barris. Seguim pel carrer de Vidal i Guasch travessant els carrers Pla de Fornells i Jaume Pinent fins al carrer del Roman\u00ed, on trobarem el Centre C\u00edvic Ton i Guida.<\/em><\/li>\n<li style=\"text-align: justify;\"><em>A continuaci\u00f3 podem baixar pel carrer de Jaume Pinent cap a la Via Fav\u00e8ncia. Si tombem pel carrer del Conflent, que ens quedar\u00e0 a ma esquerra, arribarem directament a la Pla\u00e7a d&#8217;\u00c0ngel Pesta\u00f1a, on trobarem el Casal de Barri de la Prosperitat.<\/em><\/li>\n<li style=\"text-align: justify;\"><em>Baixant pel carrer de Baltasar Graci\u00e1n arribarem \u00a0a la pla\u00e7a Harry Walker.\u00a0<\/em><\/li>\n<li style=\"text-align: justify;\"><em>Seguint per l&#8217;Avinguda Rio de Janeiro i posteriorment pel carrer de Piferrer arribarem a Can Verdaguer.<\/em><\/li>\n<li style=\"text-align: justify;\"><em>Podeu seguir pel carrer de Piferrer fins al passeig de Fabra i Puig, on\u00a0 girant cap a la dreta arribareu a Can Bast\u00e9.<\/em><\/li>\n<li style=\"text-align: justify;\"><em>Des d\u2019aquest punt podeu seguir pel carrer d\u2019Amilcar fins al passeig de Maragall. Un cop aqu\u00ed busqueu el carrer de Santa Fe, on trobareu \u00a0la Torre Llobeta.<\/em><\/li>\n<li style=\"text-align: justify;\"><em>Per finalitzar la ruta podem seguir l&#8217;Avinguda de Borb\u00f3 i el carrer del Doctor Pi i Molist que ens portaran a la darrera parada, l&#8217;Hospital Mental de la Santa Creu. (Bus: 32, 47, 50 i 51 Metro: Llucmajor L4)<\/em><\/li>\n<\/ul>\n<p><strong>Elements:<\/strong><\/p>\n<ol>\n<li style=\"text-align: justify;\"><a title=\"Ateneu Popular de Nou Barris\" href=\"http:\/\/www.noubarris.net\/relligantnb\/?p=179\">Ateneu Popular de Nou Barris<\/a><\/li>\n<li style=\"text-align: justify;\"><a href=\"http:\/\/www.noubarris.net\/relligantnb\/?p=1348\">Escola Ton i Guida<\/a><\/li>\n<li style=\"text-align: justify;\"><a href=\"http:\/\/www.noubarris.net\/relligantnb\/?p=2232\">Casal de Barri de la Prosperitat<\/a><\/li>\n<li style=\"text-align: justify;\"><a href=\"http:\/\/www.noubarris.net\/relligantnb\/?p=1345\">Harry Walker<\/a><\/li>\n<li><a href=\"http:\/\/www.noubarris.net\/relligantnb\/?p=192\">Can Verdaguer<\/a><\/li>\n<li><a href=\"http:\/\/www.noubarris.net\/relligantnb\/?p=182\">Can Bast\u00e9<\/a><\/li>\n<li><a href=\"http:\/\/www.noubarris.net\/relligantnb\/?p=203\">Hospital Mental de la Santa Creu<\/a><\/li>\n<li><a href=\"http:\/\/www.noubarris.net\/relligantnb\/?p=184\">Torre Llobeta<\/a><\/li>\n<\/ol>\n<p><strong>Ubicacions dels elements de\u00a0la ruta:<\/strong><\/p>\n<p><iframe loading=\"lazy\" src=\"https:\/\/maps.google.es\/maps\/ms?msa=0&amp;msid=201141552239115119793.0004ccbe19fee975a0f70&amp;ie=UTF8&amp;t=m&amp;ll=41.438351,2.178726&amp;spn=0.046328,0.10952&amp;z=13&amp;output=embed\" width=\"640\" height=\"360\" frameborder=\"0\" marginwidth=\"0\" marginheight=\"0\" scrolling=\"no\"><\/iframe><br \/>\n<small>Mostra <a style=\";text-align: left;\" href=\"https:\/\/maps.google.es\/maps\/ms?msa=0&amp;msid=201141552239115119793.0004ccbe19fee975a0f70&amp;ie=UTF8&amp;t=m&amp;ll=41.438351,2.178726&amp;spn=0.046328,0.10952&amp;z=13&amp;source=embed\">Ruta d&#8217;equipaments<\/a> en un mapa m\u00e9s gran<\/small><\/p>\n<p><strong>Llista de v\u00eddeos de la ruta:<\/strong><\/p>\n<p><iframe loading=\"lazy\" src=\"\/\/www.youtube.com\/embed\/5HGZOPLrJGc?list=PLiB0DlgbaQ3KuDezz5dieaD79GsVZ-BSk\" width=\"640\" height=\"360\" frameborder=\"0\" allowfullscreen=\"allowfullscreen\"><\/iframe><\/p>\n","protected":false},"excerpt":{"rendered":"<p>Seguint aquest recorregut descobrireu alguns dels equipaments del districte. En\u00a0molts casos edificis que estaven dedicats a d\u2019altres usos, com les<\/p>\n","protected":false},"author":1,"featured_media":0,"parent":0,"menu_order":0,"comment_status":"closed","ping_status":"closed","template":"","meta":{"_monsterinsights_skip_tracking":false,"_monsterinsights_sitenote_active":false,"_monsterinsights_sitenote_note":"","_monsterinsights_sitenote_category":0,"jetpack_post_was_ever_published":false,"footnotes":""},"class_list":["post-38","page","type-page","status-publish","hentry"],"aioseo_notices":[],"jetpack_shortlink":"https:\/\/wp.me\/P5AnUm-C","jetpack-related-posts":[],"jetpack_sharing_enabled":true,"_links":{"self":[{"href":"https:\/\/www.noubarris.net\/relligantnb\/index.php?rest_route=\/wp\/v2\/pages\/38"}],"collection":[{"href":"https:\/\/www.noubarris.net\/relligantnb\/index.php?rest_route=\/wp\/v2\/pages"}],"about":[{"href":"https:\/\/www.noubarris.net\/relligantnb\/index.php?rest_route=\/wp\/v2\/types\/page"}],"author":[{"embeddable":true,"href":"https:\/\/www.noubarris.net\/relligantnb\/index.php?rest_route=\/wp\/v2\/users\/1"}],"replies":[{"embeddable":true,"href":"https:\/\/www.noubarris.net\/relligantnb\/index.php?rest_route=%2Fwp%2Fv2%2Fcomments&post=38"}],"version-history":[{"count":0,"href":"https:\/\/www.noubarris.net\/relligantnb\/index.php?rest_route=\/wp\/v2\/pages\/38\/revisions"}],"wp:attachment":[{"href":"https:\/\/www.noubarris.net\/relligantnb\/index.php?rest_route=%2Fwp%2Fv2%2Fmedia&parent=38"}],"curies":[{"name":"wp","href":"https:\/\/api.w.org\/{rel}","templated":true}]}}