{"id":42,"date":"2012-11-21T11:46:35","date_gmt":"2012-11-21T11:46:35","guid":{"rendered":"http:\/\/www.noubarris.net\/relligant9b\/?page_id=42"},"modified":"2016-07-28T15:22:24","modified_gmt":"2016-07-28T14:22:24","slug":"ruta-descultures-i-monuments","status":"publish","type":"page","link":"https:\/\/www.noubarris.net\/relligantnb\/?page_id=42","title":{"rendered":"Ruta d&#8217;escultures i monuments"},"content":{"rendered":"<p style=\"text-align: justify;\">Seguint aquest recorregut descobrireu l\u2019origen de les escultures i dels monuments que hi ha al districte. Alguns elements molt coneguts a Nou Barris i a tota Barcelona, com l\u2019est\u00e0tua dela Rep\u00fablica, i d\u2019altres que de vegades passen desapercebuts als ulls ve\u00efns. Aquesta \u00e9s una ruta llarga que hem dividit en dos tra\u00e7ats.<\/p>\n<p><img loading=\"lazy\" decoding=\"async\" class=\"wp-image-521 alignright\" style=\"margin: 10px;\" title=\"Ruta d\u2019escultures i monuments\" src=\"http:\/\/www.noubarris.net\/relligantnb\/wp-content\/uploads\/Ruta-d\u2019escultures-i-monuments-234x300.png\" alt=\"\" width=\"234\" height=\"300\" srcset=\"https:\/\/www.noubarris.net\/relligantnb\/wp-content\/uploads\/Ruta-d\u2019escultures-i-monuments-234x300.png 234w, https:\/\/www.noubarris.net\/relligantnb\/wp-content\/uploads\/Ruta-d\u2019escultures-i-monuments.png 310w\" sizes=\"(max-width: 234px) 100vw, 234px\" \/><\/p>\n<div>\n<ul>\n<li style=\"text-align: justify;\"><em>Comencem la nostra ruta\u00a0al carrer de Cartell\u00e0 on trobem la Flama. (Bus 122)<\/em><\/li>\n<li style=\"text-align: justify;\"><em>Seguint pel carrer de Costa i Cuixart i pel carrer d&#8217;Esc\u00f2cia arribarem a l&#8217;Avinguda Meridiana. Podem seguir per aquesta avinguda fins als Jardins de Can Drag\u00f3, on trobarem els Aurigues.<\/em><\/li>\n<li style=\"text-align: justify;\"><em>Pujant pel carrer del Pintor Alsamora, vorejant \u00a0el Cementiri de Sant Andreu, arribarem al Passeig de Verdum, una via que ens portar\u00e0 directament a la pla\u00e7a de la Rep\u00fablica, on trobarem<\/em><em>\u00a0l&#8217;Est\u00e0tua de la Rep\u00fablica.<\/em><\/li>\n<li style=\"text-align: justify;\"><em>Des de la pla\u00e7a de la Rep\u00fablica podeu seguir un primer tra\u00e7at que, al llarg de la Via J\u00falia us portar\u00e0 a descobrir J\u00falia, als nous catalans, Escullera i finalment la Torre Fav\u00e8ncia.<\/em><\/li>\n<li style=\"text-align: justify;\"><em>Si seguiu la nostra segona proposta des de la pla\u00e7a de la Rep\u00fablica us podeu dirigir cap al Parc de la Guineueta on descobrireu la Guineu.<\/em><\/li>\n<li style=\"text-align: justify;\"><em>Si ascendiu fins a la Via Fav\u00e8ncia seguint el Parc de la Guineueta, un cop creueu la Ronda arribareu al Parc de Josep Serra i Mart\u00ed, on trobareu la Font M\u00e0gica de Manuel Falla. (Metro: Canyelles L3)<\/em><\/li>\n<\/ul>\n<p><strong>Elements:<\/strong><\/p>\n<ol>\n<li><a title=\"Monument a la Rep\u00fablica\" href=\"http:\/\/www.noubarris.net\/relligantnb\/?p=177\">Est\u00e0tua de la Rep\u00fablica<\/a><\/li>\n<li><a href=\"http:\/\/www.noubarris.net\/relligantnb\/?p=2240\">Els Aurigues Ol\u00edmpics de Can Drag\u00f3<\/a><\/li>\n<li><a href=\"http:\/\/www.noubarris.net\/relligantnb\/?p=2326\">Escullera<\/a><\/li>\n<li><a href=\"http:\/\/www.noubarris.net\/relligantnb\/?p=2234\">Font m\u00e0gica Manuel de Falla<\/a><\/li>\n<li><a href=\"http:\/\/www.noubarris.net\/relligantnb\/?p=2328\">J\u00falia, als nous catalans<\/a><\/li>\n<li><a href=\"http:\/\/www.noubarris.net\/relligantnb\/?p=2236\">La Flama<\/a><\/li>\n<li><a href=\"http:\/\/www.noubarris.net\/relligantnb\/?p=2238\">La Guineu<\/a><\/li>\n<li><a href=\"http:\/\/www.noubarris.net\/relligantnb\/?p=2330\">Torre Fav\u00e8ncia<\/a><\/li>\n<\/ol>\n<p><strong>Ubicacions dels elements de\u00a0la ruta:<\/strong><\/p>\n<p><iframe loading=\"lazy\" src=\"https:\/\/maps.google.es\/maps\/ms?msa=0&amp;msid=201141552239115119793.0004cccd5628fc1e025c3&amp;ie=UTF8&amp;t=m&amp;ll=41.445364,2.175379&amp;spn=0.023162,0.05476&amp;z=14&amp;output=embed\" width=\"640\" height=\"360\" frameborder=\"0\" marginwidth=\"0\" marginheight=\"0\" scrolling=\"no\"><\/iframe><br \/>\n<small>Mostra <a href=\"https:\/\/maps.google.es\/maps\/ms?msa=0&amp;msid=201141552239115119793.0004cccd5628fc1e025c3&amp;ie=UTF8&amp;t=m&amp;ll=41.445364,2.175379&amp;spn=0.023162,0.05476&amp;z=14&amp;source=embed\">Ruta d&#8217;escultures i monuments<\/a> en un mapa m\u00e9s gran<\/small><\/p>\n<p><strong>Llista de v\u00eddeos de la ruta:<\/strong><\/p>\n<p><iframe loading=\"lazy\" src=\"http:\/\/www.youtube.com\/embed\/videoseries?list=PLiB0DlgbaQ3JBTBG1ybCvsaRtez1OPL2x&amp;hl=es_ES\" width=\"640\" height=\"360\" frameborder=\"0\"><\/iframe><\/p>\n<p>&nbsp;<\/p>\n<\/div>\n","protected":false},"excerpt":{"rendered":"<p>Seguint aquest recorregut descobrireu l\u2019origen de les escultures i dels monuments que hi ha al districte. Alguns elements molt coneguts<\/p>\n","protected":false},"author":1,"featured_media":0,"parent":0,"menu_order":0,"comment_status":"closed","ping_status":"closed","template":"","meta":{"_monsterinsights_skip_tracking":false,"_monsterinsights_sitenote_active":false,"_monsterinsights_sitenote_note":"","_monsterinsights_sitenote_category":0,"jetpack_post_was_ever_published":false,"footnotes":""},"class_list":["post-42","page","type-page","status-publish","hentry"],"aioseo_notices":[],"jetpack_shortlink":"https:\/\/wp.me\/P5AnUm-G","jetpack-related-posts":[],"jetpack_sharing_enabled":true,"_links":{"self":[{"href":"https:\/\/www.noubarris.net\/relligantnb\/index.php?rest_route=\/wp\/v2\/pages\/42"}],"collection":[{"href":"https:\/\/www.noubarris.net\/relligantnb\/index.php?rest_route=\/wp\/v2\/pages"}],"about":[{"href":"https:\/\/www.noubarris.net\/relligantnb\/index.php?rest_route=\/wp\/v2\/types\/page"}],"author":[{"embeddable":true,"href":"https:\/\/www.noubarris.net\/relligantnb\/index.php?rest_route=\/wp\/v2\/users\/1"}],"replies":[{"embeddable":true,"href":"https:\/\/www.noubarris.net\/relligantnb\/index.php?rest_route=%2Fwp%2Fv2%2Fcomments&post=42"}],"version-history":[{"count":0,"href":"https:\/\/www.noubarris.net\/relligantnb\/index.php?rest_route=\/wp\/v2\/pages\/42\/revisions"}],"wp:attachment":[{"href":"https:\/\/www.noubarris.net\/relligantnb\/index.php?rest_route=%2Fwp%2Fv2%2Fmedia&parent=42"}],"curies":[{"name":"wp","href":"https:\/\/api.w.org\/{rel}","templated":true}]}}