{"id":44,"date":"2012-11-21T11:47:21","date_gmt":"2012-11-21T11:47:21","guid":{"rendered":"http:\/\/www.noubarris.net\/relligant9b\/?page_id=44"},"modified":"2016-07-25T17:09:21","modified_gmt":"2016-07-25T16:09:21","slug":"ruta-pels-espais-de-culte","status":"publish","type":"page","link":"https:\/\/www.noubarris.net\/relligantnb\/?page_id=44","title":{"rendered":"Ruta pels espais de culte"},"content":{"rendered":"<p style=\"text-align: justify;\">Aquesta ruta ens dur\u00e0 pels espais m\u00e9s espirituals del districte. Descobriu l\u2019origen de les esgl\u00e9sies de Nou Barris o del c<span style=\"line-height: 32px;\">ementiri i algunes de les hist\u00f2ries i curiositats que aquests edificis ens amaguen.<\/span><\/p>\n<p><img loading=\"lazy\" decoding=\"async\" class=\"wp-image-512 alignright\" style=\"margin: 10px;\" title=\"Ruta pels espais de culte\" src=\"http:\/\/www.noubarris.net\/relligantnb\/wp-content\/uploads\/RUTA_Els-espais-de-culte-234x300.png\" alt=\"\" width=\"234\" height=\"300\" srcset=\"https:\/\/www.noubarris.net\/relligantnb\/wp-content\/uploads\/RUTA_Els-espais-de-culte-234x300.png 234w, https:\/\/www.noubarris.net\/relligantnb\/wp-content\/uploads\/RUTA_Els-espais-de-culte.png 310w\" sizes=\"(max-width: 234px) 100vw, 234px\" \/><\/p>\n<ul>\n<li style=\"text-align: justify;\"><em>Podeu comen\u00e7ar la vostra ruta a la parr\u00f2quia de Santa Eul\u00e0lia de Vilapicina, al passeig de Fabra i Puig. \u00a0(Bus: 71 i 122 Metro: Virrei Amat L5)<\/em><\/li>\n<li style=\"text-align: justify;\"><em><em>A continuaci\u00f3 podeu girar pel carrer del Doctor Pi i Molist fins arribar a la Seu del Districte. Creuant el pati trobareu l\u2019Esgl\u00e9sia del Mental.<\/em><\/em><\/li>\n<li style=\"text-align: justify;\"><em>Podeu seguir pels carrers de Lorena, per la pla\u00e7a dels Jardins d\u2019Alf\u00e0bia i del carrer del Pintor Alsamora fins a l\u2019encreuament del carrer de l\u2019Escultor Ordo\u00f1ez. Seguint per aquest darrer carrer podreu anar vorejant el Cementiri de Sant Andreu fins al carrer dels Garrofers on hi trobareu l\u2019entrada.<\/em><\/li>\n<li style=\"text-align: justify;\"><em>Per arribar al darrer punt podeu tornar pel carrer dels Garrofers fins a la Via J\u00falia.Podeu seguir aquest eix fins a la Via Fav\u00e8ncia, on trobareu la Creu de la Trinitat Nova a l\u2019encreuament amb el carrer de Palam\u00f2s. (Bus: 60 i 127 Metro: Trinitat Nova L4 i L11)<\/em><\/li>\n<\/ul>\n<p><strong>Elements:<\/strong><\/p>\n<ol>\n<li><a title=\"Creu de Trinitat Nova\" href=\"http:\/\/www.noubarris.net\/relligantnb\/?p=216\">Creu de la Trinitat Nova<\/a><\/li>\n<li><a title=\"Santa Eul\u00e0lia de Vilapicina\" href=\"http:\/\/www.noubarris.net\/relligantnb\/?p=186\">Santa Eul\u00e0lia de Vilapicina<\/a><\/li>\n<li><a title=\"Esgl\u00e9sia del Mental\" href=\"http:\/\/www.noubarris.net\/relligantnb\/?p=205\">Esgl\u00e9sia del Mental<\/a><\/li>\n<li><a style=\"text-align: justify;\" title=\"Cementiri de Sant Andreu\" href=\"http:\/\/www.noubarris.net\/relligantnb\/?p=201\">Cementiri de Sant Andreu<\/a><\/li>\n<\/ol>\n<p><strong>Ubicacions dels elements de\u00a0la ruta:<\/strong><br \/>\n<iframe loading=\"lazy\" src=\"https:\/\/maps.google.es\/maps\/ms?msa=0&amp;msid=201141552239115119793.0004cccd704b2356aa6b5&amp;ie=UTF8&amp;t=m&amp;ll=41.440024,2.178984&amp;spn=0.023163,0.05476&amp;z=14&amp;output=embed\" width=\"640\" height=\"360\" frameborder=\"0\" marginwidth=\"0\" marginheight=\"0\" scrolling=\"no\"><\/iframe><br \/>\n<small>Mostra <a style=\"text-align: left;\" href=\"https:\/\/maps.google.es\/maps\/ms?msa=0&amp;msid=201141552239115119793.0004cccd704b2356aa6b5&amp;ie=UTF8&amp;t=m&amp;ll=41.440024,2.178984&amp;spn=0.023163,0.05476&amp;z=14&amp;source=embed\">Ruta pels espais de culte<\/a> en un mapa m\u00e9s gran<\/small><\/p>\n<p><strong>Llista de v\u00eddeos de la ruta:<\/strong><\/p>\n<p><iframe loading=\"lazy\" src=\"http:\/\/www.youtube.com\/embed\/videoseries?list=PLiB0DlgbaQ3K94qrmDgVWgqQB-FoDnWyA&amp;hl=es_ES\" width=\"640\" height=\"360\" frameborder=\"0\"><\/iframe><\/p>\n","protected":false},"excerpt":{"rendered":"<p>Aquesta ruta ens dur\u00e0 pels espais m\u00e9s espirituals del districte. Descobriu l\u2019origen de les esgl\u00e9sies de Nou Barris o del<\/p>\n","protected":false},"author":1,"featured_media":0,"parent":0,"menu_order":0,"comment_status":"closed","ping_status":"closed","template":"","meta":{"_monsterinsights_skip_tracking":false,"_monsterinsights_sitenote_active":false,"_monsterinsights_sitenote_note":"","_monsterinsights_sitenote_category":0,"jetpack_post_was_ever_published":false,"footnotes":""},"class_list":["post-44","page","type-page","status-publish","hentry"],"aioseo_notices":[],"jetpack_shortlink":"https:\/\/wp.me\/P5AnUm-I","jetpack-related-posts":[],"jetpack_sharing_enabled":true,"_links":{"self":[{"href":"https:\/\/www.noubarris.net\/relligantnb\/index.php?rest_route=\/wp\/v2\/pages\/44"}],"collection":[{"href":"https:\/\/www.noubarris.net\/relligantnb\/index.php?rest_route=\/wp\/v2\/pages"}],"about":[{"href":"https:\/\/www.noubarris.net\/relligantnb\/index.php?rest_route=\/wp\/v2\/types\/page"}],"author":[{"embeddable":true,"href":"https:\/\/www.noubarris.net\/relligantnb\/index.php?rest_route=\/wp\/v2\/users\/1"}],"replies":[{"embeddable":true,"href":"https:\/\/www.noubarris.net\/relligantnb\/index.php?rest_route=%2Fwp%2Fv2%2Fcomments&post=44"}],"version-history":[{"count":0,"href":"https:\/\/www.noubarris.net\/relligantnb\/index.php?rest_route=\/wp\/v2\/pages\/44\/revisions"}],"wp:attachment":[{"href":"https:\/\/www.noubarris.net\/relligantnb\/index.php?rest_route=%2Fwp%2Fv2%2Fmedia&parent=44"}],"curies":[{"name":"wp","href":"https:\/\/api.w.org\/{rel}","templated":true}]}}