{"id":55,"date":"2012-11-21T11:55:38","date_gmt":"2012-11-21T11:55:38","guid":{"rendered":"http:\/\/www.noubarris.net\/relligant9b\/?page_id=55"},"modified":"2016-07-15T15:41:17","modified_gmt":"2016-07-15T14:41:17","slug":"ruta-per-les-masies","status":"publish","type":"page","link":"https:\/\/www.noubarris.net\/relligantnb\/?page_id=55","title":{"rendered":"Ruta per les masies"},"content":{"rendered":"<p style=\"text-align: justify;\">Ens acompanyeu per la hist\u00f2ria agr\u00edcola del districte? En aquest recorregut descobrireu quines eren les masies que hi havia a Nou Barris, on es trobaven i a quins conreus es dedicaven. Un passat ja desaparegut per\u00f2 del que encara es conserven molts testimonis.<\/p>\n<p><img loading=\"lazy\" decoding=\"async\" class=\"alignright wp-image-529\" style=\"line-height: 32px; font-size: 16px; margin: 10px; border: 0px;\" title=\"Ruta per les masies\" src=\"http:\/\/www.noubarris.net\/relligantnb\/wp-content\/uploads\/Ruta-per-les-masies-234x300.png\" alt=\"\" width=\"234\" height=\"300\" srcset=\"https:\/\/www.noubarris.net\/relligantnb\/wp-content\/uploads\/Ruta-per-les-masies-234x300.png 234w, https:\/\/www.noubarris.net\/relligantnb\/wp-content\/uploads\/Ruta-per-les-masies.png 310w\" sizes=\"(max-width: 234px) 100vw, 234px\" \/><\/p>\n<ul>\n<li style=\"text-align: justify;\"><em>Podeu comen\u00e7ar la ruta a la masia de Can Valent, a l\u2019avinguda Rio de Janeiro. (Bus: 36 i 132).<\/em><\/li>\n<li style=\"text-align: justify;\"><em>Seguint pel mateix carrer i a pocs metres, al carrer de Piferrer trobareu la masia de Can Verdaguer.<\/em><\/li>\n<li style=\"text-align: justify;\"><em>A continuaci\u00f3 podeu seguir pel carrer de Piferrer fins al Passeig de Fabra i Puig. Podeu seguir per aquest passeig, passant a tocar de la Parr\u00f2quia de Santa Eul\u00e0lia de Vilapicina, fins a l\u2019Avinguda Borb\u00f3. Seguiu per aquesta via fins al carrer de Cartell\u00e0. Tombant a l\u2019esquerra pel carrer de Santa Fe trobareu la masia de la Torre Llobeta.<\/em><\/li>\n<li style=\"text-align: justify;\"><em>Tornant de nou al carrer de Cartell\u00e0 seguim fins al carrer d\u2019Amilcar i creuem el Passeig de Fabra i Puig. A pocs metres, despr\u00e9s de creuar el Passatge Grau arribarem a Ca n\u2019Art\u00e8s i Can Bast\u00e9.<\/em><\/li>\n<li style=\"text-align: justify;\"><em>El carrer de Sant Iscle ens portar\u00e0 directe al Parc Central de Nou Barris, on trobarem la seg\u00fcent parada, la masia de Can Carreras<\/em><\/li>\n<li style=\"text-align: justify;\"><em>Des de Can Carreras us podeu dirigir cap a la pla\u00e7a de Karl Marx pel carrer de Vilalba dels Arcs. Despr\u00e9s de fer mitja volta a la pla\u00e7a trobareu, al cant\u00f3 muntanya, el cam\u00ed antic de Sant Llatzer. Seguint aquest cam\u00ed, i creuant la Carretera Alta de les Roquetes, trobareu la pista que us dur\u00e0 a Can Masdeu.<\/em><\/li>\n<\/ul>\n<p><strong>Elements:<\/strong><\/p>\n<ol>\n<li><a href=\"http:\/\/www.noubarris.net\/relligantnb\/?p=190\">Can Valent<\/a><\/li>\n<li><a href=\"http:\/\/www.noubarris.net\/relligantnb\/?p=192\">Can Verdaguer<\/a><\/li>\n<li><a href=\"http:\/\/www.noubarris.net\/relligantnb\/?p=188\">Can Art\u00e8s<\/a><\/li>\n<li><a href=\"http:\/\/www.noubarris.net\/relligantnb\/?p=182\">Can Bast\u00e9<\/a><\/li>\n<li><a href=\"http:\/\/www.noubarris.net\/relligantnb\/?p=194\">Can Carreras<\/a><\/li>\n<li><a href=\"http:\/\/www.noubarris.net\/relligantnb\/?p=1338\">Can Masdeu<\/a><\/li>\n<li><a href=\"http:\/\/www.noubarris.net\/relligantnb\/?p=184\">Torre Llobeta<\/a><\/li>\n<\/ol>\n<div style=\"text-align: justify;\">\n<p><strong><span style=\"font-size: 15.555556297302246px; line-height: 26.666667938232422px;\">Ubicacions dels elements de\u00a0<\/span><span style=\"font-size: 15.555556297302246px; line-height: 26.666667938232422px;\">la ruta:<\/span><\/strong><\/p>\n<\/div>\n<p><iframe loading=\"lazy\" src=\"https:\/\/maps.google.es\/maps\/ms?msa=0&amp;msid=201141552239115119793.0004ccbb8c81d55ff0b94&amp;ie=UTF8&amp;t=m&amp;ll=41.432077,2.17422&amp;spn=0.011261,0.026822&amp;z=15&amp;output=embed\" width=\"640\" height=\"360\" frameborder=\"0\" marginwidth=\"0\" marginheight=\"0\" scrolling=\"no\"><\/iframe><br \/>\n<small>Mostra <a href=\"https:\/\/maps.google.es\/maps\/ms?msa=0&amp;msid=201141552239115119793.0004ccbb8c81d55ff0b94&amp;ie=UTF8&amp;t=m&amp;ll=41.432077,2.17422&amp;spn=0.011261,0.026822&amp;z=15&amp;source=embed\">Ruta per les masies<\/a> en un mapa m\u00e9s gran<\/small><\/p>\n<p><strong>Llista de v\u00eddeos de la ruta:<\/strong><\/p>\n<p><iframe loading=\"lazy\" src=\"http:\/\/www.youtube.com\/embed\/videoseries?list=PLiB0DlgbaQ3IfkEEON3mRY7hCapujJ3vV&amp;hl=es_ES\" width=\"640\" height=\"360\" frameborder=\"0\"><\/iframe><\/p>\n","protected":false},"excerpt":{"rendered":"<p>Ens acompanyeu per la hist\u00f2ria agr\u00edcola del districte? En aquest recorregut descobrireu quines eren les masies que hi havia a<\/p>\n","protected":false},"author":1,"featured_media":0,"parent":0,"menu_order":0,"comment_status":"closed","ping_status":"closed","template":"","meta":{"_monsterinsights_skip_tracking":false,"_monsterinsights_sitenote_active":false,"_monsterinsights_sitenote_note":"","_monsterinsights_sitenote_category":0,"jetpack_post_was_ever_published":false,"footnotes":""},"class_list":["post-55","page","type-page","status-publish","hentry"],"aioseo_notices":[],"jetpack_shortlink":"https:\/\/wp.me\/P5AnUm-T","jetpack-related-posts":[],"jetpack_sharing_enabled":true,"_links":{"self":[{"href":"https:\/\/www.noubarris.net\/relligantnb\/index.php?rest_route=\/wp\/v2\/pages\/55"}],"collection":[{"href":"https:\/\/www.noubarris.net\/relligantnb\/index.php?rest_route=\/wp\/v2\/pages"}],"about":[{"href":"https:\/\/www.noubarris.net\/relligantnb\/index.php?rest_route=\/wp\/v2\/types\/page"}],"author":[{"embeddable":true,"href":"https:\/\/www.noubarris.net\/relligantnb\/index.php?rest_route=\/wp\/v2\/users\/1"}],"replies":[{"embeddable":true,"href":"https:\/\/www.noubarris.net\/relligantnb\/index.php?rest_route=%2Fwp%2Fv2%2Fcomments&post=55"}],"version-history":[{"count":0,"href":"https:\/\/www.noubarris.net\/relligantnb\/index.php?rest_route=\/wp\/v2\/pages\/55\/revisions"}],"wp:attachment":[{"href":"https:\/\/www.noubarris.net\/relligantnb\/index.php?rest_route=%2Fwp%2Fv2%2Fmedia&parent=55"}],"curies":[{"name":"wp","href":"https:\/\/api.w.org\/{rel}","templated":true}]}}