{"id":63,"date":"2012-11-21T12:38:51","date_gmt":"2012-11-21T12:38:51","guid":{"rendered":"http:\/\/www.noubarris.net\/relligant9b\/?page_id=63"},"modified":"2018-01-09T09:06:38","modified_gmt":"2018-01-09T08:06:38","slug":"inicial","status":"publish","type":"page","link":"https:\/\/www.noubarris.net\/relligantnb\/?page_id=63","title":{"rendered":"Qui som?"},"content":{"rendered":"<p style=\"text-align: justify;\">Relligant Nou Barris \u00e9s un projecte de\u00a0<a title=\"Noubarris.net\" href=\"http:\/\/www.noubarris.net\/web40\/index.php\" target=\"_blank\"><strong>Projectart &#8211; Televisi\u00f3 de Nou Barris<\/strong><\/a>, de\u00a0l<strong>\u2019<a title=\"Arxiu Hist\u00f2ric de Roquetes Nou Barris\" href=\"http:\/\/arxiuhistoric.blogspot.com.es\/\" target=\"_blank\">Arxiu Hist\u00f2ric de Roquetes Nou Barris<\/a><\/strong>\u00a0i del <strong>Grup d\u2019Hist\u00f2ria de Nou Barris &#8211; Can Bast\u00e9<\/strong>\u00a0i que compta amb el suport de l&#8217;<a title=\"Districte Municipal de Nou Barris\" href=\"http:\/\/w110.bcn.cat\/portal\/site\/NouBarris\" target=\"_blank\"><strong>Ajuntament de Barcelona: Districte de Nou Barris<\/strong><\/a>. Aquest projecte pren el seu nom del llibre Relligant Nou Barris de Francesc Pujol i Mart\u00ednez per fer un petit homenatge a una persona que ens ha servit de refer\u00e8ncia en aquesta tasca de recuperaci\u00f3 de la mem\u00f2ria hist\u00f2rica.<\/p>\n<p style=\"text-align: justify;\"><strong>Projectart &#8211; Nou Barris Televisi\u00f3<\/strong><\/p>\n<p style=\"text-align: justify;\">L\u2019Associaci\u00f3 Projectart \u00e9s una entitat de Nou Barris, sense \u00e0nim de lucre, creada el 1987 que treballa en els \u00e0mbits de la comunicaci\u00f3 local, l\u2019audiovisual, la formaci\u00f3 t\u00e8cnica i la tecnol\u00f2gica aplicada a la comunicaci\u00f3.<\/p>\n<p style=\"text-align: justify;\">Des dels seus inicis Projectart ha promogut projectes com Connectar-se per Cooperar, Nou Barris Net, TRIA Nou Barris, activitats amb escoles al voltant de la televisi\u00f3 i internet, la creaci\u00f3 d\u2019un arxiu audiovisual del districte de Nou Barris i moltes d\u2019altres activitats audiovisuals, de cooperaci\u00f3 i de dinamitzaci\u00f3 cultural i social al districte. Projectart \u00e9s tamb\u00e9 l\u2019entitat que gestiona Nou Barris Televisi\u00f3.<\/p>\n<p style=\"text-align: justify;\">L&#8217;origen de Nou Barris Televisi\u00f3 el trobem l\u2019any 1985, quan un grup de joves apassionats pel m\u00f3n audiovisual, amb molta iniciativa i empenta, van iniciar les emissions de Tele Llobeta. Aquest projecte amb el temps va cr\u00e8ixer fins a convertir-se en Nou Barris Televisi\u00f3, un mitj\u00e0 local de refer\u00e8ncia al districte. Una televisi\u00f3 plural i que est\u00e0 a l\u00b4abast de tots el ve\u00efns .<\/p>\n<p style=\"text-align: justify;\"><strong>Arxiu Hist\u00f2ric de Roquetes &#8211; Nou Barris<\/strong><\/p>\n<p style=\"text-align: justify;\">L\u2019Arxiu Hist\u00f2ric de Roquetes Nou Barris \u00e9s una entitat sense \u00e0nim de lucre fundada l\u2019any 1983 a l&#8217;Escola d&#8217;Adults Freire, per un grup de persones sensibilitzades a recuperar, preservar, fomentar i difondre la mem\u00f2ria hist\u00f2rica de les barriades que conformen l&#8217;actual districte de Nou Barris.<\/p>\n<p style=\"text-align: justify;\">Els principals objectius de l&#8217;Arxiu s\u00f3n: recollir i divulgar la hist\u00f2ria del districte, oferir un servei de consulta, arxivar i catalogar el fons documental, i possibilitar l&#8217;edici\u00f3 i publicaci\u00f3 de materials. Una de les grans l\u00ednies d&#8217;actuaci\u00f3 ha estat la defensa del patrimoni com a element de recuperaci\u00f3 de les arrels i com a signes d&#8217;identitat.<\/p>\n<p style=\"text-align: justify;\">L&#8217;Arxiu facilita l&#8217;acc\u00e9s lliure i p\u00fablic al fons hist\u00f2ric i documental que s\u2019ha aconseguit a trav\u00e9s del ve\u00efnat com a principal protagonista d&#8217;aquestes hist\u00f2ries i de les seves entitats. Les principals activitats de l\u2019Arxiu s\u00f3n: les Passejades de Barri, les Rutes per Collserola, les Hist\u00f2ries de Caf\u00e8, la Sessi\u00f3 Continua, a m\u00e9s de confer\u00e8ncies, seminaris, exposicions i col\u2022laboracions amb altres associacions i entitats. L\u2019Arxiu tamb\u00e9 publica una revista que surt dues vegades a l\u2019any.<\/p>\n<p style=\"text-align: justify;\"><strong>Grup d\u2019Hist\u00f2ria de Nou Barris &#8211; Can Bast\u00e9<\/strong><\/p>\n<p style=\"text-align: justify;\">El Grup d\u2019Historia de Nou Barris \u2013 Can Bast\u00e9 \u00e9s va anar configurant al llarg de l\u2019any 1996 en el Centre C\u00edvic de Can Bast\u00e9. Els responsables del centre van motivar a un grup de joves per treballar, de manera volunt\u00e0ria, en la recuperaci\u00f3 de la hist\u00f2ria del districte a trav\u00e9s de la hist\u00f2ria oral aprofitant l\u2019aniversari de la Guerra Civil Espanyola (1936-1939). A partir d\u2019aqu\u00ed i fins arribar a la actualitat han passat pel grup diferents persones amb inter\u00e8s per fer investigaci\u00f3 i difusi\u00f3 de la hist\u00f2ria del districte.<\/p>\n<p style=\"text-align: justify;\">Entre les activitats del Grup d&#8217;Hist\u00f2ria destaquen la creaci\u00f3 d\u2019exposicions i itineraris did\u00e0ctics, la organitzaci\u00f3 de cicles de confer\u00e8ncies i les col\u2022laboracions amb entitats de dins i fora del districte: organitzant actes comuns, publicant articles i assessorant treballs de recerca. Aquestes s\u00f3n algunes de les activitats que demostren l&#8217;inter\u00e8s per abordar tots els aspectes de la hist\u00f2ria.<\/p>\n<p style=\"text-align: justify;\">L\u2019evoluci\u00f3 del Grup d\u2019Hist\u00f2ria ha estat relacionada directament amb els diferents tarann\u00e0s dels membres que han passat pel Grup: historiadors, ge\u00f2grafs, professors, periodistes i documentalistes, entre d&#8217;altres. Persones que han deixat sempre la seva petjada en les activitats que s\u2019ha anat organitzant.<\/p>\n","protected":false},"excerpt":{"rendered":"<p>Relligant Nou Barris \u00e9s un projecte de\u00a0Projectart &#8211; Televisi\u00f3 de Nou Barris, de\u00a0l\u2019Arxiu Hist\u00f2ric de Roquetes Nou Barris\u00a0i del Grup<\/p>\n","protected":false},"author":1,"featured_media":0,"parent":0,"menu_order":0,"comment_status":"closed","ping_status":"closed","template":"","meta":{"_monsterinsights_skip_tracking":false,"_monsterinsights_sitenote_active":false,"_monsterinsights_sitenote_note":"","_monsterinsights_sitenote_category":0,"jetpack_post_was_ever_published":false,"footnotes":""},"class_list":["post-63","page","type-page","status-publish","hentry"],"aioseo_notices":[],"jetpack_shortlink":"https:\/\/wp.me\/P5AnUm-11","jetpack-related-posts":[],"jetpack_sharing_enabled":true,"_links":{"self":[{"href":"https:\/\/www.noubarris.net\/relligantnb\/index.php?rest_route=\/wp\/v2\/pages\/63"}],"collection":[{"href":"https:\/\/www.noubarris.net\/relligantnb\/index.php?rest_route=\/wp\/v2\/pages"}],"about":[{"href":"https:\/\/www.noubarris.net\/relligantnb\/index.php?rest_route=\/wp\/v2\/types\/page"}],"author":[{"embeddable":true,"href":"https:\/\/www.noubarris.net\/relligantnb\/index.php?rest_route=\/wp\/v2\/users\/1"}],"replies":[{"embeddable":true,"href":"https:\/\/www.noubarris.net\/relligantnb\/index.php?rest_route=%2Fwp%2Fv2%2Fcomments&post=63"}],"version-history":[{"count":0,"href":"https:\/\/www.noubarris.net\/relligantnb\/index.php?rest_route=\/wp\/v2\/pages\/63\/revisions"}],"wp:attachment":[{"href":"https:\/\/www.noubarris.net\/relligantnb\/index.php?rest_route=%2Fwp%2Fv2%2Fmedia&parent=63"}],"curies":[{"name":"wp","href":"https:\/\/api.w.org\/{rel}","templated":true}]}}