{"id":95,"date":"2012-11-28T10:25:07","date_gmt":"2012-11-28T10:25:07","guid":{"rendered":"http:\/\/www.noubarris.net\/relligantnb\/?page_id=95"},"modified":"2017-05-08T16:12:03","modified_gmt":"2017-05-08T15:12:03","slug":"rutas","status":"publish","type":"page","link":"https:\/\/www.noubarris.net\/relligantnb\/?page_id=95","title":{"rendered":"Rutes"},"content":{"rendered":"<p style=\"text-align: justify;\">Us convidem a descobrir el districte amb un seguit de rutes tem\u00e0tiques. Seguint els mapes que trobareu a la web podreu passejar pels punts qr coneixent diversos aspectes de la hist\u00f2ria de Nou Barris. Des de la hist\u00f2ria de les masies a les urbanitzacions del segle XX, passant pels equipaments, els monuments o les lluites ve\u00efnals que han marcat Nou Barris. Un espai que s\u2019anir\u00e0 ampliant en el futur amb noves rutes.<\/p>\n<p style=\"text-align: justify;\">\u00a0Llistat de les Rutes:<\/p>\n<ul>\n<li><a title=\"Ruta per les Masies\" href=\"http:\/\/www.noubarris.net\/relligantnb\/?page_id=55\">Ruta per les Masies<\/a><\/li>\n<li><a title=\"Ruta pels espais de culte\" href=\"http:\/\/www.noubarris.net\/relligantnb\/?page_id=44\">Ruta pels espais de culte<\/a><\/li>\n<li><a title=\"Ruta d'escultures i monuments\" href=\"http:\/\/www.noubarris.net\/relligantnb\/?page_id=42\">Ruta d&#8217;escultures i monuments<\/a><\/li>\n<li><a title=\"Ruta d'equipaments\" href=\"http:\/\/www.noubarris.net\/relligantnb\/?page_id=38\">Ruta d&#8217;equipaments<\/a><\/li>\n<li><a title=\"Ruta d'espais singulars\" href=\"http:\/\/www.noubarris.net\/relligantnb\/?page_id=33\">Ruta d&#8217;espais singulars<\/a><\/li>\n<li><a title=\"Ruta del Segle XX\" href=\"http:\/\/www.noubarris.net\/relligantnb\/?page_id=31\">Ruta del Segle XX<\/a><\/li>\n<li><a title=\"Ruta de l'aigua\" href=\"http:\/\/www.noubarris.net\/relligantnb\/?page_id=16\">Ruta de l&#8217;aigua<\/a><\/li>\n<li><a href=\"http:\/\/www.noubarris.net\/relligantnb\/?page_id=1351\">Ruta de Collserola<\/a><\/li>\n<li><a href=\"http:\/\/www.noubarris.net\/relligantnb\/?page_id=1356\">Ruta dels Carrers i els Barris<\/a><\/li>\n<li><a href=\"http:\/\/www.noubarris.net\/relligantnb\/?page_id=2468\" target=\"_blank\" rel=\"noopener noreferrer\">Ruta de les places<\/a><\/li>\n<\/ul>\n<div><\/div>\n","protected":false},"excerpt":{"rendered":"<p>Us convidem a descobrir el districte amb un seguit de rutes tem\u00e0tiques. Seguint els mapes que trobareu a la web<\/p>\n","protected":false},"author":1,"featured_media":0,"parent":0,"menu_order":0,"comment_status":"closed","ping_status":"closed","template":"","meta":{"_monsterinsights_skip_tracking":false,"_monsterinsights_sitenote_active":false,"_monsterinsights_sitenote_note":"","_monsterinsights_sitenote_category":0,"jetpack_post_was_ever_published":false,"footnotes":""},"class_list":["post-95","page","type-page","status-publish","hentry"],"aioseo_notices":[],"jetpack_shortlink":"https:\/\/wp.me\/P5AnUm-1x","jetpack-related-posts":[],"jetpack_sharing_enabled":true,"_links":{"self":[{"href":"https:\/\/www.noubarris.net\/relligantnb\/index.php?rest_route=\/wp\/v2\/pages\/95"}],"collection":[{"href":"https:\/\/www.noubarris.net\/relligantnb\/index.php?rest_route=\/wp\/v2\/pages"}],"about":[{"href":"https:\/\/www.noubarris.net\/relligantnb\/index.php?rest_route=\/wp\/v2\/types\/page"}],"author":[{"embeddable":true,"href":"https:\/\/www.noubarris.net\/relligantnb\/index.php?rest_route=\/wp\/v2\/users\/1"}],"replies":[{"embeddable":true,"href":"https:\/\/www.noubarris.net\/relligantnb\/index.php?rest_route=%2Fwp%2Fv2%2Fcomments&post=95"}],"version-history":[{"count":0,"href":"https:\/\/www.noubarris.net\/relligantnb\/index.php?rest_route=\/wp\/v2\/pages\/95\/revisions"}],"wp:attachment":[{"href":"https:\/\/www.noubarris.net\/relligantnb\/index.php?rest_route=%2Fwp%2Fv2%2Fmedia&parent=95"}],"curies":[{"name":"wp","href":"https:\/\/api.w.org\/{rel}","templated":true}]}}