{"id":83201,"date":"2024-09-16T20:07:13","date_gmt":"2024-09-16T18:07:13","guid":{"rendered":"https:\/\/www.noubarris.net\/web40\/?page_id=83201"},"modified":"2024-12-05T12:24:43","modified_gmt":"2024-12-05T10:24:43","slug":"vols-fer-tele","status":"publish","type":"page","link":"https:\/\/www.noubarris.net\/web40\/vols-fer-tele\/","title":{"rendered":"Vols fer tele?"},"content":{"rendered":"<div id=\"pl-83201\"  class=\"panel-layout\" ><div id=\"pg-83201-0\"  class=\"panel-grid panel-no-style\" ><div id=\"pgc-83201-0-0\"  class=\"panel-grid-cell\" ><div id=\"panel-83201-0-0-0\" class=\"so-panel widget widget_sow-editor panel-first-child panel-last-child\" data-index=\"0\" ><div\n\t\t\t\n\t\t\tclass=\"so-widget-sow-editor so-widget-sow-editor-base\"\n\t\t\t\n\t\t>\n<div class=\"siteorigin-widget-tinymce textwidget\">\n\t<h2><span style=\"font-weight: 400; color: #800000;\">Fes-te voluntari col\u00b7laborador\/a!<\/span><\/h2>\n<h4><strong><span style=\"color: #808080;\">T\u2019estimes Nou Barris i t\u2019agrada l\u2019audiovisual, el periodisme i les noves tecnologies?<\/span><\/strong><\/h4>\n<h4><strong><span style=\"color: #808080;\">A Nou Barris TV pots desenvolupar les teves inquietuds.<\/span><\/strong><\/h4>\n<p><img loading=\"lazy\" decoding=\"async\" class=\"aligncenter wp-image-83231 size-medium\" title=\"Foto de Korie Cull a Unsplash\" src=\"https:\/\/www.noubarris.net\/web40\/wp-content\/uploads\/2024\/09\/korie-cull-YXdrb9qr8cs-unsplash-225x300.jpg\" alt=\"Foto de Korie Cull a Unsplash\" width=\"225\" height=\"300\" srcset=\"https:\/\/www.noubarris.net\/web40\/wp-content\/uploads\/2024\/09\/korie-cull-YXdrb9qr8cs-unsplash-225x300.jpg 225w, https:\/\/www.noubarris.net\/web40\/wp-content\/uploads\/2024\/09\/korie-cull-YXdrb9qr8cs-unsplash-768x1024.jpg 768w, https:\/\/www.noubarris.net\/web40\/wp-content\/uploads\/2024\/09\/korie-cull-YXdrb9qr8cs-unsplash-600x800.jpg 600w, https:\/\/www.noubarris.net\/web40\/wp-content\/uploads\/2024\/09\/korie-cull-YXdrb9qr8cs-unsplash-1152x1536.jpg 1152w, https:\/\/www.noubarris.net\/web40\/wp-content\/uploads\/2024\/09\/korie-cull-YXdrb9qr8cs-unsplash-1536x2048.jpg 1536w, https:\/\/www.noubarris.net\/web40\/wp-content\/uploads\/2024\/09\/korie-cull-YXdrb9qr8cs-unsplash-scaled.jpg 1920w\" sizes=\"auto, (max-width: 225px) 100vw, 225px\" \/><\/p>\n<p><span style=\"color: #808080;\"><strong>Des de 1985 treballem per mantenir els ve\u00efns de Nou Barris informats amb els millors reportatges audiovisuals i escrits.<\/strong><\/span><\/p>\n<p><img loading=\"lazy\" decoding=\"async\" class=\"aligncenter wp-image-83230 size-medium\" title=\"Foto de Brad Neathery a Unsplash\" src=\"https:\/\/www.noubarris.net\/web40\/wp-content\/uploads\/2024\/09\/brad-neathery-XrSzacdYbtQ-unsplash-300x225.jpg\" alt=\"Foto de Brad Neathery a Unsplash\" width=\"300\" height=\"225\" srcset=\"https:\/\/www.noubarris.net\/web40\/wp-content\/uploads\/2024\/09\/brad-neathery-XrSzacdYbtQ-unsplash-300x225.jpg 300w, https:\/\/www.noubarris.net\/web40\/wp-content\/uploads\/2024\/09\/brad-neathery-XrSzacdYbtQ-unsplash-1024x768.jpg 1024w, https:\/\/www.noubarris.net\/web40\/wp-content\/uploads\/2024\/09\/brad-neathery-XrSzacdYbtQ-unsplash-768x576.jpg 768w, https:\/\/www.noubarris.net\/web40\/wp-content\/uploads\/2024\/09\/brad-neathery-XrSzacdYbtQ-unsplash-600x450.jpg 600w, https:\/\/www.noubarris.net\/web40\/wp-content\/uploads\/2024\/09\/brad-neathery-XrSzacdYbtQ-unsplash-1536x1152.jpg 1536w, https:\/\/www.noubarris.net\/web40\/wp-content\/uploads\/2024\/09\/brad-neathery-XrSzacdYbtQ-unsplash-2048x1536.jpg 2048w\" sizes=\"auto, (max-width: 300px) 100vw, 300px\" \/><\/p>\n<h5><span style=\"font-weight: 400; color: #800000;\">Pots ser\u2026\u00a0<\/span><\/h5>\n<ul>\n<li style=\"font-weight: 400;\" aria-level=\"1\"><span style=\"font-weight: 400;\">Reporter\/a<\/span><\/li>\n<li style=\"font-weight: 400;\" aria-level=\"1\"><span style=\"font-weight: 400;\">Periodista<\/span><\/li>\n<li style=\"font-weight: 400;\" aria-level=\"1\"><span style=\"font-weight: 400;\">Presentador\/a<\/span><\/li>\n<li style=\"font-weight: 400;\" aria-level=\"1\"><span style=\"font-weight: 400;\">Dissenyador\/a<\/span><\/li>\n<li style=\"font-weight: 400;\" aria-level=\"1\"><span style=\"font-weight: 400;\">Arxiver\/a<\/span><\/li>\n<li style=\"font-weight: 400;\" aria-level=\"1\"><span style=\"font-weight: 400;\">I mooolt m\u00e9s!<\/span><\/li>\n<\/ul>\n<p>&nbsp;<\/p>\n<h5><span style=\"font-weight: 400; color: #800000;\">Qu\u00e8 t\u2019oferim:<\/span><\/h5>\n<ul>\n<li style=\"font-weight: 400;\" aria-level=\"1\"><span style=\"font-weight: 400;\">Participar en la creaci\u00f3 del contingut de Nou Barris TV: reportatges d\u2019actualitat, not\u00edcies per la web, podcasts, reportatges sobre Nou Barris, Projecte \u201cRelligant Nou Barris\u201d...<\/span><\/li>\n<li style=\"font-weight: 400;\" aria-level=\"1\"><span style=\"font-weight: 400;\">\u00das de recursos t\u00e8cnics per desenvolupar les teves idees (plat\u00f3, equip podcast, sala edici\u00f3, equip audiovisual\u2026)<\/span><\/li>\n<li style=\"font-weight: 400;\" aria-level=\"1\"><span style=\"font-weight: 400;\">Aportar les teves idees per crear contingut i impulsar el teixit associatiu, comercial i ve\u00efnal de Nou Barris<\/span><\/li>\n<li style=\"font-weight: 400;\" aria-level=\"1\"><span style=\"font-weight: 400;\">Formaci\u00f3 gratu\u00efta i a preus especials en el camp de les noves tecnologies de la informaci\u00f3 i la Intel\u00b7lig\u00e8ncia artificial<\/span><\/li>\n<\/ul>\n<p><img loading=\"lazy\" decoding=\"async\" class=\"aligncenter wp-image-83232 size-large\" src=\"https:\/\/www.noubarris.net\/web40\/wp-content\/uploads\/2024\/09\/sebastian-pandelache-unsplash-1024x683.jpg\" alt=\"\" width=\"800\" height=\"534\" srcset=\"https:\/\/www.noubarris.net\/web40\/wp-content\/uploads\/2024\/09\/sebastian-pandelache-unsplash-1024x683.jpg 1024w, https:\/\/www.noubarris.net\/web40\/wp-content\/uploads\/2024\/09\/sebastian-pandelache-unsplash-300x200.jpg 300w, https:\/\/www.noubarris.net\/web40\/wp-content\/uploads\/2024\/09\/sebastian-pandelache-unsplash-768x512.jpg 768w, https:\/\/www.noubarris.net\/web40\/wp-content\/uploads\/2024\/09\/sebastian-pandelache-unsplash-600x400.jpg 600w, https:\/\/www.noubarris.net\/web40\/wp-content\/uploads\/2024\/09\/sebastian-pandelache-unsplash-1536x1024.jpg 1536w, https:\/\/www.noubarris.net\/web40\/wp-content\/uploads\/2024\/09\/sebastian-pandelache-unsplash-2048x1366.jpg 2048w, https:\/\/www.noubarris.net\/web40\/wp-content\/uploads\/2024\/09\/sebastian-pandelache-unsplash-272x182.jpg 272w\" sizes=\"auto, (max-width: 800px) 100vw, 800px\" \/><\/p>\n<h4><span style=\"font-weight: 400; color: #800000;\">Informa\u2019t o apunta\u2019t <a href=\"https:\/\/www.noubarris.net\/web40\/?page_id=5472\">aqu\u00ed<\/a>!<\/span><\/h4>\n<\/div>\n<\/div><\/div><\/div><\/div><\/div>","protected":false},"excerpt":{"rendered":"<p>Fes-te voluntari col\u00b7laborador\/a! T\u2019estimes Nou Barris i t\u2019agrada l\u2019audiovisual, el periodisme i les noves tecnologies? A Nou Barris TV pots<\/p>\n","protected":false},"author":2,"featured_media":0,"parent":0,"menu_order":0,"comment_status":"closed","ping_status":"closed","template":"","meta":{"colormag_page_layout":"default_layout","_monsterinsights_skip_tracking":false,"_monsterinsights_sitenote_active":false,"_monsterinsights_sitenote_note":"","_monsterinsights_sitenote_category":0,"footnotes":""},"class_list":["post-83201","page","type-page","status-publish","hentry"],"yoast_head":"<!-- This site is optimized with the Yoast SEO plugin v25.3 - https:\/\/yoast.com\/wordpress\/plugins\/seo\/ -->\n<title>Vols fer tele? - NouBarris.Net<\/title>\n<meta name=\"robots\" content=\"index, follow, max-snippet:-1, max-image-preview:large, max-video-preview:-1\" \/>\n<link rel=\"canonical\" href=\"https:\/\/www.noubarris.net\/web40\/vols-fer-tele\/\" \/>\n<meta property=\"og:locale\" content=\"ca_ES\" \/>\n<meta property=\"og:type\" content=\"article\" \/>\n<meta property=\"og:title\" content=\"Vols fer tele? - NouBarris.Net\" \/>\n<meta property=\"og:description\" content=\"Fes-te voluntari col\u00b7laborador\/a! T\u2019estimes Nou Barris i t\u2019agrada l\u2019audiovisual, el periodisme i les noves tecnologies? A Nou Barris TV pots\" \/>\n<meta property=\"og:url\" content=\"https:\/\/www.noubarris.net\/web40\/vols-fer-tele\/\" \/>\n<meta property=\"og:site_name\" content=\"NouBarris.Net\" \/>\n<meta property=\"article:publisher\" content=\"https:\/\/www.facebook.com\/NouBarris.net\/?locale=es_ES\" \/>\n<meta property=\"article:modified_time\" content=\"2024-12-05T10:24:43+00:00\" \/>\n<meta name=\"twitter:card\" content=\"summary_large_image\" \/>\n<meta name=\"twitter:site\" content=\"@9BTV\" \/>\n<script type=\"application\/ld+json\" class=\"yoast-schema-graph\">{\"@context\":\"https:\/\/schema.org\",\"@graph\":[{\"@type\":\"WebPage\",\"@id\":\"https:\/\/www.noubarris.net\/web40\/vols-fer-tele\/\",\"url\":\"https:\/\/www.noubarris.net\/web40\/vols-fer-tele\/\",\"name\":\"Vols fer tele? - NouBarris.Net\",\"isPartOf\":{\"@id\":\"https:\/\/www.noubarris.net\/web40\/#website\"},\"datePublished\":\"2024-09-16T18:07:13+00:00\",\"dateModified\":\"2024-12-05T10:24:43+00:00\",\"breadcrumb\":{\"@id\":\"https:\/\/www.noubarris.net\/web40\/vols-fer-tele\/#breadcrumb\"},\"inLanguage\":\"ca\",\"potentialAction\":[{\"@type\":\"ReadAction\",\"target\":[\"https:\/\/www.noubarris.net\/web40\/vols-fer-tele\/\"]}]},{\"@type\":\"BreadcrumbList\",\"@id\":\"https:\/\/www.noubarris.net\/web40\/vols-fer-tele\/#breadcrumb\",\"itemListElement\":[{\"@type\":\"ListItem\",\"position\":1,\"name\":\"Inici\",\"item\":\"https:\/\/www.noubarris.net\/web40\/\"},{\"@type\":\"ListItem\",\"position\":2,\"name\":\"Vols fer tele?\"}]},{\"@type\":\"WebSite\",\"@id\":\"https:\/\/www.noubarris.net\/web40\/#website\",\"url\":\"https:\/\/www.noubarris.net\/web40\/\",\"name\":\"NouBarris.Net\",\"description\":\"Seguint la vida de Nou Barris des de 1985\",\"publisher\":{\"@id\":\"https:\/\/www.noubarris.net\/web40\/#organization\"},\"potentialAction\":[{\"@type\":\"SearchAction\",\"target\":{\"@type\":\"EntryPoint\",\"urlTemplate\":\"https:\/\/www.noubarris.net\/web40\/?s={search_term_string}\"},\"query-input\":{\"@type\":\"PropertyValueSpecification\",\"valueRequired\":true,\"valueName\":\"search_term_string\"}}],\"inLanguage\":\"ca\"},{\"@type\":\"Organization\",\"@id\":\"https:\/\/www.noubarris.net\/web40\/#organization\",\"name\":\"NouBarris.Net\",\"url\":\"https:\/\/www.noubarris.net\/web40\/\",\"logo\":{\"@type\":\"ImageObject\",\"inLanguage\":\"ca\",\"@id\":\"https:\/\/www.noubarris.net\/web40\/#\/schema\/logo\/image\/\",\"url\":\"https:\/\/www.noubarris.net\/web40\/wp-content\/uploads\/2024\/11\/cropped-cropped-LOGO_9BTV-2024_Insta-1.jpg\",\"contentUrl\":\"https:\/\/www.noubarris.net\/web40\/wp-content\/uploads\/2024\/11\/cropped-cropped-LOGO_9BTV-2024_Insta-1.jpg\",\"width\":512,\"height\":512,\"caption\":\"NouBarris.Net\"},\"image\":{\"@id\":\"https:\/\/www.noubarris.net\/web40\/#\/schema\/logo\/image\/\"},\"sameAs\":[\"https:\/\/www.facebook.com\/NouBarris.net\/?locale=es_ES\",\"https:\/\/x.com\/9BTV\"]}]}<\/script>\n<!-- \/ Yoast SEO plugin. -->","yoast_head_json":{"title":"Vols fer tele? - NouBarris.Net","robots":{"index":"index","follow":"follow","max-snippet":"max-snippet:-1","max-image-preview":"max-image-preview:large","max-video-preview":"max-video-preview:-1"},"canonical":"https:\/\/www.noubarris.net\/web40\/vols-fer-tele\/","og_locale":"ca_ES","og_type":"article","og_title":"Vols fer tele? - NouBarris.Net","og_description":"Fes-te voluntari col\u00b7laborador\/a! T\u2019estimes Nou Barris i t\u2019agrada l\u2019audiovisual, el periodisme i les noves tecnologies? A Nou Barris TV pots","og_url":"https:\/\/www.noubarris.net\/web40\/vols-fer-tele\/","og_site_name":"NouBarris.Net","article_publisher":"https:\/\/www.facebook.com\/NouBarris.net\/?locale=es_ES","article_modified_time":"2024-12-05T10:24:43+00:00","twitter_card":"summary_large_image","twitter_site":"@9BTV","schema":{"@context":"https:\/\/schema.org","@graph":[{"@type":"WebPage","@id":"https:\/\/www.noubarris.net\/web40\/vols-fer-tele\/","url":"https:\/\/www.noubarris.net\/web40\/vols-fer-tele\/","name":"Vols fer tele? - NouBarris.Net","isPartOf":{"@id":"https:\/\/www.noubarris.net\/web40\/#website"},"datePublished":"2024-09-16T18:07:13+00:00","dateModified":"2024-12-05T10:24:43+00:00","breadcrumb":{"@id":"https:\/\/www.noubarris.net\/web40\/vols-fer-tele\/#breadcrumb"},"inLanguage":"ca","potentialAction":[{"@type":"ReadAction","target":["https:\/\/www.noubarris.net\/web40\/vols-fer-tele\/"]}]},{"@type":"BreadcrumbList","@id":"https:\/\/www.noubarris.net\/web40\/vols-fer-tele\/#breadcrumb","itemListElement":[{"@type":"ListItem","position":1,"name":"Inici","item":"https:\/\/www.noubarris.net\/web40\/"},{"@type":"ListItem","position":2,"name":"Vols fer tele?"}]},{"@type":"WebSite","@id":"https:\/\/www.noubarris.net\/web40\/#website","url":"https:\/\/www.noubarris.net\/web40\/","name":"NouBarris.Net","description":"Seguint la vida de Nou Barris des de 1985","publisher":{"@id":"https:\/\/www.noubarris.net\/web40\/#organization"},"potentialAction":[{"@type":"SearchAction","target":{"@type":"EntryPoint","urlTemplate":"https:\/\/www.noubarris.net\/web40\/?s={search_term_string}"},"query-input":{"@type":"PropertyValueSpecification","valueRequired":true,"valueName":"search_term_string"}}],"inLanguage":"ca"},{"@type":"Organization","@id":"https:\/\/www.noubarris.net\/web40\/#organization","name":"NouBarris.Net","url":"https:\/\/www.noubarris.net\/web40\/","logo":{"@type":"ImageObject","inLanguage":"ca","@id":"https:\/\/www.noubarris.net\/web40\/#\/schema\/logo\/image\/","url":"https:\/\/www.noubarris.net\/web40\/wp-content\/uploads\/2024\/11\/cropped-cropped-LOGO_9BTV-2024_Insta-1.jpg","contentUrl":"https:\/\/www.noubarris.net\/web40\/wp-content\/uploads\/2024\/11\/cropped-cropped-LOGO_9BTV-2024_Insta-1.jpg","width":512,"height":512,"caption":"NouBarris.Net"},"image":{"@id":"https:\/\/www.noubarris.net\/web40\/#\/schema\/logo\/image\/"},"sameAs":["https:\/\/www.facebook.com\/NouBarris.net\/?locale=es_ES","https:\/\/x.com\/9BTV"]}]}},"_links":{"self":[{"href":"https:\/\/www.noubarris.net\/web40\/wp-json\/wp\/v2\/pages\/83201","targetHints":{"allow":["GET"]}}],"collection":[{"href":"https:\/\/www.noubarris.net\/web40\/wp-json\/wp\/v2\/pages"}],"about":[{"href":"https:\/\/www.noubarris.net\/web40\/wp-json\/wp\/v2\/types\/page"}],"author":[{"embeddable":true,"href":"https:\/\/www.noubarris.net\/web40\/wp-json\/wp\/v2\/users\/2"}],"replies":[{"embeddable":true,"href":"https:\/\/www.noubarris.net\/web40\/wp-json\/wp\/v2\/comments?post=83201"}],"version-history":[{"count":9,"href":"https:\/\/www.noubarris.net\/web40\/wp-json\/wp\/v2\/pages\/83201\/revisions"}],"predecessor-version":[{"id":83509,"href":"https:\/\/www.noubarris.net\/web40\/wp-json\/wp\/v2\/pages\/83201\/revisions\/83509"}],"wp:attachment":[{"href":"https:\/\/www.noubarris.net\/web40\/wp-json\/wp\/v2\/media?parent=83201"}],"curies":[{"name":"wp","href":"https:\/\/api.w.org\/{rel}","templated":true}]}}